{"id":5288,"date":"2021-08-25T09:00:10","date_gmt":"2021-08-25T09:00:10","guid":{"rendered":"http:\/\/dummy.xtemos.com\/woodmart2\/?page_id=5288"},"modified":"2023-12-05T14:06:25","modified_gmt":"2023-12-05T14:06:25","slug":"kontaktujte-nas","status":"publish","type":"page","link":"https:\/\/www.vogueluxury.ru\/cs\/kontaktujte-nas\/","title":{"rendered":"Kontaktujte n\u00e1s"},"content":{"rendered":"<section class=\"wpb-content-wrapper\"><div class=\"vc_row wpb_row vc_row-fluid vc_custom_1496926452255 vc_row-o-equal-height vc_row-flex\"><div class=\"wpb_column vc_column_container vc_col-sm-12 vc_col-lg-6 vc_col-md-6 vc_col-has-fill\"><div class=\"vc_column-inner vc_custom_1496927710186\"><div class=\"wpb_wrapper\">\n\t\t<div id=\"wd-69eed659b8242\" class=\"title-wrapper wd-wpb set-mb-s reset-last-child  wd-title-color-default wd-title-style-default text-left  wd-underline-colored\">\n\t\t\t\t\t\t\t<div class=\"title-subtitle  subtitle-color-default font-default subtitle-style-default wd-font-weight- wd-fontsize-xs\">INFORMA\u010cN\u00cd OT\u00c1ZKY<\/div>\n\t\t\t\n\t\t\t<div class=\"liner-continer\">\n\t\t\t\t<h4 class=\"woodmart-title-container title  wd-font-weight- wd-fontsize-l\" >\u010cASTO KLADEN\u00c9 OT\u00c1ZKY<\/h4>\n\t\t\t\t\t\t\t<\/div>\n\t\t\t\n\t\t\t\n\t\t\t\n\t\t<\/div>\n\t\t\n\t\t\n\t\t<div id=\"wd-61825698b13f0\" class=\"wd-accordion wd-wpb wd-rs-61825698b13f0  wd-style-default\" data-state=\"first\">\n\t\t\t\t\t\t\t\n\t\t\t\t\n\t\t\t\t<div class=\"wd-accordion-item\">\n\t\t\t\t\t<div class=\"wd-accordion-title wd-active font-text wd-fontsize-s text-left wd-opener-pos-right wd-font-weight-600\" data-accordion-index=\"0\">\n\t\t\t\t\t\t<div class=\"wd-accordion-title-text\">\n\t\t\t\t\t\t\t\t\t\t\t\t\t\t<span>\n\t\t\t\t\t\t\t\tObdr\u017e\u00edm stejn\u00fd v\u00fdrobek, jak\u00fd vid\u00edm na obr\u00e1zku?\t\t\t\t\t\t\t<\/span>\n\t\t\t\t\t\t<\/div>\n\t\t\t\t\t\t<span class=\"wd-accordion-opener wd-opener-style-arrow\"><\/span>\n\t\t\t\t\t<\/div>\n\n\t\t\t\t\t<div class=\"wd-accordion-content reset-last-child wd-active\" data-accordion-index=\"0\">\n\t\t\t\t\t\t\t\t\t\t\t\t\t<p>V\u0161echny na\u0161e fotografie poch\u00e1zej\u00ed z origin\u00e1ln\u00edch produkt\u016f a produkty, kter\u00e9 obdr\u017e\u00edte, budou p\u0159esn\u011b odpov\u00eddat tomu, co vid\u00edte na fotografi\u00edch. Samoz\u0159ejm\u011b se mohou vyskytnout drobn\u00e9 barevn\u00e9 rozd\u00edly zp\u016fsoben\u00e9 osv\u011btlen\u00edm a dal\u0161\u00edmi faktory, ale jsou v p\u0159ijateln\u00e9m rozmez\u00ed.<\/p>\n<p>Uji\u0161\u0165ujeme v\u00e1s, \u017ee n\u00e1\u0161 t\u00fdm se sna\u017e\u00ed dod\u00e1vat vysoce kvalitn\u00ed repliky, kter\u00e9 spln\u00ed va\u0161e o\u010dek\u00e1v\u00e1n\u00ed. Pokud m\u00e1te n\u011bjak\u00e9 specifick\u00e9 obavy nebo po\u017eadavky, dejte n\u00e1m v\u011bd\u011bt a my se je budeme sna\u017eit vy\u0159e\u0161it.<\/p>\n\t\t\t\t\t\t\t\t\t\t\t<\/div>\n\t\t\t\t<\/div>\n\t\t\t\t\t\t\t\n\t\t\t\t\n\t\t\t\t<div class=\"wd-accordion-item\">\n\t\t\t\t\t<div class=\"wd-accordion-title font-text wd-fontsize-s text-left wd-opener-pos-right wd-font-weight-600\" data-accordion-index=\"1\">\n\t\t\t\t\t\t<div class=\"wd-accordion-title-text\">\n\t\t\t\t\t\t\t\t\t\t\t\t\t\t<span>\n\t\t\t\t\t\t\t\tJsou ta\u0161ky a pen\u011b\u017eenky vyrobeny z prav\u00e9 k\u016f\u017ee?\t\t\t\t\t\t\t<\/span>\n\t\t\t\t\t\t<\/div>\n\t\t\t\t\t\t<span class=\"wd-accordion-opener wd-opener-style-arrow\"><\/span>\n\t\t\t\t\t<\/div>\n\n\t\t\t\t\t<div class=\"wd-accordion-content reset-last-child\" data-accordion-index=\"1\">\n\t\t\t\t\t\t\t\t\t\t\t\t\t<p>Ano, na\u0161e ta\u0161ky a pen\u011b\u017eenky jsou vyrobeny z prav\u00e9 k\u016f\u017ee 100%. Po\u0159izujeme si vysoce kvalitn\u00ed k\u016f\u017ei, kter\u00e1 se v\u011brn\u011b shoduje s k\u016f\u017e\u00ed pou\u017e\u00edvanou origin\u00e1ln\u00edmi zna\u010dkami.<\/p>\n<p>Nab\u00edz\u00edme r\u016fzn\u00e9 varianty k\u016f\u017ee, pe\u010dliv\u011b vybran\u00e9 tak, aby kop\u00edrovaly autentick\u00fd pocit a vzhled p\u016fvodn\u00edch ta\u0161ek. Bu\u010fte si jisti, \u017ee na\u0161e v\u00fdrobky jsou vyr\u00e1b\u011bny s d\u016frazem na dod\u00e1v\u00e1n\u00ed t\u011bch nejkvalitn\u011bj\u0161\u00edch materi\u00e1l\u016f, kter\u00e9 v\u00e1m zajist\u00ed luxus a trvanlivost prav\u00e9 k\u016f\u017ee.<\/p>\n\t\t\t\t\t\t\t\t\t\t\t<\/div>\n\t\t\t\t<\/div>\n\t\t\t\t\t\t\t\n\t\t\t\t\n\t\t\t\t<div class=\"wd-accordion-item\">\n\t\t\t\t\t<div class=\"wd-accordion-title font-text wd-fontsize-s text-left wd-opener-pos-right wd-font-weight-600\" data-accordion-index=\"2\">\n\t\t\t\t\t\t<div class=\"wd-accordion-title-text\">\n\t\t\t\t\t\t\t\t\t\t\t\t\t\t<span>\n\t\t\t\t\t\t\t\tJak\u00e9 p\u0159\u00edslu\u0161enstv\u00ed je sou\u010d\u00e1st\u00ed va\u0161ich ta\u0161ek a pen\u011b\u017eenek?\t\t\t\t\t\t\t<\/span>\n\t\t\t\t\t\t<\/div>\n\t\t\t\t\t\t<span class=\"wd-accordion-opener wd-opener-style-arrow\"><\/span>\n\t\t\t\t\t<\/div>\n\n\t\t\t\t\t<div class=\"wd-accordion-content reset-last-child\" data-accordion-index=\"2\">\n\t\t\t\t\t\t\t\t\t\t\t\t\t<p>Na\u0161e ta\u0161ky a pen\u011b\u017eenky jsou dopln\u011bny krabi\u010dkou, ov\u011b\u0159ovac\u00edmi kartami, a pokud jsou k dispozici, i let\u00e1ky. Sna\u017e\u00edme se v\u00e1m poskytnout stejn\u00e9 p\u0159edm\u011bty, kter\u00e9 jsou sou\u010d\u00e1st\u00ed origin\u00e1ln\u00edch v\u00fdrobk\u016f. Upozor\u0148ujeme v\u0161ak, \u017ee ne v\u0161echny zna\u010dky obsahuj\u00ed bro\u017eury, proto zas\u00edl\u00e1me pouze polo\u017eky, kter\u00e9 byste obvykle obdr\u017eeli s origin\u00e1ln\u00edm n\u00e1kupem. V n\u011bkter\u00fdch p\u0159\u00edpadech, pokud je polo\u017eka p\u0159\u00edli\u0161 velk\u00e1, se m\u016f\u017eeme rozhodnout zaslat ji se zna\u010dkov\u00fdmi n\u00e1kupn\u00edmi ta\u0161kami m\u00edsto krabice, abychom sn\u00ed\u017eili n\u00e1klady na dopravu. To je tak\u00e9 d\u016fvod, pro\u010d nab\u00edz\u00edme mo\u017enost zas\u00edl\u00e1n\u00ed prost\u0159ednictv\u00edm t\u0159\u00eddenn\u00ed slu\u017eby DHL. Pokud d\u00e1v\u00e1te p\u0159ednost zasl\u00e1n\u00ed krabice, m\u016f\u017eete si ji vy\u017e\u00e1dat za p\u0159\u00edplatek.<\/p>\n\t\t\t\t\t\t\t\t\t\t\t<\/div>\n\t\t\t\t<\/div>\n\t\t\t\t\t\t\t\n\t\t\t\t\n\t\t\t\t<div class=\"wd-accordion-item\">\n\t\t\t\t\t<div class=\"wd-accordion-title font-text wd-fontsize-s text-left wd-opener-pos-right wd-font-weight-600\" data-accordion-index=\"3\">\n\t\t\t\t\t\t<div class=\"wd-accordion-title-text\">\n\t\t\t\t\t\t\t\t\t\t\t\t\t\t<span>\n\t\t\t\t\t\t\t\tM\u00e1m obavy, zda mohu va\u0161\u00ed spole\u010dnosti d\u016fv\u011b\u0159ovat a v\u00e1h\u00e1m s n\u00e1kupem. Jak v\u00e1m mohu d\u016fv\u011b\u0159ovat\t\t\t\t\t\t\t<\/span>\n\t\t\t\t\t\t<\/div>\n\t\t\t\t\t\t<span class=\"wd-accordion-opener wd-opener-style-arrow\"><\/span>\n\t\t\t\t\t<\/div>\n\n\t\t\t\t\t<div class=\"wd-accordion-content reset-last-child\" data-accordion-index=\"3\">\n\t\t\t\t\t\t\t\t\t\t\t\t\t<p>Naprosto rozum\u00edme va\u0161im obav\u00e1m z online podvod\u016f a obav\u00e1m, kter\u00e9 mohou vzniknout p\u0159i n\u00e1kupu replik produkt\u016f online. Chceme v\u00e1s ujistit, \u017ee d\u016fv\u011bru na\u0161ich klient\u016f a jejich pen\u00edze bereme velmi v\u00e1\u017en\u011b. Na\u0161e podnik\u00e1n\u00ed vzkv\u00e9t\u00e1, proto\u017ee je pro n\u00e1s prioritou spokojenost a bezpe\u010dnost na\u0161ich z\u00e1kazn\u00edk\u016f.<\/p>\n<p>Nikdy na na\u0161e klienty netla\u010d\u00edme, aby si n\u011bco koupili, proto\u017ee ji\u017e nyn\u00ed dost\u00e1v\u00e1me velk\u00e9 mno\u017estv\u00ed objedn\u00e1vek. Pokud si nejste jisti, zda n\u00e1m d\u016fv\u011b\u0159ujete, respektujeme va\u0161e rozhodnut\u00ed a nechceme, abyste se p\u0159i n\u00e1kupu u n\u00e1s c\u00edtili nep\u0159\u00edjemn\u011b nebo nesv\u00ed. Ch\u00e1peme, \u017ee d\u016fv\u011bru je t\u0159eba si zaslou\u017eit.<\/p>\n<p>Pokud v\u00e1h\u00e1te, zda poslat velkou \u010d\u00e1stku pen\u011bz, doporu\u010dujeme za\u010d\u00edt s men\u0161\u00ed polo\u017ekou. Tak si m\u016f\u017eete ov\u011b\u0159it kvalitu na\u0161ich v\u00fdrobk\u016f a slu\u017eeb z prvn\u00ed ruky. Jsme p\u0159esv\u011bd\u010deni, \u017ee jakmile se p\u0159esv\u011bd\u010d\u00edte o kvalit\u011b a spolehlivosti, kterou nab\u00edz\u00edme, stanete se spokojen\u00fdm vracej\u00edc\u00edm se z\u00e1kazn\u00edkem, stejn\u011b jako mnoho dal\u0161\u00edch, kte\u0159\u00ed n\u00e1m dali svou d\u016fv\u011bru.<\/p>\n<p>Pokud se p\u0159esto c\u00edt\u00edte nejist\u011b nebo nejist\u011b, nezapome\u0148te, \u017ee nakupov\u00e1n\u00ed u n\u00e1s je v\u017edy volbou. Chceme, abyste se p\u0159ed n\u00e1kupem c\u00edtili 100% pohodln\u011b a jist\u011b. Jsme tu pro v\u00e1s, abychom vy\u0159e\u0161ili v\u0161echny va\u0161e dal\u0161\u00ed ot\u00e1zky nebo obavy, proto\u017ee se sna\u017e\u00edme budovat dlouhodob\u00fd vztah zalo\u017een\u00fd na d\u016fv\u011b\u0159e a spokojenosti z\u00e1kazn\u00edk\u016f.<\/p>\n\t\t\t\t\t\t\t\t\t\t\t<\/div>\n\t\t\t\t<\/div>\n\t\t\t\t\t\t\t\n\t\t\t\t\n\t\t\t\t<div class=\"wd-accordion-item\">\n\t\t\t\t\t<div class=\"wd-accordion-title font-text wd-fontsize-s text-left wd-opener-pos-right wd-font-weight-600\" data-accordion-index=\"4\">\n\t\t\t\t\t\t<div class=\"wd-accordion-title-text\">\n\t\t\t\t\t\t\t\t\t\t\t\t\t\t<span>\n\t\t\t\t\t\t\t\tJak\u00e9 jsou va\u0161e z\u00e1sady t\u00fdkaj\u00edc\u00ed se vracen\u00ed, v\u00fdm\u011bny a vr\u00e1cen\u00ed pen\u011bz?\t\t\t\t\t\t\t<\/span>\n\t\t\t\t\t\t<\/div>\n\t\t\t\t\t\t<span class=\"wd-accordion-opener wd-opener-style-arrow\"><\/span>\n\t\t\t\t\t<\/div>\n\n\t\t\t\t\t<div class=\"wd-accordion-content reset-last-child\" data-accordion-index=\"4\">\n\t\t\t\t\t\t\t\t\t\t\t\t\t<p>Pro zaji\u0161t\u011bn\u00ed spokojenosti z\u00e1kazn\u00edk\u016f jsme zavedli komplexn\u00ed politiku. Nab\u00edz\u00edme plnou z\u00e1ruku vr\u00e1cen\u00ed pen\u011bz za zakoupen\u00e9 zbo\u017e\u00ed, kter\u00e9 je vr\u00e1ceno do 14 dn\u016f od p\u0159evzet\u00ed. Pokud nejste s n\u00e1kupem zcela spokojeni, sta\u010d\u00ed n\u00e1s v t\u00e9to lh\u016ft\u011b kontaktovat a zah\u00e1jit proces vr\u00e1cen\u00ed zbo\u017e\u00ed. Jakmile obdr\u017e\u00edme vr\u00e1cen\u00e9 zbo\u017e\u00ed v p\u016fvodn\u00edm stavu, vr\u00e1t\u00edme v\u00e1m pen\u00edze.<\/p>\n<p>Krom\u011b toho ch\u00e1peme obavy z celn\u00edho zabaven\u00ed replik kabelek. Uji\u0161\u0165ujeme v\u00e1s, \u017ee na\u0161e repliky kabelek jsou pe\u010dliv\u011b zabaleny a diskr\u00e9tn\u011b p\u0159epravov\u00e1ny, aby se minimalizovaly p\u0159\u00edpadn\u00e9 probl\u00e9my. Ve vz\u00e1cn\u00fdch p\u0159\u00edpadech, kdy budou va\u0161e repliky kabelek zabaveny celn\u00edmi org\u00e1ny, v\u00e1m objedn\u00e1vku bezplatn\u011b vym\u011bn\u00edme. P\u0159eb\u00edr\u00e1me odpov\u011bdnost za zaji\u0161t\u011bn\u00ed \u00fasp\u011b\u0161n\u00e9ho doru\u010den\u00ed va\u0161\u00ed objedn\u00e1vky.<\/p>\n<p>Vezm\u011bte pros\u00edm na v\u011bdom\u00ed, \u017ee na\u0161e z\u00e1sady mohou m\u00edt specifick\u00e9 podm\u00ednky, kter\u00e9 se na n\u011b vztahuj\u00ed, proto doporu\u010dujeme pe\u010dliv\u011b si prostudovat na\u0161e kompletn\u00ed z\u00e1sady pro vracen\u00ed, v\u00fdm\u011bnu a vr\u00e1cen\u00ed pen\u011bz na na\u0161ich webov\u00fdch str\u00e1nk\u00e1ch nebo kontaktovat n\u00e1\u0161 z\u00e1kaznick\u00fd servis pro dal\u0161\u00ed vysv\u011btlen\u00ed.<\/p>\n<p>Sna\u017e\u00edme se v\u00e1m zajistit bezprobl\u00e9mov\u00e9 nakupov\u00e1n\u00ed a \u0159e\u0161it v\u0161echny va\u0161e p\u0159\u00edpadn\u00e9 probl\u00e9my, abychom zajistili va\u0161i spokojenost s na\u0161imi produkty a slu\u017ebami.<\/p>\n\t\t\t\t\t\t\t\t\t\t\t<\/div>\n\t\t\t\t<\/div>\n\t\t\t\t\t\t\t\t\t\t\t\t\t\t<\/div>\n\n\t\t<\/div><\/div><\/div><div class=\"wpb_column vc_column_container vc_col-sm-12 vc_col-lg-6 vc_col-md-6\"><div class=\"vc_column-inner vc_custom_1496927688909\"><div class=\"wpb_wrapper\">\t\t\t<div class=\"info-box-wrapper\">\n\t\t\t\t<div id=\"wd-656f2e1abbd29\" class=\"wd-rs-656f2e1abbd29 wd-info-box wd-wpb text-left box-icon-align-left box-style- color-scheme- wd-bg-none wd-items-top with-btn box-btn-static vc_custom_1701785179801\"  >\n\t\t\t\t\t\t\t\t\t\t<div class=\"info-box-content\">\n\t\t\t\t\t\t<div class=\"info-box-subtitle subtitle-color-default wd-fontsize-xs subtitle-style-default\">NA\u0160E OBCHODY<\/div><h4 class=\"info-box-title title box-title-style-default wd-fontsize-m\">NAV\u0160TIVTE NA\u0160I NOVINKU<br \/>\nObchod v GuangZhou<\/h4>\t\t\t\t\t\t<div class=\"info-box-inner set-cont-mb-s reset-last-child\">\n\t\t\t\t\t\t\t<p>&nbsp;<\/p>\n<table border=\"0\">\n<tbody>\n<tr>\n<td>Baiyun Leather City,<br \/>\nGuangzhou, GuangDong<\/p>\n<p>E-mail:<a href=\"mailto:vogueluxuryru@gmail.com\">vogueluxuryru@gmail.com<\/a><\/td>\n<td><img loading=\"lazy\" decoding=\"async\" class=\"alignnone size-medium wp-image-27315\" src=\"http:\/\/www.vogueluxury.ru\/wp-content\/uploads\/2023\/10\/whatsapp-314x300.png\" alt=\"\" width=\"314\" height=\"300\" srcset=\"https:\/\/www.vogueluxury.ru\/wp-content\/uploads\/2023\/10\/whatsapp-314x300.png 314w, https:\/\/www.vogueluxury.ru\/wp-content\/uploads\/2023\/10\/whatsapp-838x800.png 838w, https:\/\/www.vogueluxury.ru\/wp-content\/uploads\/2023\/10\/whatsapp-768x733.png 768w, https:\/\/www.vogueluxury.ru\/wp-content\/uploads\/2023\/10\/whatsapp-860x821.png 860w, https:\/\/www.vogueluxury.ru\/wp-content\/uploads\/2023\/10\/whatsapp-430x411.png 430w, https:\/\/www.vogueluxury.ru\/wp-content\/uploads\/2023\/10\/whatsapp-700x668.png 700w, https:\/\/www.vogueluxury.ru\/wp-content\/uploads\/2023\/10\/whatsapp-150x143.png 150w, https:\/\/www.vogueluxury.ru\/wp-content\/uploads\/2023\/10\/whatsapp.png 1125w\" sizes=\"auto, (max-width: 314px) 100vw, 314px\" \/><\/td>\n<\/tr>\n<\/tbody>\n<\/table>\n<p>&nbsp;<\/p>\n\t\t\t\t\t\t<\/div>\n\n\t\t\t\t\t\t<div class=\"info-btn-wrapper\"><div id=\"wd-69eed659ba0f7\" class=\"wd-button-wrapper text-left\"><a  class=\"btn btn-color-default btn-style-link btn-style-rectangle btn-size-default\">V\u00edce informac\u00ed o<\/a><\/div><\/div>\t\t\t\t\t<\/div>\n\n\t\t\t\t\t\t\t\t\t<\/div>\n\t\t\t<\/div>\n\t\t\n\t\t<div id=\"wd-69eed659ba166\" class=\"title-wrapper wd-wpb set-mb-s reset-last-child  wd-title-color-default wd-title-style-default text-left  wd-underline-colored\">\n\t\t\t\t\t\t\t<div class=\"title-subtitle  subtitle-color-default font-default subtitle-style-default wd-font-weight- wd-fontsize-xs\">INFORMACE O N\u00c1S<\/div>\n\t\t\t\n\t\t\t<div class=\"liner-continer\">\n\t\t\t\t<h4 class=\"woodmart-title-container title  wd-font-weight- wd-fontsize-l\" >KONTAKTUJTE N\u00c1S V P\u0158\u00cdPAD\u011a JAK\u00ddCHKOLI DOTAZ\u016e<\/h4>\n\t\t\t\t\t\t\t<\/div>\n\t\t\t\n\t\t\t\n\t\t\t\n\t\t<\/div>\n\t\t\n\t\t\n<div class=\"wpcf7 no-js\" id=\"wpcf7-f10711-o1\" lang=\"en-US\" dir=\"ltr\" data-wpcf7-id=\"10711\">\n<div class=\"screen-reader-response\"><p role=\"status\" aria-live=\"polite\" aria-atomic=\"true\"><\/p> <ul><\/ul><\/div>\n<form action=\"\/cs\/wp-json\/wp\/v2\/pages\/5288#wpcf7-f10711-o1\" method=\"post\" class=\"wpcf7-form init\" aria-label=\"Contact form\" novalidate=\"novalidate\" data-status=\"init\" data-trp-original-action=\"\/cs\/wp-json\/wp\/v2\/pages\/5288#wpcf7-f10711-o1\">\n<div style=\"display: none;\">\n<input type=\"hidden\" name=\"_wpcf7\" value=\"10711\" \/>\n<input type=\"hidden\" name=\"_wpcf7_version\" value=\"6.0.6\" \/>\n<input type=\"hidden\" name=\"_wpcf7_locale\" value=\"en_US\" \/>\n<input type=\"hidden\" name=\"_wpcf7_unit_tag\" value=\"wpcf7-f10711-o1\" \/>\n<input type=\"hidden\" name=\"_wpcf7_container_post\" value=\"0\" \/>\n<input type=\"hidden\" name=\"_wpcf7_posted_data_hash\" value=\"\" \/>\n<\/div>\n<p><label> Va\u0161e jm\u00e9no<br \/>\n<span class=\"wpcf7-form-control-wrap\" data-name=\"your-name\"><input size=\"40\" maxlength=\"400\" class=\"wpcf7-form-control wpcf7-text wpcf7-validates-as-required\" autocomplete=\"name\" aria-required=\"true\" aria-invalid=\"false\" value=\"\" type=\"text\" name=\"your-name\" \/><\/span> <\/label>\n<\/p>\n<p><label> V\u00e1\u0161 e-mail<br \/>\n<span class=\"wpcf7-form-control-wrap\" data-name=\"your-email\"><input size=\"40\" maxlength=\"400\" class=\"wpcf7-form-control wpcf7-email wpcf7-validates-as-required wpcf7-text wpcf7-validates-as-email\" autocomplete=\"email\" aria-required=\"true\" aria-invalid=\"false\" value=\"\" type=\"email\" name=\"your-email\" \/><\/span> <\/label>\n<\/p>\n<p><label> P\u0159edm\u011bt<br \/>\n<span class=\"wpcf7-form-control-wrap\" data-name=\"your-subject\"><input size=\"40\" maxlength=\"400\" class=\"wpcf7-form-control wpcf7-text wpcf7-validates-as-required\" aria-required=\"true\" aria-invalid=\"false\" value=\"\" type=\"text\" name=\"your-subject\" \/><\/span> <\/label>\n<\/p>\n<p><label> Va\u0161e zpr\u00e1va (nepovinn\u00e9)<br \/>\n<span class=\"wpcf7-form-control-wrap\" data-name=\"your-message\"><textarea cols=\"40\" rows=\"10\" maxlength=\"2000\" class=\"wpcf7-form-control wpcf7-textarea\" aria-invalid=\"false\" name=\"your-message\"><\/textarea><\/span> <\/label>\n<\/p>\n<p><input class=\"wpcf7-form-control wpcf7-submit has-spinner\" type=\"submit\" value=\"Odeslat\" \/>\n<\/p><div class=\"wpcf7-response-output\" aria-hidden=\"true\"><\/div>\n<input type=\"hidden\" name=\"trp-form-language\" value=\"cs\"\/><\/form>\n<\/div>\n<\/div><\/div><\/div><\/div>\n<\/section>","protected":false},"excerpt":{"rendered":"INFORMATION QUESTIONS FREQUENTLY ASKED QUESTIONS Will I receive the same product that I see in the picture? Our pictures are","protected":false},"author":1,"featured_media":0,"parent":0,"menu_order":0,"comment_status":"closed","ping_status":"closed","template":"","meta":{"footnotes":""},"class_list":["post-5288","page","type-page","status-publish","hentry"],"yoast_head":"<!-- This site is optimized with the Yoast SEO Premium plugin v23.1 (Yoast SEO v25.3.1) - https:\/\/yoast.com\/wordpress\/plugins\/seo\/ -->\n<title>Contact us - vogueluxury<\/title>\n<meta name=\"robots\" content=\"index, follow, max-snippet:-1, max-image-preview:large, max-video-preview:-1\" \/>\n<link rel=\"canonical\" href=\"https:\/\/www.vogueluxury.ru\/cs\/kontaktujte-nas\/\" \/>\n<meta property=\"og:locale\" content=\"cs_CZ\" \/>\n<meta property=\"og:type\" content=\"article\" \/>\n<meta property=\"og:title\" content=\"Contact us\" \/>\n<meta property=\"og:url\" content=\"https:\/\/www.vogueluxury.ru\/cs\/kontaktujte-nas\/\" \/>\n<meta property=\"og:site_name\" content=\"vogueluxury\" \/>\n<meta property=\"article:modified_time\" content=\"2023-12-05T14:06:25+00:00\" \/>\n<meta property=\"og:image\" content=\"http:\/\/www.vogueluxury.ru\/wp-content\/uploads\/2023\/10\/whatsapp-314x300.png\" \/>\n<meta name=\"twitter:card\" content=\"summary_large_image\" \/>\n<meta name=\"twitter:label1\" content=\"Odhadovan\u00e1 doba \u010dten\u00ed\" \/>\n\t<meta name=\"twitter:data1\" content=\"5 minut\" \/>\n<script type=\"application\/ld+json\" class=\"yoast-schema-graph\">{\"@context\":\"https:\/\/schema.org\",\"@graph\":[{\"@type\":\"WebPage\",\"@id\":\"https:\/\/www.vogueluxury.ru\/contact-us\/\",\"url\":\"https:\/\/www.vogueluxury.ru\/contact-us\/\",\"name\":\"Contact us - vogueluxury\",\"isPartOf\":{\"@id\":\"https:\/\/www.vogueluxury.ru\/fr\/#website\"},\"primaryImageOfPage\":{\"@id\":\"https:\/\/www.vogueluxury.ru\/contact-us\/#primaryimage\"},\"image\":{\"@id\":\"https:\/\/www.vogueluxury.ru\/contact-us\/#primaryimage\"},\"thumbnailUrl\":\"http:\/\/www.vogueluxury.ru\/wp-content\/uploads\/2023\/10\/whatsapp-314x300.png\",\"datePublished\":\"2021-08-25T09:00:10+00:00\",\"dateModified\":\"2023-12-05T14:06:25+00:00\",\"breadcrumb\":{\"@id\":\"https:\/\/www.vogueluxury.ru\/contact-us\/#breadcrumb\"},\"inLanguage\":\"cs\",\"potentialAction\":[{\"@type\":\"ReadAction\",\"target\":[\"https:\/\/www.vogueluxury.ru\/contact-us\/\"]}]},{\"@type\":\"ImageObject\",\"inLanguage\":\"cs\",\"@id\":\"https:\/\/www.vogueluxury.ru\/contact-us\/#primaryimage\",\"url\":\"http:\/\/www.vogueluxury.ru\/wp-content\/uploads\/2023\/10\/whatsapp-314x300.png\",\"contentUrl\":\"http:\/\/www.vogueluxury.ru\/wp-content\/uploads\/2023\/10\/whatsapp-314x300.png\"},{\"@type\":\"BreadcrumbList\",\"@id\":\"https:\/\/www.vogueluxury.ru\/contact-us\/#breadcrumb\",\"itemListElement\":[{\"@type\":\"ListItem\",\"position\":1,\"name\":\"Home\",\"item\":\"https:\/\/www.vogueluxury.ru\/\"},{\"@type\":\"ListItem\",\"position\":2,\"name\":\"Contact us\"}]},{\"@type\":\"WebSite\",\"@id\":\"https:\/\/www.vogueluxury.ru\/fr\/#website\",\"url\":\"https:\/\/www.vogueluxury.ru\/fr\/\",\"name\":\"vogueluxury\",\"description\":\"Premium Quality 1:1 Replica Handbags - Fake Luxury Bags Store\",\"potentialAction\":[{\"@type\":\"SearchAction\",\"target\":{\"@type\":\"EntryPoint\",\"urlTemplate\":\"https:\/\/www.vogueluxury.ru\/fr\/?s={search_term_string}\"},\"query-input\":{\"@type\":\"PropertyValueSpecification\",\"valueRequired\":true,\"valueName\":\"search_term_string\"}}],\"inLanguage\":\"cs\"}]}<\/script>\n<!-- \/ Yoast SEO Premium plugin. -->","yoast_head_json":{"title":"Contact us - vogueluxury","robots":{"index":"index","follow":"follow","max-snippet":"max-snippet:-1","max-image-preview":"max-image-preview:large","max-video-preview":"max-video-preview:-1"},"canonical":"https:\/\/www.vogueluxury.ru\/cs\/kontaktujte-nas\/","og_locale":"cs_CZ","og_type":"article","og_title":"Contact us","og_url":"https:\/\/www.vogueluxury.ru\/cs\/kontaktujte-nas\/","og_site_name":"vogueluxury","article_modified_time":"2023-12-05T14:06:25+00:00","og_image":[{"url":"http:\/\/www.vogueluxury.ru\/wp-content\/uploads\/2023\/10\/whatsapp-314x300.png","type":"","width":"","height":""}],"twitter_card":"summary_large_image","twitter_misc":{"Odhadovan\u00e1 doba \u010dten\u00ed":"5 minut"},"schema":{"@context":"https:\/\/schema.org","@graph":[{"@type":"WebPage","@id":"https:\/\/www.vogueluxury.ru\/contact-us\/","url":"https:\/\/www.vogueluxury.ru\/contact-us\/","name":"Contact us - vogueluxury","isPartOf":{"@id":"https:\/\/www.vogueluxury.ru\/fr\/#website"},"primaryImageOfPage":{"@id":"https:\/\/www.vogueluxury.ru\/contact-us\/#primaryimage"},"image":{"@id":"https:\/\/www.vogueluxury.ru\/contact-us\/#primaryimage"},"thumbnailUrl":"http:\/\/www.vogueluxury.ru\/wp-content\/uploads\/2023\/10\/whatsapp-314x300.png","datePublished":"2021-08-25T09:00:10+00:00","dateModified":"2023-12-05T14:06:25+00:00","breadcrumb":{"@id":"https:\/\/www.vogueluxury.ru\/contact-us\/#breadcrumb"},"inLanguage":"cs","potentialAction":[{"@type":"ReadAction","target":["https:\/\/www.vogueluxury.ru\/contact-us\/"]}]},{"@type":"ImageObject","inLanguage":"cs","@id":"https:\/\/www.vogueluxury.ru\/contact-us\/#primaryimage","url":"http:\/\/www.vogueluxury.ru\/wp-content\/uploads\/2023\/10\/whatsapp-314x300.png","contentUrl":"http:\/\/www.vogueluxury.ru\/wp-content\/uploads\/2023\/10\/whatsapp-314x300.png"},{"@type":"BreadcrumbList","@id":"https:\/\/www.vogueluxury.ru\/contact-us\/#breadcrumb","itemListElement":[{"@type":"ListItem","position":1,"name":"Home","item":"https:\/\/www.vogueluxury.ru\/"},{"@type":"ListItem","position":2,"name":"Contact us"}]},{"@type":"WebSite","@id":"https:\/\/www.vogueluxury.ru\/fr\/#website","url":"https:\/\/www.vogueluxury.ru\/fr\/","name":"vogueluxury","description":"Premium Quality 1:1 Replica Handbags - Fake Luxury Bags Store","potentialAction":[{"@type":"SearchAction","target":{"@type":"EntryPoint","urlTemplate":"https:\/\/www.vogueluxury.ru\/fr\/?s={search_term_string}"},"query-input":{"@type":"PropertyValueSpecification","valueRequired":true,"valueName":"search_term_string"}}],"inLanguage":"cs"}]}},"_links":{"self":[{"href":"https:\/\/www.vogueluxury.ru\/cs\/wp-json\/wp\/v2\/pages\/5288","targetHints":{"allow":["GET"]}}],"collection":[{"href":"https:\/\/www.vogueluxury.ru\/cs\/wp-json\/wp\/v2\/pages"}],"about":[{"href":"https:\/\/www.vogueluxury.ru\/cs\/wp-json\/wp\/v2\/types\/page"}],"author":[{"embeddable":true,"href":"https:\/\/www.vogueluxury.ru\/cs\/wp-json\/wp\/v2\/users\/1"}],"replies":[{"embeddable":true,"href":"https:\/\/www.vogueluxury.ru\/cs\/wp-json\/wp\/v2\/comments?post=5288"}],"version-history":[{"count":0,"href":"https:\/\/www.vogueluxury.ru\/cs\/wp-json\/wp\/v2\/pages\/5288\/revisions"}],"wp:attachment":[{"href":"https:\/\/www.vogueluxury.ru\/cs\/wp-json\/wp\/v2\/media?parent=5288"}],"curies":[{"name":"wp","href":"https:\/\/api.w.org\/{rel}","templated":true}]}}