{"id":10946,"date":"2023-10-26T07:09:12","date_gmt":"2023-10-26T07:09:12","guid":{"rendered":"http:\/\/www.vogueluxury.ru\/?post_type=product&#038;p=10946"},"modified":"2024-08-30T04:38:06","modified_gmt":"2024-08-30T04:38:06","slug":"chanel-black-large-delivery-haas-calf-leather-23p-duma-backpack","status":"publish","type":"product","link":"https:\/\/www.vogueluxury.ru\/cs\/product\/chanel-black-large-delivery-haas-calf-leather-23p-duma-backpack\/","title":{"rendered":"Chanel \u010cern\u00fd velk\u00fd batoh Haas z telec\u00ed k\u016f\u017ee 23P Duma"},"content":{"rendered":"<li >\n<div class=\"base_key_value\"> <span class=\"key\" v-if=\"'Brands'!=''\"> Zna\u010dky: <\/span><span >Chanel<\/span><\/div>\n<\/li>\n<li >\n<div class=\"base_key_value\"> <span class=\"key\" v-if=\"'Grade'!=''\"> T\u0159\u00edda: <\/span><a href=\"\" :target=\"isMobile?'_self':'_blank'\" ><span >1:1Replik\u00e1ty<i class=\"icon ion-ios-help-circle\"><\/i><\/span><\/a><\/div>\n<\/li>\n<li >\n<div class=\"base_key_value\"> <span class=\"key\" v-if=\"'Size'!=''\"> Velikost: <\/span><span >8.1X7.9X4.5Inches\/<span v-text=\"swatchUnit('8.1X7.9X4.5Inches')\"><\/span><\/span><\/div>\n<\/li>\n<li >\n<div class=\"base_key_value\"> <span class=\"key\" v-if=\"'Material'!=''\"> Materi\u00e1l: <\/span><span >French Haas Calfskin<\/span><\/div>\n<\/li>","protected":false},"excerpt":{"rendered":"<p>Brands: Chanel Grade: 1:1Replicas Size: 8.1X7.9X4.5Inches\/ Material: French Haas Calfskin<\/p>","protected":false},"featured_media":11592,"comment_status":"open","ping_status":"closed","template":"","meta":[],"product_brand":[],"product_cat":[148],"product_tag":[214,225],"class_list":{"0":"post-10946","1":"product","2":"type-product","3":"status-publish","4":"has-post-thumbnail","6":"product_cat-chanel","7":"product_tag-brands","8":"product_tag-chanel","10":"first","11":"instock","12":"shipping-taxable","13":"purchasable","14":"product-type-simple"},"yoast_head":"<!-- This site is optimized with the Yoast SEO Premium plugin v23.1 (Yoast SEO v25.3.1) - https:\/\/yoast.com\/wordpress\/plugins\/seo\/ -->\n<title>Chanel Black Large Delivery Haas Calf Leather 23P Duma Backpack - vogueluxury<\/title>\n<meta name=\"robots\" content=\"index, follow, max-snippet:-1, max-image-preview:large, max-video-preview:-1\" \/>\n<link rel=\"canonical\" href=\"https:\/\/www.vogueluxury.ru\/cs\/product\/chanel-black-large-delivery-haas-calf-leather-23p-duma-backpack\/\" \/>\n<meta property=\"og:locale\" content=\"cs_CZ\" \/>\n<meta property=\"og:type\" content=\"article\" \/>\n<meta property=\"og:title\" content=\"Chanel Black Large Delivery Haas Calf Leather 23P Duma Backpack\" \/>\n<meta property=\"og:description\" content=\"Brands: Chanel Grade: 1:1Replicas Size: 8.1X7.9X4.5Inches\/ Material: French Haas Calfskin\" \/>\n<meta property=\"og:url\" content=\"https:\/\/www.vogueluxury.ru\/cs\/product\/chanel-black-large-delivery-haas-calf-leather-23p-duma-backpack\/\" \/>\n<meta property=\"og:site_name\" content=\"vogueluxury\" \/>\n<meta property=\"article:modified_time\" content=\"2024-08-30T04:38:06+00:00\" \/>\n<meta property=\"og:image\" content=\"https:\/\/www.vogueluxury.ru\/wp-content\/uploads\/2023\/10\/color_2_1-9.jpg\" \/>\n\t<meta property=\"og:image:width\" content=\"800\" \/>\n\t<meta property=\"og:image:height\" content=\"800\" \/>\n\t<meta property=\"og:image:type\" content=\"image\/jpeg\" \/>\n<meta name=\"twitter:card\" content=\"summary_large_image\" \/>\n<script type=\"application\/ld+json\" class=\"yoast-schema-graph\">{\"@context\":\"https:\/\/schema.org\",\"@graph\":[{\"@type\":\"WebPage\",\"@id\":\"https:\/\/www.vogueluxury.ru\/cs\/product\/chanel-black-large-delivery-haas-calf-leather-23p-duma-backpack\/\",\"url\":\"https:\/\/www.vogueluxury.ru\/cs\/product\/chanel-black-large-delivery-haas-calf-leather-23p-duma-backpack\/\",\"name\":\"Chanel Black Large Delivery Haas Calf Leather 23P Duma Backpack - vogueluxury\",\"isPartOf\":{\"@id\":\"https:\/\/www.vogueluxury.ru\/fr\/#website\"},\"primaryImageOfPage\":{\"@id\":\"https:\/\/www.vogueluxury.ru\/cs\/product\/chanel-black-large-delivery-haas-calf-leather-23p-duma-backpack\/#primaryimage\"},\"image\":{\"@id\":\"https:\/\/www.vogueluxury.ru\/cs\/product\/chanel-black-large-delivery-haas-calf-leather-23p-duma-backpack\/#primaryimage\"},\"thumbnailUrl\":\"https:\/\/www.vogueluxury.ru\/wp-content\/uploads\/2023\/10\/color_2_1-9.jpg\",\"datePublished\":\"2023-10-26T07:09:12+00:00\",\"dateModified\":\"2024-08-30T04:38:06+00:00\",\"breadcrumb\":{\"@id\":\"https:\/\/www.vogueluxury.ru\/cs\/product\/chanel-black-large-delivery-haas-calf-leather-23p-duma-backpack\/#breadcrumb\"},\"inLanguage\":\"cs\",\"potentialAction\":[{\"@type\":\"ReadAction\",\"target\":[\"https:\/\/www.vogueluxury.ru\/cs\/product\/chanel-black-large-delivery-haas-calf-leather-23p-duma-backpack\/\"]}]},{\"@type\":\"ImageObject\",\"inLanguage\":\"cs\",\"@id\":\"https:\/\/www.vogueluxury.ru\/cs\/product\/chanel-black-large-delivery-haas-calf-leather-23p-duma-backpack\/#primaryimage\",\"url\":\"https:\/\/www.vogueluxury.ru\/wp-content\/uploads\/2023\/10\/color_2_1-9.jpg\",\"contentUrl\":\"https:\/\/www.vogueluxury.ru\/wp-content\/uploads\/2023\/10\/color_2_1-9.jpg\",\"width\":800,\"height\":800},{\"@type\":\"BreadcrumbList\",\"@id\":\"https:\/\/www.vogueluxury.ru\/cs\/product\/chanel-black-large-delivery-haas-calf-leather-23p-duma-backpack\/#breadcrumb\",\"itemListElement\":[{\"@type\":\"ListItem\",\"position\":1,\"name\":\"Home\",\"item\":\"https:\/\/www.vogueluxury.ru\/\"},{\"@type\":\"ListItem\",\"position\":2,\"name\":\"Shop\",\"item\":\"https:\/\/www.vogueluxury.ru\/el\/\u03ba\u03b1\u03c4\u03ac\u03c3\u03c4\u03b7\u03bc\u03b1\/\"},{\"@type\":\"ListItem\",\"position\":3,\"name\":\"Chanel Black Large Delivery Haas Calf Leather 23P Duma Backpack\"}]},{\"@type\":\"WebSite\",\"@id\":\"https:\/\/www.vogueluxury.ru\/fr\/#website\",\"url\":\"https:\/\/www.vogueluxury.ru\/fr\/\",\"name\":\"vogueluxury\",\"description\":\"Premium Quality 1:1 Replica Handbags - Fake Luxury Bags Store\",\"potentialAction\":[{\"@type\":\"SearchAction\",\"target\":{\"@type\":\"EntryPoint\",\"urlTemplate\":\"https:\/\/www.vogueluxury.ru\/fr\/?s={search_term_string}\"},\"query-input\":{\"@type\":\"PropertyValueSpecification\",\"valueRequired\":true,\"valueName\":\"search_term_string\"}}],\"inLanguage\":\"cs\"}]}<\/script>\n<!-- \/ Yoast SEO Premium plugin. -->","yoast_head_json":{"title":"Chanel Black Large Delivery Haas Calf Leather 23P Duma Backpack - vogueluxury","robots":{"index":"index","follow":"follow","max-snippet":"max-snippet:-1","max-image-preview":"max-image-preview:large","max-video-preview":"max-video-preview:-1"},"canonical":"https:\/\/www.vogueluxury.ru\/cs\/product\/chanel-black-large-delivery-haas-calf-leather-23p-duma-backpack\/","og_locale":"cs_CZ","og_type":"article","og_title":"Chanel Black Large Delivery Haas Calf Leather 23P Duma Backpack","og_description":"Brands: Chanel Grade: 1:1Replicas Size: 8.1X7.9X4.5Inches\/ Material: French Haas Calfskin","og_url":"https:\/\/www.vogueluxury.ru\/cs\/product\/chanel-black-large-delivery-haas-calf-leather-23p-duma-backpack\/","og_site_name":"vogueluxury","article_modified_time":"2024-08-30T04:38:06+00:00","og_image":[{"width":800,"height":800,"url":"https:\/\/www.vogueluxury.ru\/wp-content\/uploads\/2023\/10\/color_2_1-9.jpg","type":"image\/jpeg"}],"twitter_card":"summary_large_image","schema":{"@context":"https:\/\/schema.org","@graph":[{"@type":"WebPage","@id":"https:\/\/www.vogueluxury.ru\/cs\/product\/chanel-black-large-delivery-haas-calf-leather-23p-duma-backpack\/","url":"https:\/\/www.vogueluxury.ru\/cs\/product\/chanel-black-large-delivery-haas-calf-leather-23p-duma-backpack\/","name":"Chanel Black Large Delivery Haas Calf Leather 23P Duma Backpack - vogueluxury","isPartOf":{"@id":"https:\/\/www.vogueluxury.ru\/fr\/#website"},"primaryImageOfPage":{"@id":"https:\/\/www.vogueluxury.ru\/cs\/product\/chanel-black-large-delivery-haas-calf-leather-23p-duma-backpack\/#primaryimage"},"image":{"@id":"https:\/\/www.vogueluxury.ru\/cs\/product\/chanel-black-large-delivery-haas-calf-leather-23p-duma-backpack\/#primaryimage"},"thumbnailUrl":"https:\/\/www.vogueluxury.ru\/wp-content\/uploads\/2023\/10\/color_2_1-9.jpg","datePublished":"2023-10-26T07:09:12+00:00","dateModified":"2024-08-30T04:38:06+00:00","breadcrumb":{"@id":"https:\/\/www.vogueluxury.ru\/cs\/product\/chanel-black-large-delivery-haas-calf-leather-23p-duma-backpack\/#breadcrumb"},"inLanguage":"cs","potentialAction":[{"@type":"ReadAction","target":["https:\/\/www.vogueluxury.ru\/cs\/product\/chanel-black-large-delivery-haas-calf-leather-23p-duma-backpack\/"]}]},{"@type":"ImageObject","inLanguage":"cs","@id":"https:\/\/www.vogueluxury.ru\/cs\/product\/chanel-black-large-delivery-haas-calf-leather-23p-duma-backpack\/#primaryimage","url":"https:\/\/www.vogueluxury.ru\/wp-content\/uploads\/2023\/10\/color_2_1-9.jpg","contentUrl":"https:\/\/www.vogueluxury.ru\/wp-content\/uploads\/2023\/10\/color_2_1-9.jpg","width":800,"height":800},{"@type":"BreadcrumbList","@id":"https:\/\/www.vogueluxury.ru\/cs\/product\/chanel-black-large-delivery-haas-calf-leather-23p-duma-backpack\/#breadcrumb","itemListElement":[{"@type":"ListItem","position":1,"name":"Home","item":"https:\/\/www.vogueluxury.ru\/"},{"@type":"ListItem","position":2,"name":"Shop","item":"https:\/\/www.vogueluxury.ru\/el\/\u03ba\u03b1\u03c4\u03ac\u03c3\u03c4\u03b7\u03bc\u03b1\/"},{"@type":"ListItem","position":3,"name":"Chanel Black Large Delivery Haas Calf Leather 23P Duma Backpack"}]},{"@type":"WebSite","@id":"https:\/\/www.vogueluxury.ru\/fr\/#website","url":"https:\/\/www.vogueluxury.ru\/fr\/","name":"vogueluxury","description":"Premium Quality 1:1 Replica Handbags - Fake Luxury Bags Store","potentialAction":[{"@type":"SearchAction","target":{"@type":"EntryPoint","urlTemplate":"https:\/\/www.vogueluxury.ru\/fr\/?s={search_term_string}"},"query-input":{"@type":"PropertyValueSpecification","valueRequired":true,"valueName":"search_term_string"}}],"inLanguage":"cs"}]}},"_links":{"self":[{"href":"https:\/\/www.vogueluxury.ru\/cs\/wp-json\/wp\/v2\/product\/10946","targetHints":{"allow":["GET"]}}],"collection":[{"href":"https:\/\/www.vogueluxury.ru\/cs\/wp-json\/wp\/v2\/product"}],"about":[{"href":"https:\/\/www.vogueluxury.ru\/cs\/wp-json\/wp\/v2\/types\/product"}],"replies":[{"embeddable":true,"href":"https:\/\/www.vogueluxury.ru\/cs\/wp-json\/wp\/v2\/comments?post=10946"}],"wp:featuredmedia":[{"embeddable":true,"href":"https:\/\/www.vogueluxury.ru\/cs\/wp-json\/wp\/v2\/media\/11592"}],"wp:attachment":[{"href":"https:\/\/www.vogueluxury.ru\/cs\/wp-json\/wp\/v2\/media?parent=10946"}],"wp:term":[{"taxonomy":"product_brand","embeddable":true,"href":"https:\/\/www.vogueluxury.ru\/cs\/wp-json\/wp\/v2\/product_brand?post=10946"},{"taxonomy":"product_cat","embeddable":true,"href":"https:\/\/www.vogueluxury.ru\/cs\/wp-json\/wp\/v2\/product_cat?post=10946"},{"taxonomy":"product_tag","embeddable":true,"href":"https:\/\/www.vogueluxury.ru\/cs\/wp-json\/wp\/v2\/product_tag?post=10946"}],"curies":[{"name":"wp","href":"https:\/\/api.w.org\/{rel}","templated":true}]}}