{"id":22714,"date":"2023-10-26T10:46:59","date_gmt":"2023-10-26T10:46:59","guid":{"rendered":"http:\/\/www.vogueluxury.ru\/?post_type=product&#038;p=22714"},"modified":"2025-06-05T23:41:18","modified_gmt":"2025-06-05T23:41:18","slug":"burberry-cerna-prosivana-kozena-taska-pres-rameno-catherine","status":"publish","type":"product","link":"https:\/\/www.vogueluxury.ru\/cs\/product\/burberry-cerna-prosivana-kozena-taska-pres-rameno-catherine\/","title":{"rendered":"burberry \u010dern\u00e1 pro\u0161\u00edvan\u00e1 ko\u017een\u00e1 ta\u0161ka p\u0159es rameno catherine"},"content":{"rendered":"<li >\n<div class=\"base_key_value\"> <span class=\"key\" v-if=\"'Brands'!=''\"> Zna\u010dky: <\/span><span >burberry<\/span><\/div>\n<\/li>\n<li >\n<div class=\"base_key_value\"> <span class=\"key\" v-if=\"'Grade'!=''\"> T\u0159\u00edda: <\/span><a href=\"\/cs\/\" :target=\"isMobile?'_self':'_blank'\" ><span >AAAA<i class=\"icon ion-ios-help-circle\"><\/i><\/span><\/a><\/div>\n<\/li>\n<li >\n<div class=\"base_key_value\"> <span class=\"key\" v-if=\"'Size'!=''\"> Velikost: <\/span><span >9.4&#215;2.2&#215;6.9inches\/<span v-text=\"swatchUnit('9.4x2.2x6.9inches')\"><\/span><\/span><\/div>\n<\/li>\n<li >\n<div class=\"base_key_value\"> <span class=\"key\" v-if=\"'Item Code'!=''\"> K\u00f3d polo\u017eky: <\/span><span >80611841<\/span><\/div>\n<\/li>\n<li >\n<div class=\"base_key_value\"> <span class=\"key\" v-if=\"'Shoulder Strap Drop'!=''\"> Shoulder Strap Drop: <\/span><span >25cm\/9.8in<\/span><\/div>\n<\/li>\n<li >\n<div class=\"base_key_value\"> <span class=\"key\" v-if=\"'Outer'!=''\"> Vn\u011bj\u0161\u00ed: <\/span><span >100% lambskin<\/span><\/div>\n<\/li>\n<li >\n<div class=\"base_key_value\"> <span class=\"key\" v-if=\"'Lining'!=''\"> Oblo\u017een\u00ed: <\/span><span >60% cotton, 40% polyester<\/span><\/div>\n<\/li>\n<\/ul>\n<p class=\"detail_bottom_title\" v-if=\"\">Popis produktu<\/p>\n<ul class=\"detail_bottom_desc\" >\n<li><span class=\"base_key_value\">adjustable leather shoulder strap<\/span><\/li>\n<li><span class=\"base_key_value\">one interior slip pocket<\/span><\/li>\n<li><span class=\"base_key_value\">skl\u00e1dac\u00ed horn\u00ed d\u00edl s magnetick\u00fdm zap\u00edn\u00e1n\u00edm<\/span><\/li>\n<li><span class=\"base_key_value\">ru\u010dn\u011b malovan\u00e9 okraje<\/span><\/li>\n<li><span class=\"base_key_value\">le\u0161t\u011bn\u00fd kovov\u00fd hardware<\/span><\/li>\n<li><span class=\"base_key_value\">embossed burberry lettering at front<\/span><\/li>","protected":false},"excerpt":{"rendered":"<p>Brands: burberry Grade: AAAA Size: 9.4&#215;2.2&#215;6.9inches\/ Item Code: 80611841 Shoulder Strap Drop: 25cm\/9.8in Outer: 100% lambskin Lining: 60% cotton, 40%<\/p>","protected":false},"featured_media":22855,"comment_status":"open","ping_status":"closed","template":"","meta":[],"product_brand":[],"product_cat":[174],"product_tag":[241,212,211],"class_list":{"0":"post-22714","1":"product","2":"type-product","3":"status-publish","4":"has-post-thumbnail","6":"product_cat-messenger","7":"product_tag-messenger","8":"product_tag-shoulder-bag","9":"product_tag-women","11":"first","12":"instock","13":"shipping-taxable","14":"purchasable","15":"product-type-simple"},"yoast_head":"<!-- This site is optimized with the Yoast SEO Premium plugin v23.1 (Yoast SEO v25.3.1) - https:\/\/yoast.com\/wordpress\/plugins\/seo\/ -->\n<title>burberry black quilted leather catherine shoulder bag - vogueluxury<\/title>\n<meta name=\"robots\" content=\"index, follow, max-snippet:-1, max-image-preview:large, max-video-preview:-1\" \/>\n<link rel=\"canonical\" href=\"https:\/\/www.vogueluxury.ru\/cs\/product\/burberry-cerna-prosivana-kozena-taska-pres-rameno-catherine\/\" \/>\n<meta property=\"og:locale\" content=\"cs_CZ\" \/>\n<meta property=\"og:type\" content=\"article\" \/>\n<meta property=\"og:title\" content=\"burberry black quilted leather catherine shoulder bag\" \/>\n<meta property=\"og:description\" content=\"Brands: burberry Grade: AAAA Size: 9.4&#215;2.2&#215;6.9inches\/ Item Code: 80611841 Shoulder Strap Drop: 25cm\/9.8in Outer: 100% lambskin Lining: 60% cotton, 40%\" \/>\n<meta property=\"og:url\" content=\"https:\/\/www.vogueluxury.ru\/cs\/product\/burberry-cerna-prosivana-kozena-taska-pres-rameno-catherine\/\" \/>\n<meta property=\"og:site_name\" content=\"vogueluxury\" \/>\n<meta property=\"article:modified_time\" content=\"2025-06-05T23:41:18+00:00\" \/>\n<meta property=\"og:image\" content=\"https:\/\/www.vogueluxury.ru\/wp-content\/uploads\/2023\/10\/color_0-786.jpg\" \/>\n\t<meta property=\"og:image:width\" content=\"800\" \/>\n\t<meta property=\"og:image:height\" content=\"800\" \/>\n\t<meta property=\"og:image:type\" content=\"image\/jpeg\" \/>\n<meta name=\"twitter:card\" content=\"summary_large_image\" \/>\n<script type=\"application\/ld+json\" class=\"yoast-schema-graph\">{\"@context\":\"https:\/\/schema.org\",\"@graph\":[{\"@type\":\"WebPage\",\"@id\":\"https:\/\/www.vogueluxury.ru\/da\/product\/burberry-sort-quiltet-laeder-catherine-skuldertaske\/\",\"url\":\"https:\/\/www.vogueluxury.ru\/da\/product\/burberry-sort-quiltet-laeder-catherine-skuldertaske\/\",\"name\":\"burberry black quilted leather catherine shoulder bag - vogueluxury\",\"isPartOf\":{\"@id\":\"https:\/\/www.vogueluxury.ru\/fr\/#website\"},\"primaryImageOfPage\":{\"@id\":\"https:\/\/www.vogueluxury.ru\/da\/product\/burberry-sort-quiltet-laeder-catherine-skuldertaske\/#primaryimage\"},\"image\":{\"@id\":\"https:\/\/www.vogueluxury.ru\/da\/product\/burberry-sort-quiltet-laeder-catherine-skuldertaske\/#primaryimage\"},\"thumbnailUrl\":\"https:\/\/www.vogueluxury.ru\/wp-content\/uploads\/2023\/10\/color_0-786.jpg\",\"datePublished\":\"2023-10-26T10:46:59+00:00\",\"dateModified\":\"2025-06-05T23:41:18+00:00\",\"breadcrumb\":{\"@id\":\"https:\/\/www.vogueluxury.ru\/da\/product\/burberry-sort-quiltet-laeder-catherine-skuldertaske\/#breadcrumb\"},\"inLanguage\":\"cs\",\"potentialAction\":[{\"@type\":\"ReadAction\",\"target\":[\"https:\/\/www.vogueluxury.ru\/da\/product\/burberry-sort-quiltet-laeder-catherine-skuldertaske\/\"]}]},{\"@type\":\"ImageObject\",\"inLanguage\":\"cs\",\"@id\":\"https:\/\/www.vogueluxury.ru\/da\/product\/burberry-sort-quiltet-laeder-catherine-skuldertaske\/#primaryimage\",\"url\":\"https:\/\/www.vogueluxury.ru\/wp-content\/uploads\/2023\/10\/color_0-786.jpg\",\"contentUrl\":\"https:\/\/www.vogueluxury.ru\/wp-content\/uploads\/2023\/10\/color_0-786.jpg\",\"width\":800,\"height\":800},{\"@type\":\"BreadcrumbList\",\"@id\":\"https:\/\/www.vogueluxury.ru\/da\/product\/burberry-sort-quiltet-laeder-catherine-skuldertaske\/#breadcrumb\",\"itemListElement\":[{\"@type\":\"ListItem\",\"position\":1,\"name\":\"Home\",\"item\":\"https:\/\/www.vogueluxury.ru\/\"},{\"@type\":\"ListItem\",\"position\":2,\"name\":\"Shop\",\"item\":\"https:\/\/www.vogueluxury.ru\/el\/\u03ba\u03b1\u03c4\u03ac\u03c3\u03c4\u03b7\u03bc\u03b1\/\"},{\"@type\":\"ListItem\",\"position\":3,\"name\":\"burberry black quilted leather catherine shoulder bag\"}]},{\"@type\":\"WebSite\",\"@id\":\"https:\/\/www.vogueluxury.ru\/fr\/#website\",\"url\":\"https:\/\/www.vogueluxury.ru\/fr\/\",\"name\":\"vogueluxury\",\"description\":\"Premium Quality 1:1 Replica Handbags - Fake Luxury Bags Store\",\"potentialAction\":[{\"@type\":\"SearchAction\",\"target\":{\"@type\":\"EntryPoint\",\"urlTemplate\":\"https:\/\/www.vogueluxury.ru\/fr\/?s={search_term_string}\"},\"query-input\":{\"@type\":\"PropertyValueSpecification\",\"valueRequired\":true,\"valueName\":\"search_term_string\"}}],\"inLanguage\":\"cs\"}]}<\/script>\n<!-- \/ Yoast SEO Premium plugin. -->","yoast_head_json":{"title":"burberry black quilted leather catherine shoulder bag - vogueluxury","robots":{"index":"index","follow":"follow","max-snippet":"max-snippet:-1","max-image-preview":"max-image-preview:large","max-video-preview":"max-video-preview:-1"},"canonical":"https:\/\/www.vogueluxury.ru\/cs\/product\/burberry-cerna-prosivana-kozena-taska-pres-rameno-catherine\/","og_locale":"cs_CZ","og_type":"article","og_title":"burberry black quilted leather catherine shoulder bag","og_description":"Brands: burberry Grade: AAAA Size: 9.4&#215;2.2&#215;6.9inches\/ Item Code: 80611841 Shoulder Strap Drop: 25cm\/9.8in Outer: 100% lambskin Lining: 60% cotton, 40%","og_url":"https:\/\/www.vogueluxury.ru\/cs\/product\/burberry-cerna-prosivana-kozena-taska-pres-rameno-catherine\/","og_site_name":"vogueluxury","article_modified_time":"2025-06-05T23:41:18+00:00","og_image":[{"width":800,"height":800,"url":"https:\/\/www.vogueluxury.ru\/wp-content\/uploads\/2023\/10\/color_0-786.jpg","type":"image\/jpeg"}],"twitter_card":"summary_large_image","schema":{"@context":"https:\/\/schema.org","@graph":[{"@type":"WebPage","@id":"https:\/\/www.vogueluxury.ru\/da\/product\/burberry-sort-quiltet-laeder-catherine-skuldertaske\/","url":"https:\/\/www.vogueluxury.ru\/da\/product\/burberry-sort-quiltet-laeder-catherine-skuldertaske\/","name":"burberry black quilted leather catherine shoulder bag - vogueluxury","isPartOf":{"@id":"https:\/\/www.vogueluxury.ru\/fr\/#website"},"primaryImageOfPage":{"@id":"https:\/\/www.vogueluxury.ru\/da\/product\/burberry-sort-quiltet-laeder-catherine-skuldertaske\/#primaryimage"},"image":{"@id":"https:\/\/www.vogueluxury.ru\/da\/product\/burberry-sort-quiltet-laeder-catherine-skuldertaske\/#primaryimage"},"thumbnailUrl":"https:\/\/www.vogueluxury.ru\/wp-content\/uploads\/2023\/10\/color_0-786.jpg","datePublished":"2023-10-26T10:46:59+00:00","dateModified":"2025-06-05T23:41:18+00:00","breadcrumb":{"@id":"https:\/\/www.vogueluxury.ru\/da\/product\/burberry-sort-quiltet-laeder-catherine-skuldertaske\/#breadcrumb"},"inLanguage":"cs","potentialAction":[{"@type":"ReadAction","target":["https:\/\/www.vogueluxury.ru\/da\/product\/burberry-sort-quiltet-laeder-catherine-skuldertaske\/"]}]},{"@type":"ImageObject","inLanguage":"cs","@id":"https:\/\/www.vogueluxury.ru\/da\/product\/burberry-sort-quiltet-laeder-catherine-skuldertaske\/#primaryimage","url":"https:\/\/www.vogueluxury.ru\/wp-content\/uploads\/2023\/10\/color_0-786.jpg","contentUrl":"https:\/\/www.vogueluxury.ru\/wp-content\/uploads\/2023\/10\/color_0-786.jpg","width":800,"height":800},{"@type":"BreadcrumbList","@id":"https:\/\/www.vogueluxury.ru\/da\/product\/burberry-sort-quiltet-laeder-catherine-skuldertaske\/#breadcrumb","itemListElement":[{"@type":"ListItem","position":1,"name":"Home","item":"https:\/\/www.vogueluxury.ru\/"},{"@type":"ListItem","position":2,"name":"Shop","item":"https:\/\/www.vogueluxury.ru\/el\/\u03ba\u03b1\u03c4\u03ac\u03c3\u03c4\u03b7\u03bc\u03b1\/"},{"@type":"ListItem","position":3,"name":"burberry black quilted leather catherine shoulder bag"}]},{"@type":"WebSite","@id":"https:\/\/www.vogueluxury.ru\/fr\/#website","url":"https:\/\/www.vogueluxury.ru\/fr\/","name":"vogueluxury","description":"Premium Quality 1:1 Replica Handbags - Fake Luxury Bags Store","potentialAction":[{"@type":"SearchAction","target":{"@type":"EntryPoint","urlTemplate":"https:\/\/www.vogueluxury.ru\/fr\/?s={search_term_string}"},"query-input":{"@type":"PropertyValueSpecification","valueRequired":true,"valueName":"search_term_string"}}],"inLanguage":"cs"}]}},"_links":{"self":[{"href":"https:\/\/www.vogueluxury.ru\/cs\/wp-json\/wp\/v2\/product\/22714","targetHints":{"allow":["GET"]}}],"collection":[{"href":"https:\/\/www.vogueluxury.ru\/cs\/wp-json\/wp\/v2\/product"}],"about":[{"href":"https:\/\/www.vogueluxury.ru\/cs\/wp-json\/wp\/v2\/types\/product"}],"replies":[{"embeddable":true,"href":"https:\/\/www.vogueluxury.ru\/cs\/wp-json\/wp\/v2\/comments?post=22714"}],"wp:featuredmedia":[{"embeddable":true,"href":"https:\/\/www.vogueluxury.ru\/cs\/wp-json\/wp\/v2\/media\/22855"}],"wp:attachment":[{"href":"https:\/\/www.vogueluxury.ru\/cs\/wp-json\/wp\/v2\/media?parent=22714"}],"wp:term":[{"taxonomy":"product_brand","embeddable":true,"href":"https:\/\/www.vogueluxury.ru\/cs\/wp-json\/wp\/v2\/product_brand?post=22714"},{"taxonomy":"product_cat","embeddable":true,"href":"https:\/\/www.vogueluxury.ru\/cs\/wp-json\/wp\/v2\/product_cat?post=22714"},{"taxonomy":"product_tag","embeddable":true,"href":"https:\/\/www.vogueluxury.ru\/cs\/wp-json\/wp\/v2\/product_tag?post=22714"}],"curies":[{"name":"wp","href":"https:\/\/api.w.org\/{rel}","templated":true}]}}