{"id":30506,"date":"2024-08-30T12:20:15","date_gmt":"2024-08-30T12:20:15","guid":{"rendered":"https:\/\/www.vogueluxury.ru\/?post_type=product&#038;p=30506"},"modified":"2024-08-30T12:36:00","modified_gmt":"2024-08-30T12:36:00","slug":"louis-vuitton-m48865-capucines-bb-kabelka","status":"publish","type":"product","link":"https:\/\/www.vogueluxury.ru\/cs\/product\/louis-vuitton-m48865-capucines-bb-kabelka\/","title":{"rendered":"Louis Vuitton M48865 Capucines Bb kabelka"},"content":{"rendered":"<li >\n<div class=\"base_key_value\"> <span class=\"key\" v-if=\"'Brands'!=''\"> Zna\u010dky: <\/span><span >Louis Vuitton<\/span><\/div>\n<\/li>\n<li >\n<div class=\"base_key_value\"> <span class=\"key\" v-if=\"'Grade'!=''\"> T\u0159\u00edda: <\/span><span >AAAA<i class=\"icon ion-ios-help-circle\"><\/i><\/span><\/div>\n<\/li>\n<li >\n<div class=\"base_key_value\"> <span class=\"key\" v-if=\"'Size'!=''\"> Velikost: <\/span><span >10.6X7.1X3.5Inches\/<span v-text=\"swatchUnit('10.6X7.1X3.5Inches')\"><\/span><\/span><\/div>\n<\/li>\n<li >\n<div class=\"base_key_value\"> <span class=\"key\" v-if=\"'Item Code'!=''\"> K\u00f3d polo\u017eky: <\/span><span >M48865<\/span><\/div>\n<\/li>\n<li >\n<div class=\"base_key_value\"> <span class=\"key\" v-if=\"'Double Carry Style'!=''\"> Dvojit\u00e9 no\u0161en\u00ed: <\/span><span >Klapka uvnit\u0159 nebo vn\u011b<\/span><\/div>\n<\/li>\n<li >\n<div class=\"base_key_value\"> <span class=\"key\" v-if=\"'Chain'!=''\"> \u0158et\u011bz: <\/span><span >Odn\u00edmateln\u00fd<\/span><\/div>\n<\/li>\n<li >\n<div class=\"base_key_value\"> <span class=\"key\" v-if=\"'Material'!=''\"> Materi\u00e1l: <\/span><span >Reli\u00e9fn\u00ed hov\u011bz\u00ed k\u016f\u017ee<\/span><\/div>\n<\/li>\n<\/ul>\n<p class=\"detail_bottom_title\" v-if=\"\">Popis produktu<\/p>\n<ul class=\"detail_bottom_desc\" >\n<li><span class=\"base_key_value\">Lime<\/span><\/li>\n<li><span class=\"base_key_value\">Pod\u0161\u00edvka z koz\u00ed k\u016f\u017ee<\/span><\/li>\n<li><span class=\"base_key_value\">Sv\u011btle zlat\u00e1 barva s perle\u0165ov\u00fdm hardwarem Lv Tone-On-Tone<\/span><\/li>\n<li><span class=\"base_key_value\">1 horn\u00ed rukoje\u0165<\/span><\/li>\n<li><span class=\"base_key_value\">Pleten\u00fd ko\u017een\u00fd \u0159et\u011bz pro no\u0161en\u00ed p\u0159es rameno nebo k\u0159\u00ed\u017eem p\u0159es t\u011blo<\/span><\/li>\n<li><span class=\"base_key_value\">Vnit\u0159n\u00ed prostor s p\u0159ihr\u00e1dkami, horn\u00ed \u010d\u00e1st p\u0159ep\u00e1\u017eky z krokod\u00fdl\u00ed k\u016f\u017ee<\/span><\/li>\n<li><span class=\"base_key_value\">1 vnit\u0159n\u00ed kapsa z ploch\u00e9 krokod\u00fdl\u00ed k\u016f\u017ee s odn\u00edmateln\u00fdm zrc\u00e1tkem<\/span><\/li>\n<li><span class=\"base_key_value\">4 ochrann\u00e9 kovov\u00e9 spodn\u00ed kol\u00edky<\/span><\/li>","protected":false},"excerpt":{"rendered":"<p>Zna\u010dky: Louis Vuitton Stupe\u0148: K\u00f3d polo\u017eky: AAAA Velikost: 10.6X7.1X3.5Inches\/ K\u00f3d polo\u017eky: 10.6X7.1X3.5Inches: M48865 Dvojit\u00e9 no\u0161en\u00ed Styl: Klapka uvnit\u0159 nebo vn\u011b \u0158et\u00edzek: Odn\u00edmateln\u00fd Materi\u00e1l:<\/p>","protected":false},"featured_media":30862,"comment_status":"open","ping_status":"closed","template":"","meta":[],"product_brand":[],"product_cat":[156],"product_tag":[214,230],"class_list":{"0":"post-30506","1":"product","2":"type-product","3":"status-publish","4":"has-post-thumbnail","6":"product_cat-louis-vuitton","7":"product_tag-brands","8":"product_tag-louis-vuitton","10":"first","11":"instock","12":"shipping-taxable","13":"purchasable","14":"product-type-simple"},"yoast_head":"<!-- This site is optimized with the Yoast SEO Premium plugin v23.1 (Yoast SEO v25.3.1) - https:\/\/yoast.com\/wordpress\/plugins\/seo\/ -->\n<title>Louis Vuitton M48865 Capucines Bb Handbag - vogueluxury<\/title>\n<meta name=\"robots\" content=\"index, follow, max-snippet:-1, max-image-preview:large, max-video-preview:-1\" \/>\n<link rel=\"canonical\" href=\"https:\/\/www.vogueluxury.ru\/cs\/product\/louis-vuitton-m48865-capucines-bb-kabelka\/\" \/>\n<meta property=\"og:locale\" content=\"cs_CZ\" \/>\n<meta property=\"og:type\" content=\"article\" \/>\n<meta property=\"og:title\" content=\"Louis Vuitton M48865 Capucines Bb Handbag\" \/>\n<meta property=\"og:description\" content=\"Brands: Louis Vuitton Grade: AAAA Size: 10.6X7.1X3.5Inches\/ Item Code: M48865 Double Carry Style: Flap Inside Or Outside Chain: Removable Material:\" \/>\n<meta property=\"og:url\" content=\"https:\/\/www.vogueluxury.ru\/cs\/product\/louis-vuitton-m48865-capucines-bb-kabelka\/\" \/>\n<meta property=\"og:site_name\" content=\"vogueluxury\" \/>\n<meta property=\"article:modified_time\" content=\"2024-08-30T12:36:00+00:00\" \/>\n<meta property=\"og:image\" content=\"https:\/\/www.vogueluxury.ru\/wp-content\/uploads\/2024\/08\/color_0_1-94.jpg\" \/>\n\t<meta property=\"og:image:width\" content=\"800\" \/>\n\t<meta property=\"og:image:height\" content=\"800\" \/>\n\t<meta property=\"og:image:type\" content=\"image\/jpeg\" \/>\n<meta name=\"twitter:card\" content=\"summary_large_image\" \/>\n<script type=\"application\/ld+json\" class=\"yoast-schema-graph\">{\"@context\":\"https:\/\/schema.org\",\"@graph\":[{\"@type\":\"WebPage\",\"@id\":\"https:\/\/www.vogueluxury.ru\/fr\/product\/louis-vuitton-m48865-capucines-bb-handbag\/\",\"url\":\"https:\/\/www.vogueluxury.ru\/fr\/product\/louis-vuitton-m48865-capucines-bb-handbag\/\",\"name\":\"Louis Vuitton M48865 Capucines Bb Handbag - vogueluxury\",\"isPartOf\":{\"@id\":\"https:\/\/www.vogueluxury.ru\/fr\/#website\"},\"primaryImageOfPage\":{\"@id\":\"https:\/\/www.vogueluxury.ru\/fr\/product\/louis-vuitton-m48865-capucines-bb-handbag\/#primaryimage\"},\"image\":{\"@id\":\"https:\/\/www.vogueluxury.ru\/fr\/product\/louis-vuitton-m48865-capucines-bb-handbag\/#primaryimage\"},\"thumbnailUrl\":\"https:\/\/www.vogueluxury.ru\/wp-content\/uploads\/2024\/08\/color_0_1-94.jpg\",\"datePublished\":\"2024-08-30T12:20:15+00:00\",\"dateModified\":\"2024-08-30T12:36:00+00:00\",\"breadcrumb\":{\"@id\":\"https:\/\/www.vogueluxury.ru\/fr\/product\/louis-vuitton-m48865-capucines-bb-handbag\/#breadcrumb\"},\"inLanguage\":\"cs\",\"potentialAction\":[{\"@type\":\"ReadAction\",\"target\":[\"https:\/\/www.vogueluxury.ru\/fr\/product\/louis-vuitton-m48865-capucines-bb-handbag\/\"]}]},{\"@type\":\"ImageObject\",\"inLanguage\":\"cs\",\"@id\":\"https:\/\/www.vogueluxury.ru\/fr\/product\/louis-vuitton-m48865-capucines-bb-handbag\/#primaryimage\",\"url\":\"https:\/\/www.vogueluxury.ru\/wp-content\/uploads\/2024\/08\/color_0_1-94.jpg\",\"contentUrl\":\"https:\/\/www.vogueluxury.ru\/wp-content\/uploads\/2024\/08\/color_0_1-94.jpg\",\"width\":800,\"height\":800},{\"@type\":\"BreadcrumbList\",\"@id\":\"https:\/\/www.vogueluxury.ru\/fr\/product\/louis-vuitton-m48865-capucines-bb-handbag\/#breadcrumb\",\"itemListElement\":[{\"@type\":\"ListItem\",\"position\":1,\"name\":\"Home\",\"item\":\"https:\/\/www.vogueluxury.ru\/\"},{\"@type\":\"ListItem\",\"position\":2,\"name\":\"Shop\",\"item\":\"https:\/\/www.vogueluxury.ru\/el\/\u03ba\u03b1\u03c4\u03ac\u03c3\u03c4\u03b7\u03bc\u03b1\/\"},{\"@type\":\"ListItem\",\"position\":3,\"name\":\"Louis Vuitton M48865 Capucines Bb Handbag\"}]},{\"@type\":\"WebSite\",\"@id\":\"https:\/\/www.vogueluxury.ru\/fr\/#website\",\"url\":\"https:\/\/www.vogueluxury.ru\/fr\/\",\"name\":\"vogueluxury\",\"description\":\"Premium Quality 1:1 Replica Handbags - Fake Luxury Bags Store\",\"potentialAction\":[{\"@type\":\"SearchAction\",\"target\":{\"@type\":\"EntryPoint\",\"urlTemplate\":\"https:\/\/www.vogueluxury.ru\/fr\/?s={search_term_string}\"},\"query-input\":{\"@type\":\"PropertyValueSpecification\",\"valueRequired\":true,\"valueName\":\"search_term_string\"}}],\"inLanguage\":\"cs\"}]}<\/script>\n<!-- \/ Yoast SEO Premium plugin. -->","yoast_head_json":{"title":"Louis Vuitton M48865 Capucines Bb Handbag - vogueluxury","robots":{"index":"index","follow":"follow","max-snippet":"max-snippet:-1","max-image-preview":"max-image-preview:large","max-video-preview":"max-video-preview:-1"},"canonical":"https:\/\/www.vogueluxury.ru\/cs\/product\/louis-vuitton-m48865-capucines-bb-kabelka\/","og_locale":"cs_CZ","og_type":"article","og_title":"Louis Vuitton M48865 Capucines Bb Handbag","og_description":"Brands: Louis Vuitton Grade: AAAA Size: 10.6X7.1X3.5Inches\/ Item Code: M48865 Double Carry Style: Flap Inside Or Outside Chain: Removable Material:","og_url":"https:\/\/www.vogueluxury.ru\/cs\/product\/louis-vuitton-m48865-capucines-bb-kabelka\/","og_site_name":"vogueluxury","article_modified_time":"2024-08-30T12:36:00+00:00","og_image":[{"width":800,"height":800,"url":"https:\/\/www.vogueluxury.ru\/wp-content\/uploads\/2024\/08\/color_0_1-94.jpg","type":"image\/jpeg"}],"twitter_card":"summary_large_image","schema":{"@context":"https:\/\/schema.org","@graph":[{"@type":"WebPage","@id":"https:\/\/www.vogueluxury.ru\/fr\/product\/louis-vuitton-m48865-capucines-bb-handbag\/","url":"https:\/\/www.vogueluxury.ru\/fr\/product\/louis-vuitton-m48865-capucines-bb-handbag\/","name":"Louis Vuitton M48865 Capucines Bb Handbag - vogueluxury","isPartOf":{"@id":"https:\/\/www.vogueluxury.ru\/fr\/#website"},"primaryImageOfPage":{"@id":"https:\/\/www.vogueluxury.ru\/fr\/product\/louis-vuitton-m48865-capucines-bb-handbag\/#primaryimage"},"image":{"@id":"https:\/\/www.vogueluxury.ru\/fr\/product\/louis-vuitton-m48865-capucines-bb-handbag\/#primaryimage"},"thumbnailUrl":"https:\/\/www.vogueluxury.ru\/wp-content\/uploads\/2024\/08\/color_0_1-94.jpg","datePublished":"2024-08-30T12:20:15+00:00","dateModified":"2024-08-30T12:36:00+00:00","breadcrumb":{"@id":"https:\/\/www.vogueluxury.ru\/fr\/product\/louis-vuitton-m48865-capucines-bb-handbag\/#breadcrumb"},"inLanguage":"cs","potentialAction":[{"@type":"ReadAction","target":["https:\/\/www.vogueluxury.ru\/fr\/product\/louis-vuitton-m48865-capucines-bb-handbag\/"]}]},{"@type":"ImageObject","inLanguage":"cs","@id":"https:\/\/www.vogueluxury.ru\/fr\/product\/louis-vuitton-m48865-capucines-bb-handbag\/#primaryimage","url":"https:\/\/www.vogueluxury.ru\/wp-content\/uploads\/2024\/08\/color_0_1-94.jpg","contentUrl":"https:\/\/www.vogueluxury.ru\/wp-content\/uploads\/2024\/08\/color_0_1-94.jpg","width":800,"height":800},{"@type":"BreadcrumbList","@id":"https:\/\/www.vogueluxury.ru\/fr\/product\/louis-vuitton-m48865-capucines-bb-handbag\/#breadcrumb","itemListElement":[{"@type":"ListItem","position":1,"name":"Home","item":"https:\/\/www.vogueluxury.ru\/"},{"@type":"ListItem","position":2,"name":"Shop","item":"https:\/\/www.vogueluxury.ru\/el\/\u03ba\u03b1\u03c4\u03ac\u03c3\u03c4\u03b7\u03bc\u03b1\/"},{"@type":"ListItem","position":3,"name":"Louis Vuitton M48865 Capucines Bb Handbag"}]},{"@type":"WebSite","@id":"https:\/\/www.vogueluxury.ru\/fr\/#website","url":"https:\/\/www.vogueluxury.ru\/fr\/","name":"vogueluxury","description":"Premium Quality 1:1 Replica Handbags - Fake Luxury Bags Store","potentialAction":[{"@type":"SearchAction","target":{"@type":"EntryPoint","urlTemplate":"https:\/\/www.vogueluxury.ru\/fr\/?s={search_term_string}"},"query-input":{"@type":"PropertyValueSpecification","valueRequired":true,"valueName":"search_term_string"}}],"inLanguage":"cs"}]}},"_links":{"self":[{"href":"https:\/\/www.vogueluxury.ru\/cs\/wp-json\/wp\/v2\/product\/30506","targetHints":{"allow":["GET"]}}],"collection":[{"href":"https:\/\/www.vogueluxury.ru\/cs\/wp-json\/wp\/v2\/product"}],"about":[{"href":"https:\/\/www.vogueluxury.ru\/cs\/wp-json\/wp\/v2\/types\/product"}],"replies":[{"embeddable":true,"href":"https:\/\/www.vogueluxury.ru\/cs\/wp-json\/wp\/v2\/comments?post=30506"}],"wp:featuredmedia":[{"embeddable":true,"href":"https:\/\/www.vogueluxury.ru\/cs\/wp-json\/wp\/v2\/media\/30862"}],"wp:attachment":[{"href":"https:\/\/www.vogueluxury.ru\/cs\/wp-json\/wp\/v2\/media?parent=30506"}],"wp:term":[{"taxonomy":"product_brand","embeddable":true,"href":"https:\/\/www.vogueluxury.ru\/cs\/wp-json\/wp\/v2\/product_brand?post=30506"},{"taxonomy":"product_cat","embeddable":true,"href":"https:\/\/www.vogueluxury.ru\/cs\/wp-json\/wp\/v2\/product_cat?post=30506"},{"taxonomy":"product_tag","embeddable":true,"href":"https:\/\/www.vogueluxury.ru\/cs\/wp-json\/wp\/v2\/product_tag?post=30506"}],"curies":[{"name":"wp","href":"https:\/\/api.w.org\/{rel}","templated":true}]}}