{"id":30586,"date":"2024-08-30T12:23:40","date_gmt":"2024-08-30T12:23:40","guid":{"rendered":"https:\/\/www.vogueluxury.ru\/?post_type=product&#038;p=30586"},"modified":"2024-08-30T12:40:47","modified_gmt":"2024-08-30T12:40:47","slug":"celine-188003-small-16-bag-in-satinated-calfskin","status":"publish","type":"product","link":"https:\/\/www.vogueluxury.ru\/cs\/product\/celine-188003-small-16-bag-in-satinated-calfskin\/","title":{"rendered":"Celine 188003 Mal\u00e1 kabelka 16 v sat\u00e9nov\u00e9 telec\u00ed k\u016f\u017ei"},"content":{"rendered":"<li >\n<div class=\"base_key_value\"> <span class=\"key\" v-if=\"'Brands'!=''\"> Zna\u010dky: <\/span><span >Celine<\/span><\/div>\n<\/li>\n<li >\n<div class=\"base_key_value\"> <span class=\"key\" v-if=\"'Grade'!=''\"> T\u0159\u00edda: <\/span><span >1:1<i class=\"icon ion-ios-help-circle\"><\/i><\/span><\/div>\n<\/li>\n<li >\n<div class=\"base_key_value\"> <span class=\"key\" v-if=\"'Size'!=''\"> Velikost: <\/span><span >9.1X7.1X3.9Inches\/<span v-text=\"swatchUnit('9.1X7.1X3.9Inches')\"><\/span><\/span><\/div>\n<\/li>\n<li >\n<div class=\"base_key_value\"> <span class=\"key\" v-if=\"'Item Code'!=''\"> K\u00f3d polo\u017eky: <\/span><span >188003<\/span><\/div>\n<\/li>\n<\/ul>\n<p class=\"detail_bottom_title\" v-if=\"\">Popis produktu<\/p>\n<ul class=\"detail_bottom_desc\" >\n<li><span class=\"base_key_value\">Telec\u00ed k\u016f\u017ee<\/span><\/li>\n<li><span class=\"base_key_value\">Pod\u0161\u00edvka z jehn\u011b\u010d\u00ed k\u016f\u017ee<\/span><\/li>\n<li><span class=\"base_key_value\">Zlat\u00e1 povrchov\u00e1 \u00faprava<\/span><\/li>\n<li><span class=\"base_key_value\">No\u0161en\u00ed v ruce, na rameni a p\u0159es t\u011blo<\/span><\/li>\n<li><span class=\"base_key_value\">Uzav\u00edr\u00e1n\u00ed oto\u010dn\u00e9ho z\u00e1mku<\/span><\/li>\n<li><span class=\"base_key_value\">Dv\u011b hlavn\u00ed p\u0159ihr\u00e1dky<\/span><\/li>\n<li><span class=\"base_key_value\">Jedna vnit\u0159n\u00ed ploch\u00e1 kapsa<\/span><\/li>\n<li><span class=\"base_key_value\">Jedna vnit\u0159n\u00ed kapsa na zip<\/span><\/li>\n<li><span class=\"base_key_value\">Jedna vn\u011bj\u0161\u00ed ploch\u00e1 kapsa na p\u0159edn\u00ed stran\u011b pod klopou<\/span><\/li>\n<li><span class=\"base_key_value\">Odn\u00edmateln\u00fd ko\u017een\u00fd \u0159em\u00ednek s kapkou 18 palc\u016f (46 cm)<\/span><\/li>\n<li><span class=\"base_key_value\">Rukoje\u0165 s kapkou 3 palce (8,5 cm)<\/span><\/li>","protected":false},"excerpt":{"rendered":"<p>Zna\u010dky: K\u00f3d polo\u017eky: Celine Stupe\u0148: 1:1 Velikost: 9.1X7.1X3.9Velikost\/ K\u00f3d polo\u017eky: 188003 Popis produktu Telec\u00ed k\u016f\u017ee s jehn\u011b\u010d\u00ed pod\u0161\u00edvkou Zlat\u00e1 povrchov\u00e1 \u00faprava No\u0161en\u00ed v ruce, no\u0161en\u00ed p\u0159es rameno.<\/p>","protected":false},"featured_media":30972,"comment_status":"open","ping_status":"closed","template":"","meta":[],"product_brand":[],"product_cat":[138],"product_tag":[213,212,211],"class_list":{"0":"post-30586","1":"product","2":"type-product","3":"status-publish","4":"has-post-thumbnail","6":"product_cat-flap","7":"product_tag-flap","8":"product_tag-shoulder-bag","9":"product_tag-women","11":"first","12":"instock","13":"shipping-taxable","14":"purchasable","15":"product-type-simple"},"yoast_head":"<!-- This site is optimized with the Yoast SEO Premium plugin v23.1 (Yoast SEO v25.3.1) - https:\/\/yoast.com\/wordpress\/plugins\/seo\/ -->\n<title>Celine 188003 Small 16 Bag In Satinated Calfskin - vogueluxury<\/title>\n<meta name=\"robots\" content=\"index, follow, max-snippet:-1, max-image-preview:large, max-video-preview:-1\" \/>\n<link rel=\"canonical\" href=\"https:\/\/www.vogueluxury.ru\/cs\/product\/celine-188003-small-16-bag-in-satinated-calfskin\/\" \/>\n<meta property=\"og:locale\" content=\"cs_CZ\" \/>\n<meta property=\"og:type\" content=\"article\" \/>\n<meta property=\"og:title\" content=\"Celine 188003 Small 16 Bag In Satinated Calfskin\" \/>\n<meta property=\"og:description\" content=\"Brands: Celine Grade: 1:1 Size: 9.1X7.1X3.9Inches\/ Item Code: 188003 Product Description Calfskin Lambskin Lining Gold Finishing Hand Carry, Shoulder Carry\" \/>\n<meta property=\"og:url\" content=\"https:\/\/www.vogueluxury.ru\/cs\/product\/celine-188003-small-16-bag-in-satinated-calfskin\/\" \/>\n<meta property=\"og:site_name\" content=\"vogueluxury\" \/>\n<meta property=\"article:modified_time\" content=\"2024-08-30T12:40:47+00:00\" \/>\n<meta property=\"og:image\" content=\"https:\/\/www.vogueluxury.ru\/wp-content\/uploads\/2024\/08\/color_0_1-101.jpg\" \/>\n\t<meta property=\"og:image:width\" content=\"800\" \/>\n\t<meta property=\"og:image:height\" content=\"800\" \/>\n\t<meta property=\"og:image:type\" content=\"image\/jpeg\" \/>\n<meta name=\"twitter:card\" content=\"summary_large_image\" \/>\n<script type=\"application\/ld+json\" class=\"yoast-schema-graph\">{\"@context\":\"https:\/\/schema.org\",\"@graph\":[{\"@type\":\"WebPage\",\"@id\":\"https:\/\/www.vogueluxury.ru\/nl\/product\/celine-188003-small-16-bag-in-satinated-calfskin\/\",\"url\":\"https:\/\/www.vogueluxury.ru\/nl\/product\/celine-188003-small-16-bag-in-satinated-calfskin\/\",\"name\":\"Celine 188003 Small 16 Bag In Satinated Calfskin - vogueluxury\",\"isPartOf\":{\"@id\":\"https:\/\/www.vogueluxury.ru\/fr\/#website\"},\"primaryImageOfPage\":{\"@id\":\"https:\/\/www.vogueluxury.ru\/nl\/product\/celine-188003-small-16-bag-in-satinated-calfskin\/#primaryimage\"},\"image\":{\"@id\":\"https:\/\/www.vogueluxury.ru\/nl\/product\/celine-188003-small-16-bag-in-satinated-calfskin\/#primaryimage\"},\"thumbnailUrl\":\"https:\/\/www.vogueluxury.ru\/wp-content\/uploads\/2024\/08\/color_0_1-101.jpg\",\"datePublished\":\"2024-08-30T12:23:40+00:00\",\"dateModified\":\"2024-08-30T12:40:47+00:00\",\"breadcrumb\":{\"@id\":\"https:\/\/www.vogueluxury.ru\/nl\/product\/celine-188003-small-16-bag-in-satinated-calfskin\/#breadcrumb\"},\"inLanguage\":\"cs\",\"potentialAction\":[{\"@type\":\"ReadAction\",\"target\":[\"https:\/\/www.vogueluxury.ru\/nl\/product\/celine-188003-small-16-bag-in-satinated-calfskin\/\"]}]},{\"@type\":\"ImageObject\",\"inLanguage\":\"cs\",\"@id\":\"https:\/\/www.vogueluxury.ru\/nl\/product\/celine-188003-small-16-bag-in-satinated-calfskin\/#primaryimage\",\"url\":\"https:\/\/www.vogueluxury.ru\/wp-content\/uploads\/2024\/08\/color_0_1-101.jpg\",\"contentUrl\":\"https:\/\/www.vogueluxury.ru\/wp-content\/uploads\/2024\/08\/color_0_1-101.jpg\",\"width\":800,\"height\":800},{\"@type\":\"BreadcrumbList\",\"@id\":\"https:\/\/www.vogueluxury.ru\/nl\/product\/celine-188003-small-16-bag-in-satinated-calfskin\/#breadcrumb\",\"itemListElement\":[{\"@type\":\"ListItem\",\"position\":1,\"name\":\"Home\",\"item\":\"https:\/\/www.vogueluxury.ru\/\"},{\"@type\":\"ListItem\",\"position\":2,\"name\":\"Shop\",\"item\":\"https:\/\/www.vogueluxury.ru\/el\/\u03ba\u03b1\u03c4\u03ac\u03c3\u03c4\u03b7\u03bc\u03b1\/\"},{\"@type\":\"ListItem\",\"position\":3,\"name\":\"Celine 188003 Small 16 Bag In Satinated Calfskin\"}]},{\"@type\":\"WebSite\",\"@id\":\"https:\/\/www.vogueluxury.ru\/fr\/#website\",\"url\":\"https:\/\/www.vogueluxury.ru\/fr\/\",\"name\":\"vogueluxury\",\"description\":\"Premium Quality 1:1 Replica Handbags - Fake Luxury Bags Store\",\"potentialAction\":[{\"@type\":\"SearchAction\",\"target\":{\"@type\":\"EntryPoint\",\"urlTemplate\":\"https:\/\/www.vogueluxury.ru\/fr\/?s={search_term_string}\"},\"query-input\":{\"@type\":\"PropertyValueSpecification\",\"valueRequired\":true,\"valueName\":\"search_term_string\"}}],\"inLanguage\":\"cs\"}]}<\/script>\n<!-- \/ Yoast SEO Premium plugin. -->","yoast_head_json":{"title":"Celine 188003 Small 16 Bag In Satinated Calfskin - vogueluxury","robots":{"index":"index","follow":"follow","max-snippet":"max-snippet:-1","max-image-preview":"max-image-preview:large","max-video-preview":"max-video-preview:-1"},"canonical":"https:\/\/www.vogueluxury.ru\/cs\/product\/celine-188003-small-16-bag-in-satinated-calfskin\/","og_locale":"cs_CZ","og_type":"article","og_title":"Celine 188003 Small 16 Bag In Satinated Calfskin","og_description":"Brands: Celine Grade: 1:1 Size: 9.1X7.1X3.9Inches\/ Item Code: 188003 Product Description Calfskin Lambskin Lining Gold Finishing Hand Carry, Shoulder Carry","og_url":"https:\/\/www.vogueluxury.ru\/cs\/product\/celine-188003-small-16-bag-in-satinated-calfskin\/","og_site_name":"vogueluxury","article_modified_time":"2024-08-30T12:40:47+00:00","og_image":[{"width":800,"height":800,"url":"https:\/\/www.vogueluxury.ru\/wp-content\/uploads\/2024\/08\/color_0_1-101.jpg","type":"image\/jpeg"}],"twitter_card":"summary_large_image","schema":{"@context":"https:\/\/schema.org","@graph":[{"@type":"WebPage","@id":"https:\/\/www.vogueluxury.ru\/nl\/product\/celine-188003-small-16-bag-in-satinated-calfskin\/","url":"https:\/\/www.vogueluxury.ru\/nl\/product\/celine-188003-small-16-bag-in-satinated-calfskin\/","name":"Celine 188003 Small 16 Bag In Satinated Calfskin - vogueluxury","isPartOf":{"@id":"https:\/\/www.vogueluxury.ru\/fr\/#website"},"primaryImageOfPage":{"@id":"https:\/\/www.vogueluxury.ru\/nl\/product\/celine-188003-small-16-bag-in-satinated-calfskin\/#primaryimage"},"image":{"@id":"https:\/\/www.vogueluxury.ru\/nl\/product\/celine-188003-small-16-bag-in-satinated-calfskin\/#primaryimage"},"thumbnailUrl":"https:\/\/www.vogueluxury.ru\/wp-content\/uploads\/2024\/08\/color_0_1-101.jpg","datePublished":"2024-08-30T12:23:40+00:00","dateModified":"2024-08-30T12:40:47+00:00","breadcrumb":{"@id":"https:\/\/www.vogueluxury.ru\/nl\/product\/celine-188003-small-16-bag-in-satinated-calfskin\/#breadcrumb"},"inLanguage":"cs","potentialAction":[{"@type":"ReadAction","target":["https:\/\/www.vogueluxury.ru\/nl\/product\/celine-188003-small-16-bag-in-satinated-calfskin\/"]}]},{"@type":"ImageObject","inLanguage":"cs","@id":"https:\/\/www.vogueluxury.ru\/nl\/product\/celine-188003-small-16-bag-in-satinated-calfskin\/#primaryimage","url":"https:\/\/www.vogueluxury.ru\/wp-content\/uploads\/2024\/08\/color_0_1-101.jpg","contentUrl":"https:\/\/www.vogueluxury.ru\/wp-content\/uploads\/2024\/08\/color_0_1-101.jpg","width":800,"height":800},{"@type":"BreadcrumbList","@id":"https:\/\/www.vogueluxury.ru\/nl\/product\/celine-188003-small-16-bag-in-satinated-calfskin\/#breadcrumb","itemListElement":[{"@type":"ListItem","position":1,"name":"Home","item":"https:\/\/www.vogueluxury.ru\/"},{"@type":"ListItem","position":2,"name":"Shop","item":"https:\/\/www.vogueluxury.ru\/el\/\u03ba\u03b1\u03c4\u03ac\u03c3\u03c4\u03b7\u03bc\u03b1\/"},{"@type":"ListItem","position":3,"name":"Celine 188003 Small 16 Bag In Satinated Calfskin"}]},{"@type":"WebSite","@id":"https:\/\/www.vogueluxury.ru\/fr\/#website","url":"https:\/\/www.vogueluxury.ru\/fr\/","name":"vogueluxury","description":"Premium Quality 1:1 Replica Handbags - Fake Luxury Bags Store","potentialAction":[{"@type":"SearchAction","target":{"@type":"EntryPoint","urlTemplate":"https:\/\/www.vogueluxury.ru\/fr\/?s={search_term_string}"},"query-input":{"@type":"PropertyValueSpecification","valueRequired":true,"valueName":"search_term_string"}}],"inLanguage":"cs"}]}},"_links":{"self":[{"href":"https:\/\/www.vogueluxury.ru\/cs\/wp-json\/wp\/v2\/product\/30586","targetHints":{"allow":["GET"]}}],"collection":[{"href":"https:\/\/www.vogueluxury.ru\/cs\/wp-json\/wp\/v2\/product"}],"about":[{"href":"https:\/\/www.vogueluxury.ru\/cs\/wp-json\/wp\/v2\/types\/product"}],"replies":[{"embeddable":true,"href":"https:\/\/www.vogueluxury.ru\/cs\/wp-json\/wp\/v2\/comments?post=30586"}],"wp:featuredmedia":[{"embeddable":true,"href":"https:\/\/www.vogueluxury.ru\/cs\/wp-json\/wp\/v2\/media\/30972"}],"wp:attachment":[{"href":"https:\/\/www.vogueluxury.ru\/cs\/wp-json\/wp\/v2\/media?parent=30586"}],"wp:term":[{"taxonomy":"product_brand","embeddable":true,"href":"https:\/\/www.vogueluxury.ru\/cs\/wp-json\/wp\/v2\/product_brand?post=30586"},{"taxonomy":"product_cat","embeddable":true,"href":"https:\/\/www.vogueluxury.ru\/cs\/wp-json\/wp\/v2\/product_cat?post=30586"},{"taxonomy":"product_tag","embeddable":true,"href":"https:\/\/www.vogueluxury.ru\/cs\/wp-json\/wp\/v2\/product_tag?post=30586"}],"curies":[{"name":"wp","href":"https:\/\/api.w.org\/{rel}","templated":true}]}}