{"id":11,"date":"2023-10-29T05:52:31","date_gmt":"2023-10-29T05:52:31","guid":{"rendered":"http:\/\/www.vogueluxury.ru\/?page_id=11"},"modified":"2023-10-29T05:52:35","modified_gmt":"2023-10-29T05:52:35","slug":"ruckerstattung_ruckgaben","status":"publish","type":"page","link":"https:\/\/www.vogueluxury.ru\/de\/ruckerstattung_ruckgaben\/","title":{"rendered":"Erstattungs- und R\u00fcckgabebestimmungen"},"content":{"rendered":"<p><\/p>\n\n\n\n<p>Unsere Erstattungs- und R\u00fcckgabebestimmungen gelten f\u00fcr 30 Tage. Wenn 30 Tage seit Ihrem Kauf vergangen sind, k\u00f6nnen wir Ihnen keine volle R\u00fcckerstattung oder Umtausch anbieten.<\/p>\n\n\n\n<p>Um f\u00fcr eine R\u00fcckgabe in Frage zu kommen, muss Ihr Artikel unbenutzt sein und sich in demselben Zustand befinden, in dem Sie ihn erhalten haben. Au\u00dferdem muss er in der Originalverpackung sein.<\/p>\n\n\n\n<p>Einige Arten von Waren sind von der R\u00fcckgabe ausgenommen. Verderbliche Waren wie Lebensmittel, Blumen, Zeitungen oder Zeitschriften k\u00f6nnen nicht zur\u00fcckgegeben werden. Wir nehmen auch keine Produkte an, bei denen es sich um Intim- oder Hygieneartikel, Gefahrgut oder brennbare Fl\u00fcssigkeiten oder Gase handelt.<\/p>\n\n\n\n<p>Wir bieten eine 100% Zufriedenheitsgarantie auf alle unsere Produkte. Wir sind stolz auf die au\u00dfergew\u00f6hnliche Qualit\u00e4t und Handwerkskunst, die unsere Repliken von anderen auf dem Markt abhebt. Wir sind zuversichtlich, in den Wert unserer Produkte und stehen hinter ihrer Exzellenz.<\/p>\n\n\n\n<p>Sollten Sie aufgrund eines Fehlers unsererseits ein fehlerhaftes oder falsches Produkt erhalten, tauschen wir es umgehend und ohne zus\u00e4tzliche Kosten f\u00fcr Sie gegen das richtige Produkt aus. Wir \u00fcbernehmen auch die mit der R\u00fcckgabe und dem Umtausch verbundenen Versandkosten.<\/p>\n\n\n\n<p>Bitte beachten Sie jedoch, dass der Kunde f\u00fcr die Versandkosten verantwortlich ist, wenn er einen Artikel aus einem anderen Grund zur\u00fcckschickt. Der Kunde muss sicherstellen, dass der Artikel sicher an die von uns angegebene R\u00fccksendeadresse geschickt wird. In seltenen F\u00e4llen kann es bei der R\u00fccksendung von Artikeln nach China zu Problemen mit dem Zoll kommen, und wir k\u00f6nnen in solchen F\u00e4llen nicht f\u00fcr Beschlagnahmungen durch den Zoll verantwortlich gemacht werden oder R\u00fcckerstattungen leisten.<\/p>\n\n\n\n<p>Wenn Sie einen Herstellungsfehler an Ihrem Produkt feststellen, wenden Sie sich bitte an uns, um Anweisungen zu erhalten, wohin Sie den Artikel zur\u00fccksenden k\u00f6nnen. Es ist wichtig, dass Sie den Artikel nicht an den Absender zur\u00fcckschicken. F\u00fcr die Bearbeitung Ihrer R\u00fcckerstattung oder Ihres Umtauschs ist eine vorherige Kontaktaufnahme mit unserem Kundendienstteam erforderlich. Unsere Spediteure akzeptieren keine R\u00fccksendungen oder Umt\u00e4usche ohne eine R\u00fccksendeadresse und eine g\u00fcltige RMA-Nummer (Return Merchandise Authorization), die von unserer R\u00fccksendeabteilung ausgestellt wurde.<\/p>\n\n\n\n<p>Um einen Umtausch oder eine R\u00fcckerstattung in die Wege zu leiten, m\u00fcssen Sie das zur\u00fcckgesandte Paket auf eigene Kosten \u00fcber einen Kurierdienst Ihrer Wahl versenden. Bitte geben Sie uns die Tracking-Nummer f\u00fcr das zur\u00fcckgesendete Paket an, um den Umtausch- oder Erstattungsprozess zu erleichtern. Bitte beachten Sie, dass wir nicht in der Lage sind, die Kosten f\u00fcr die R\u00fccksendung zu erstatten, da wir die anf\u00e4nglichen Kosten f\u00fcr den Versand an Sie \u00fcbernehmen w\u00fcrden.<\/p>\n\n\n\n<p>Wir sch\u00e4tzen unsere Kunden und bem\u00fchen uns, ihre Zufriedenheit mit unseren Produkten zu gew\u00e4hrleisten. Wenn Sie weitere Fragen oder Bedenken bez\u00fcglich unseres R\u00fcckgaberechts haben, z\u00f6gern Sie bitte nicht, unseren Kundenservice zu kontaktieren.<\/p>","protected":false},"excerpt":{"rendered":"<p>Unsere Erstattungs- und R\u00fcckgabebestimmungen gelten f\u00fcr 30 Tage. Wenn 30 Tage seit Ihrem Kauf vergangen sind, k\u00f6nnen wir Ihnen nicht anbieten<\/p>","protected":false},"author":1,"featured_media":0,"parent":0,"menu_order":0,"comment_status":"closed","ping_status":"closed","template":"","meta":{"footnotes":""},"class_list":["post-11","page","type-page","status-publish","hentry"],"yoast_head":"<!-- This site is optimized with the Yoast SEO Premium plugin v23.1 (Yoast SEO v25.3.1) - https:\/\/yoast.com\/wordpress\/plugins\/seo\/ -->\n<title>Refund and Returns Policy - vogueluxury<\/title>\n<meta name=\"robots\" content=\"index, follow, max-snippet:-1, max-image-preview:large, max-video-preview:-1\" \/>\n<link rel=\"canonical\" href=\"https:\/\/www.vogueluxury.ru\/de\/ruckerstattung_ruckgaben\/\" \/>\n<meta property=\"og:locale\" content=\"de_DE\" \/>\n<meta property=\"og:type\" content=\"article\" \/>\n<meta property=\"og:title\" content=\"Refund and Returns Policy\" \/>\n<meta property=\"og:description\" content=\"Our refund and returns policy lasts 30 days. If 30 days have passed since your purchase, we can\u2019t offer you\" \/>\n<meta property=\"og:url\" content=\"https:\/\/www.vogueluxury.ru\/de\/ruckerstattung_ruckgaben\/\" \/>\n<meta property=\"og:site_name\" content=\"vogueluxury\" \/>\n<meta property=\"article:modified_time\" content=\"2023-10-29T05:52:35+00:00\" \/>\n<meta name=\"twitter:card\" content=\"summary_large_image\" \/>\n<meta name=\"twitter:label1\" content=\"Gesch\u00e4tzte Lesezeit\" \/>\n\t<meta name=\"twitter:data1\" content=\"2\u00a0Minuten\" \/>\n<script type=\"application\/ld+json\" class=\"yoast-schema-graph\">{\"@context\":\"https:\/\/schema.org\",\"@graph\":[{\"@type\":\"WebPage\",\"@id\":\"https:\/\/www.vogueluxury.ru\/fr\/remboursements\/\",\"url\":\"https:\/\/www.vogueluxury.ru\/fr\/remboursements\/\",\"name\":\"Refund and Returns Policy - vogueluxury\",\"isPartOf\":{\"@id\":\"https:\/\/www.vogueluxury.ru\/fr\/#website\"},\"datePublished\":\"2023-10-29T05:52:31+00:00\",\"dateModified\":\"2023-10-29T05:52:35+00:00\",\"breadcrumb\":{\"@id\":\"https:\/\/www.vogueluxury.ru\/fr\/remboursements\/#breadcrumb\"},\"inLanguage\":\"de\",\"potentialAction\":[{\"@type\":\"ReadAction\",\"target\":[\"https:\/\/www.vogueluxury.ru\/fr\/remboursements\/\"]}]},{\"@type\":\"BreadcrumbList\",\"@id\":\"https:\/\/www.vogueluxury.ru\/fr\/remboursements\/#breadcrumb\",\"itemListElement\":[{\"@type\":\"ListItem\",\"position\":1,\"name\":\"Home\",\"item\":\"https:\/\/www.vogueluxury.ru\/\"},{\"@type\":\"ListItem\",\"position\":2,\"name\":\"Refund and Returns Policy\"}]},{\"@type\":\"WebSite\",\"@id\":\"https:\/\/www.vogueluxury.ru\/fr\/#website\",\"url\":\"https:\/\/www.vogueluxury.ru\/fr\/\",\"name\":\"vogueluxury\",\"description\":\"Premium Quality 1:1 Replica Handbags - Fake Luxury Bags Store\",\"potentialAction\":[{\"@type\":\"SearchAction\",\"target\":{\"@type\":\"EntryPoint\",\"urlTemplate\":\"https:\/\/www.vogueluxury.ru\/fr\/?s={search_term_string}\"},\"query-input\":{\"@type\":\"PropertyValueSpecification\",\"valueRequired\":true,\"valueName\":\"search_term_string\"}}],\"inLanguage\":\"de\"}]}<\/script>\n<!-- \/ Yoast SEO Premium plugin. -->","yoast_head_json":{"title":"Refund and Returns Policy - vogueluxury","robots":{"index":"index","follow":"follow","max-snippet":"max-snippet:-1","max-image-preview":"max-image-preview:large","max-video-preview":"max-video-preview:-1"},"canonical":"https:\/\/www.vogueluxury.ru\/de\/ruckerstattung_ruckgaben\/","og_locale":"de_DE","og_type":"article","og_title":"Refund and Returns Policy","og_description":"Our refund and returns policy lasts 30 days. If 30 days have passed since your purchase, we can\u2019t offer you","og_url":"https:\/\/www.vogueluxury.ru\/de\/ruckerstattung_ruckgaben\/","og_site_name":"vogueluxury","article_modified_time":"2023-10-29T05:52:35+00:00","twitter_card":"summary_large_image","twitter_misc":{"Gesch\u00e4tzte Lesezeit":"2\u00a0Minuten"},"schema":{"@context":"https:\/\/schema.org","@graph":[{"@type":"WebPage","@id":"https:\/\/www.vogueluxury.ru\/fr\/remboursements\/","url":"https:\/\/www.vogueluxury.ru\/fr\/remboursements\/","name":"Refund and Returns Policy - vogueluxury","isPartOf":{"@id":"https:\/\/www.vogueluxury.ru\/fr\/#website"},"datePublished":"2023-10-29T05:52:31+00:00","dateModified":"2023-10-29T05:52:35+00:00","breadcrumb":{"@id":"https:\/\/www.vogueluxury.ru\/fr\/remboursements\/#breadcrumb"},"inLanguage":"de","potentialAction":[{"@type":"ReadAction","target":["https:\/\/www.vogueluxury.ru\/fr\/remboursements\/"]}]},{"@type":"BreadcrumbList","@id":"https:\/\/www.vogueluxury.ru\/fr\/remboursements\/#breadcrumb","itemListElement":[{"@type":"ListItem","position":1,"name":"Home","item":"https:\/\/www.vogueluxury.ru\/"},{"@type":"ListItem","position":2,"name":"Refund and Returns Policy"}]},{"@type":"WebSite","@id":"https:\/\/www.vogueluxury.ru\/fr\/#website","url":"https:\/\/www.vogueluxury.ru\/fr\/","name":"vogueluxury","description":"Premium Quality 1:1 Replica Handbags - Fake Luxury Bags Store","potentialAction":[{"@type":"SearchAction","target":{"@type":"EntryPoint","urlTemplate":"https:\/\/www.vogueluxury.ru\/fr\/?s={search_term_string}"},"query-input":{"@type":"PropertyValueSpecification","valueRequired":true,"valueName":"search_term_string"}}],"inLanguage":"de"}]}},"_links":{"self":[{"href":"https:\/\/www.vogueluxury.ru\/de\/wp-json\/wp\/v2\/pages\/11","targetHints":{"allow":["GET"]}}],"collection":[{"href":"https:\/\/www.vogueluxury.ru\/de\/wp-json\/wp\/v2\/pages"}],"about":[{"href":"https:\/\/www.vogueluxury.ru\/de\/wp-json\/wp\/v2\/types\/page"}],"author":[{"embeddable":true,"href":"https:\/\/www.vogueluxury.ru\/de\/wp-json\/wp\/v2\/users\/1"}],"replies":[{"embeddable":true,"href":"https:\/\/www.vogueluxury.ru\/de\/wp-json\/wp\/v2\/comments?post=11"}],"version-history":[{"count":0,"href":"https:\/\/www.vogueluxury.ru\/de\/wp-json\/wp\/v2\/pages\/11\/revisions"}],"wp:attachment":[{"href":"https:\/\/www.vogueluxury.ru\/de\/wp-json\/wp\/v2\/media?parent=11"}],"curies":[{"name":"wp","href":"https:\/\/api.w.org\/{rel}","templated":true}]}}