{"id":2,"date":"2023-10-26T03:12:55","date_gmt":"2023-10-26T03:12:55","guid":{"rendered":"http:\/\/www.vogueluxury.ru\/?page_id=2"},"modified":"2023-10-29T05:58:41","modified_gmt":"2023-10-29T05:58:41","slug":"bedingungen","status":"publish","type":"page","link":"https:\/\/www.vogueluxury.ru\/de\/bedingungen\/","title":{"rendered":"Bedingungen und Konditionen"},"content":{"rendered":"<p>Bitte beachten Sie, dass die folgenden Bedingungen f\u00fcr die Nutzung der Website [vogueluxury] gelten. Indem Sie auf unsere Website zugreifen und sie nutzen, erkl\u00e4ren Sie sich damit einverstanden, diese Bedingungen einzuhalten. Wenn Sie mit einem Teil dieser Bedingungen nicht einverstanden sind, sehen Sie bitte von der Nutzung unserer Website ab.<\/p>\n\n\n\n<p>Geistiges Eigentum:<br>a. Der gesamte Inhalt der [vogueluxury]-Website, einschlie\u00dflich, aber nicht beschr\u00e4nkt auf Texte, Grafiken, Logos, Bilder, Produktbeschreibungen und Software, ist Eigentum von [vogueluxury] und ist durch das Urheberrecht und andere Gesetze zum Schutz des geistigen Eigentums gesch\u00fctzt.<br>b. Es ist nicht gestattet, Inhalte unserer Website ohne vorherige schriftliche Zustimmung von [vogueluxury] zu vervielf\u00e4ltigen, zu verbreiten, zu ver\u00e4ndern, zu \u00fcbertragen oder zu nutzen.<\/p>\n\n\n\n<p>Informationen zum Produkt:<br>a. Wir bem\u00fchen uns, auf unserer Website genaue und aktuelle Produktinformationen bereitzustellen. Wir \u00fcbernehmen jedoch keine Garantie f\u00fcr die Richtigkeit, Vollst\u00e4ndigkeit oder Zuverl\u00e4ssigkeit der Produktbeschreibungen, Preise oder Verf\u00fcgbarkeit.<br>b. Wir behalten uns das Recht vor, Produktinformationen, einschlie\u00dflich der Preise, jederzeit und ohne vorherige Ank\u00fcndigung zu \u00e4ndern oder zu aktualisieren.<\/p>\n\n\n\n<p>Bestellungen und Zahlungen:<br>a. Wenn Sie eine Bestellung auf unserer Website aufgeben, erkl\u00e4ren Sie sich damit einverstanden, genaue und vollst\u00e4ndige Angaben zu machen, einschlie\u00dflich Ihres Namens, Ihrer Lieferadresse und Ihrer Zahlungsdaten.<br>b. Alle Bestellungen sind vorbehaltlich der Annahme und Verf\u00fcgbarkeit. Wir behalten uns das Recht vor, jede Bestellung aus irgendeinem Grund abzulehnen oder zu stornieren, einschlie\u00dflich, aber nicht beschr\u00e4nkt auf die Nichtverf\u00fcgbarkeit von Produkten, Ungenauigkeiten in der Preis- oder Produktinformation oder vermutete betr\u00fcgerische Aktivit\u00e4ten.<br>c. Die Zahlung f\u00fcr Bestellungen muss in voller H\u00f6he zum Zeitpunkt des Kaufs erfolgen. Wir akzeptieren verschiedene Zahlungsarten, wie auf unserer Website angegeben.<\/p>\n\n\n\n<p>Versand und Lieferung:<br>a. Wir bem\u00fchen uns, Bestellungen zeitnah zu bearbeiten und zu versenden. Wir k\u00f6nnen jedoch keine bestimmten Liefertermine oder -zeiten garantieren.<br>b. Die Versandkosten und die voraussichtlichen Lieferzeiten werden w\u00e4hrend des Bestellvorgangs angegeben und k\u00f6nnen je nach Versandziel und gew\u00e4hlter Versandart variieren.<\/p>\n\n\n\n<p>R\u00fcckgabe und Umtausch:<br>a. Informationen zu R\u00fcckgabe, Umtausch und R\u00fcckerstattung finden Sie in unseren R\u00fcckgaberichtlinien.<\/p>\n\n\n\n<p>Begrenzung der Haftung:<br>a. Soweit gesetzlich zul\u00e4ssig, haftet [vogueluxury] nicht f\u00fcr direkte, indirekte, zuf\u00e4llige oder Folgesch\u00e4den, die sich aus der Nutzung oder der Unm\u00f6glichkeit der Nutzung unserer Website oder der von uns erworbenen Produkte ergeben oder damit zusammenh\u00e4ngen.<br>b. Wir geben keine Garantien oder Zusicherungen in Bezug auf die Richtigkeit, Zuverl\u00e4ssigkeit oder Vollst\u00e4ndigkeit der Inhalte auf unserer Website.<\/p>\n\n\n\n<p>Geltendes Recht und Gerichtsstand:<br>a. Diese Bedingungen unterliegen den Gesetzen von [zutreffende Gerichtsbarkeit einf\u00fcgen] und werden in \u00dcbereinstimmung mit diesen ausgelegt.<br>b. Alle Streitigkeiten, die sich aus oder in Verbindung mit diesen Bedingungen ergeben, unterliegen der ausschlie\u00dflichen Zust\u00e4ndigkeit der Gerichte von [zutreffende Gerichtsbarkeit einf\u00fcgen].<\/p>\n\n\n\n<p>\u00c4nderungen der Bedingungen und Konditionen:<br>a. Wir behalten uns das Recht vor, diese Bedingungen jederzeit und ohne vorherige Ank\u00fcndigung zu \u00e4ndern oder zu aktualisieren. Die \u00c4nderungen werden sofort nach Ver\u00f6ffentlichung auf unserer Website wirksam.<br>b. Es liegt in Ihrer Verantwortung, diese Bedingungen regelm\u00e4\u00dfig auf Aktualisierungen oder \u00c4nderungen zu \u00fcberpr\u00fcfen.<\/p>\n\n\n\n<p>Wenn Sie Fragen oder Bedenken bez\u00fcglich dieser Bedingungen haben, kontaktieren Sie uns bitte \u00fcber die auf unserer Website angegebenen Informationen.<\/p>","protected":false},"excerpt":{"rendered":"<p>Bitte beachten Sie, dass die folgenden Bedingungen f\u00fcr die Nutzung der Website [vogueluxury] gelten. Durch den Zugriff auf und die Nutzung unserer<\/p>","protected":false},"author":1,"featured_media":0,"parent":0,"menu_order":0,"comment_status":"closed","ping_status":"closed","template":"","meta":{"footnotes":""},"class_list":["post-2","page","type-page","status-publish","hentry"],"yoast_head":"<!-- This site is optimized with the Yoast SEO Premium plugin v23.1 (Yoast SEO v25.3.1) - https:\/\/yoast.com\/wordpress\/plugins\/seo\/ -->\n<title>Terms &amp; Conditions - vogueluxury<\/title>\n<meta name=\"robots\" content=\"index, follow, max-snippet:-1, max-image-preview:large, max-video-preview:-1\" \/>\n<link rel=\"canonical\" href=\"https:\/\/www.vogueluxury.ru\/de\/bedingungen\/\" \/>\n<meta property=\"og:locale\" content=\"de_DE\" \/>\n<meta property=\"og:type\" content=\"article\" \/>\n<meta property=\"og:title\" content=\"Terms &amp; Conditions\" \/>\n<meta property=\"og:description\" content=\"Please note that the following terms and conditions govern your use of the [vogueluxury] website. By accessing and using our\" \/>\n<meta property=\"og:url\" content=\"https:\/\/www.vogueluxury.ru\/de\/bedingungen\/\" \/>\n<meta property=\"og:site_name\" content=\"vogueluxury\" \/>\n<meta property=\"article:modified_time\" content=\"2023-10-29T05:58:41+00:00\" \/>\n<meta name=\"twitter:card\" content=\"summary_large_image\" \/>\n<meta name=\"twitter:label1\" content=\"Gesch\u00e4tzte Lesezeit\" \/>\n\t<meta name=\"twitter:data1\" content=\"3\u00a0Minuten\" \/>\n<script type=\"application\/ld+json\" class=\"yoast-schema-graph\">{\"@context\":\"https:\/\/schema.org\",\"@graph\":[{\"@type\":\"WebPage\",\"@id\":\"https:\/\/www.vogueluxury.ru\/ar\/terms-conditions\/\",\"url\":\"https:\/\/www.vogueluxury.ru\/ar\/terms-conditions\/\",\"name\":\"Terms &amp; Conditions - vogueluxury\",\"isPartOf\":{\"@id\":\"https:\/\/www.vogueluxury.ru\/fr\/#website\"},\"datePublished\":\"2023-10-26T03:12:55+00:00\",\"dateModified\":\"2023-10-29T05:58:41+00:00\",\"breadcrumb\":{\"@id\":\"https:\/\/www.vogueluxury.ru\/ar\/terms-conditions\/#breadcrumb\"},\"inLanguage\":\"de\",\"potentialAction\":[{\"@type\":\"ReadAction\",\"target\":[\"https:\/\/www.vogueluxury.ru\/ar\/terms-conditions\/\"]}]},{\"@type\":\"BreadcrumbList\",\"@id\":\"https:\/\/www.vogueluxury.ru\/ar\/terms-conditions\/#breadcrumb\",\"itemListElement\":[{\"@type\":\"ListItem\",\"position\":1,\"name\":\"Home\",\"item\":\"https:\/\/www.vogueluxury.ru\/\"},{\"@type\":\"ListItem\",\"position\":2,\"name\":\"Terms &amp; Conditions\"}]},{\"@type\":\"WebSite\",\"@id\":\"https:\/\/www.vogueluxury.ru\/fr\/#website\",\"url\":\"https:\/\/www.vogueluxury.ru\/fr\/\",\"name\":\"vogueluxury\",\"description\":\"Premium Quality 1:1 Replica Handbags - Fake Luxury Bags Store\",\"potentialAction\":[{\"@type\":\"SearchAction\",\"target\":{\"@type\":\"EntryPoint\",\"urlTemplate\":\"https:\/\/www.vogueluxury.ru\/fr\/?s={search_term_string}\"},\"query-input\":{\"@type\":\"PropertyValueSpecification\",\"valueRequired\":true,\"valueName\":\"search_term_string\"}}],\"inLanguage\":\"de\"}]}<\/script>\n<!-- \/ Yoast SEO Premium plugin. -->","yoast_head_json":{"title":"Terms &amp; Conditions - vogueluxury","robots":{"index":"index","follow":"follow","max-snippet":"max-snippet:-1","max-image-preview":"max-image-preview:large","max-video-preview":"max-video-preview:-1"},"canonical":"https:\/\/www.vogueluxury.ru\/de\/bedingungen\/","og_locale":"de_DE","og_type":"article","og_title":"Terms &amp; Conditions","og_description":"Please note that the following terms and conditions govern your use of the [vogueluxury] website. By accessing and using our","og_url":"https:\/\/www.vogueluxury.ru\/de\/bedingungen\/","og_site_name":"vogueluxury","article_modified_time":"2023-10-29T05:58:41+00:00","twitter_card":"summary_large_image","twitter_misc":{"Gesch\u00e4tzte Lesezeit":"3\u00a0Minuten"},"schema":{"@context":"https:\/\/schema.org","@graph":[{"@type":"WebPage","@id":"https:\/\/www.vogueluxury.ru\/ar\/terms-conditions\/","url":"https:\/\/www.vogueluxury.ru\/ar\/terms-conditions\/","name":"Terms &amp; Conditions - vogueluxury","isPartOf":{"@id":"https:\/\/www.vogueluxury.ru\/fr\/#website"},"datePublished":"2023-10-26T03:12:55+00:00","dateModified":"2023-10-29T05:58:41+00:00","breadcrumb":{"@id":"https:\/\/www.vogueluxury.ru\/ar\/terms-conditions\/#breadcrumb"},"inLanguage":"de","potentialAction":[{"@type":"ReadAction","target":["https:\/\/www.vogueluxury.ru\/ar\/terms-conditions\/"]}]},{"@type":"BreadcrumbList","@id":"https:\/\/www.vogueluxury.ru\/ar\/terms-conditions\/#breadcrumb","itemListElement":[{"@type":"ListItem","position":1,"name":"Home","item":"https:\/\/www.vogueluxury.ru\/"},{"@type":"ListItem","position":2,"name":"Terms &amp; Conditions"}]},{"@type":"WebSite","@id":"https:\/\/www.vogueluxury.ru\/fr\/#website","url":"https:\/\/www.vogueluxury.ru\/fr\/","name":"vogueluxury","description":"Premium Quality 1:1 Replica Handbags - Fake Luxury Bags Store","potentialAction":[{"@type":"SearchAction","target":{"@type":"EntryPoint","urlTemplate":"https:\/\/www.vogueluxury.ru\/fr\/?s={search_term_string}"},"query-input":{"@type":"PropertyValueSpecification","valueRequired":true,"valueName":"search_term_string"}}],"inLanguage":"de"}]}},"_links":{"self":[{"href":"https:\/\/www.vogueluxury.ru\/de\/wp-json\/wp\/v2\/pages\/2","targetHints":{"allow":["GET"]}}],"collection":[{"href":"https:\/\/www.vogueluxury.ru\/de\/wp-json\/wp\/v2\/pages"}],"about":[{"href":"https:\/\/www.vogueluxury.ru\/de\/wp-json\/wp\/v2\/types\/page"}],"author":[{"embeddable":true,"href":"https:\/\/www.vogueluxury.ru\/de\/wp-json\/wp\/v2\/users\/1"}],"replies":[{"embeddable":true,"href":"https:\/\/www.vogueluxury.ru\/de\/wp-json\/wp\/v2\/comments?post=2"}],"version-history":[{"count":0,"href":"https:\/\/www.vogueluxury.ru\/de\/wp-json\/wp\/v2\/pages\/2\/revisions"}],"wp:attachment":[{"href":"https:\/\/www.vogueluxury.ru\/de\/wp-json\/wp\/v2\/media?parent=2"}],"curies":[{"name":"wp","href":"https:\/\/api.w.org\/{rel}","templated":true}]}}