{"id":5288,"date":"2021-08-25T09:00:10","date_gmt":"2021-08-25T09:00:10","guid":{"rendered":"http:\/\/dummy.xtemos.com\/woodmart2\/?page_id=5288"},"modified":"2023-12-05T14:06:25","modified_gmt":"2023-12-05T14:06:25","slug":"kontaktieren-sie-uns","status":"publish","type":"page","link":"https:\/\/www.vogueluxury.ru\/de\/kontaktieren-sie-uns\/","title":{"rendered":"Kontakt"},"content":{"rendered":"<section class=\"wpb-content-wrapper\"><div class=\"vc_row wpb_row vc_row-fluid vc_custom_1496926452255 vc_row-o-equal-height vc_row-flex\"><div class=\"wpb_column vc_column_container vc_col-sm-12 vc_col-lg-6 vc_col-md-6 vc_col-has-fill\"><div class=\"vc_column-inner vc_custom_1496927710186\"><div class=\"wpb_wrapper\">\n\t\t<div id=\"wd-69eb3c933ac41\" class=\"title-wrapper wd-wpb set-mb-s reset-last-child  wd-title-color-default wd-title-style-default text-left  wd-underline-colored\">\n\t\t\t\t\t\t\t<div class=\"title-subtitle  subtitle-color-default font-default subtitle-style-default wd-font-weight- wd-fontsize-xs\">INFORMATIONSFRAGEN<\/div>\n\t\t\t\n\t\t\t<div class=\"liner-continer\">\n\t\t\t\t<h4 class=\"woodmart-title-container title  wd-font-weight- wd-fontsize-l\" >H\u00c4UFIG GESTELLTE FRAGEN<\/h4>\n\t\t\t\t\t\t\t<\/div>\n\t\t\t\n\t\t\t\n\t\t\t\n\t\t<\/div>\n\t\t\n\t\t\n\t\t<div id=\"wd-61825698b13f0\" class=\"wd-accordion wd-wpb wd-rs-61825698b13f0  wd-style-default\" data-state=\"first\">\n\t\t\t\t\t\t\t\n\t\t\t\t\n\t\t\t\t<div class=\"wd-accordion-item\">\n\t\t\t\t\t<div class=\"wd-accordion-title wd-active font-text wd-fontsize-s text-left wd-opener-pos-right wd-font-weight-600\" data-accordion-index=\"0\">\n\t\t\t\t\t\t<div class=\"wd-accordion-title-text\">\n\t\t\t\t\t\t\t\t\t\t\t\t\t\t<span>\n\t\t\t\t\t\t\t\tWerde ich das gleiche Produkt erhalten, das ich auf dem Bild sehe?\t\t\t\t\t\t\t<\/span>\n\t\t\t\t\t\t<\/div>\n\t\t\t\t\t\t<span class=\"wd-accordion-opener wd-opener-style-arrow\"><\/span>\n\t\t\t\t\t<\/div>\n\n\t\t\t\t\t<div class=\"wd-accordion-content reset-last-child wd-active\" data-accordion-index=\"0\">\n\t\t\t\t\t\t\t\t\t\t\t\t\t<p>Unsere Bilder sind alle von den Original-Produkten genommen, und die Produkte, die Sie erhalten, wird genau das gleiche wie das, was Sie in den Bildern zu sehen. Nat\u00fcrlich kann es leichte Farbunterschiede aufgrund von Beleuchtung und anderen Faktoren geben, aber sie sind innerhalb eines akzeptablen Bereichs<\/p>\n<p>Wir versichern Ihnen, dass sich unser Team daf\u00fcr einsetzt, hochwertige Replikate zu liefern, die Ihren Erwartungen entsprechen. Wenn Sie irgendwelche spezifischen Bedenken oder Anforderungen haben, lassen Sie es uns bitte wissen, und wir werden unser Bestes tun, um sie zu erf\u00fcllen<\/p>\n\t\t\t\t\t\t\t\t\t\t\t<\/div>\n\t\t\t\t<\/div>\n\t\t\t\t\t\t\t\n\t\t\t\t\n\t\t\t\t<div class=\"wd-accordion-item\">\n\t\t\t\t\t<div class=\"wd-accordion-title font-text wd-fontsize-s text-left wd-opener-pos-right wd-font-weight-600\" data-accordion-index=\"1\">\n\t\t\t\t\t\t<div class=\"wd-accordion-title-text\">\n\t\t\t\t\t\t\t\t\t\t\t\t\t\t<span>\n\t\t\t\t\t\t\t\tSind die Taschen und Geldb\u00f6rsen aus echtem Leder gefertigt?\t\t\t\t\t\t\t<\/span>\n\t\t\t\t\t\t<\/div>\n\t\t\t\t\t\t<span class=\"wd-accordion-opener wd-opener-style-arrow\"><\/span>\n\t\t\t\t\t<\/div>\n\n\t\t\t\t\t<div class=\"wd-accordion-content reset-last-child\" data-accordion-index=\"1\">\n\t\t\t\t\t\t\t\t\t\t\t\t\t<p>Ja, unsere Taschen und Geldb\u00f6rsen werden aus 100%-Echtleder gefertigt. Wir beziehen hochwertiges Leder, das dem von den Originalmarken verwendeten Leder sehr \u00e4hnlich ist.<\/p>\n<p>Wir bieten eine Vielzahl von Lederoptionen an, die sorgf\u00e4ltig ausgew\u00e4hlt wurden, um das authentische Gef\u00fchl und Aussehen der Originaltaschen nachzubilden. Sie k\u00f6nnen sich darauf verlassen, dass unsere Produkte aus den hochwertigsten Materialien hergestellt werden, damit Sie den Luxus und die Haltbarkeit von echtem Leder genie\u00dfen k\u00f6nnen.<\/p>\n\t\t\t\t\t\t\t\t\t\t\t<\/div>\n\t\t\t\t<\/div>\n\t\t\t\t\t\t\t\n\t\t\t\t\n\t\t\t\t<div class=\"wd-accordion-item\">\n\t\t\t\t\t<div class=\"wd-accordion-title font-text wd-fontsize-s text-left wd-opener-pos-right wd-font-weight-600\" data-accordion-index=\"2\">\n\t\t\t\t\t\t<div class=\"wd-accordion-title-text\">\n\t\t\t\t\t\t\t\t\t\t\t\t\t\t<span>\n\t\t\t\t\t\t\t\tWelches Zubeh\u00f6r ist in Ihren Taschen und Geldb\u00f6rsen enthalten?\t\t\t\t\t\t\t<\/span>\n\t\t\t\t\t\t<\/div>\n\t\t\t\t\t\t<span class=\"wd-accordion-opener wd-opener-style-arrow\"><\/span>\n\t\t\t\t\t<\/div>\n\n\t\t\t\t\t<div class=\"wd-accordion-content reset-last-child\" data-accordion-index=\"2\">\n\t\t\t\t\t\t\t\t\t\t\t\t\t<p>Unsere Taschen und Geldb\u00f6rsen werden von einer Schachtel, Echtheitskarten und, falls vorhanden, Brosch\u00fcren begleitet. Wir bem\u00fchen uns, Ihnen die gleichen Artikel zu liefern, die auch den Originalprodukten beiliegen. Bitte beachten Sie jedoch, dass nicht alle Marken Brosch\u00fcren beif\u00fcgen. Wir versenden daher nur die Artikel, die Sie normalerweise mit dem Originalprodukt erhalten w\u00fcrden. In einigen F\u00e4llen, wenn der Artikel zu gro\u00df ist, k\u00f6nnen wir ihn mit Markentaschen statt in einem Karton versenden, um die Versandkosten zu senken. Aus diesem Grund bieten wir auch die M\u00f6glichkeit des 3-Tage-Versands mit DHL an. Wenn Sie den Versand in einem Karton bevorzugen, k\u00f6nnen Sie diesen gegen einen Aufpreis anfordern.<\/p>\n\t\t\t\t\t\t\t\t\t\t\t<\/div>\n\t\t\t\t<\/div>\n\t\t\t\t\t\t\t\n\t\t\t\t\n\t\t\t\t<div class=\"wd-accordion-item\">\n\t\t\t\t\t<div class=\"wd-accordion-title font-text wd-fontsize-s text-left wd-opener-pos-right wd-font-weight-600\" data-accordion-index=\"3\">\n\t\t\t\t\t\t<div class=\"wd-accordion-title-text\">\n\t\t\t\t\t\t\t\t\t\t\t\t\t\t<span>\n\t\t\t\t\t\t\t\tIch habe Bedenken, Ihrem Unternehmen meine Zahlung anzuvertrauen und z\u00f6gere, einen Kauf zu t\u00e4tigen. Wie kann ich Ihnen vertrauen?\t\t\t\t\t\t\t<\/span>\n\t\t\t\t\t\t<\/div>\n\t\t\t\t\t\t<span class=\"wd-accordion-opener wd-opener-style-arrow\"><\/span>\n\t\t\t\t\t<\/div>\n\n\t\t\t\t\t<div class=\"wd-accordion-content reset-last-child\" data-accordion-index=\"3\">\n\t\t\t\t\t\t\t\t\t\t\t\t\t<p>Wir haben volles Verst\u00e4ndnis f\u00fcr Ihre Bedenken in Bezug auf Online-Betrug und die Bef\u00fcrchtungen, die mit dem Online-Kauf von Replikaten einhergehen k\u00f6nnen. Wir m\u00f6chten Ihnen versichern, dass wir das Vertrauen unserer Kunden und ihr Geld sehr ernst nehmen. Unser Gesch\u00e4ft ist erfolgreich, weil wir die Zufriedenheit und Sicherheit unserer Kunden in den Vordergrund stellen.<\/p>\n<p>Wir setzen unsere Kunden niemals unter Druck, einen Kauf zu t\u00e4tigen, da wir bereits ein hohes Auftragsvolumen haben. Wenn Sie sich nicht sicher sind, ob Sie uns vertrauen sollen, respektieren wir Ihre Entscheidung und m\u00f6chten nicht, dass Sie sich bei einem Kauf bei uns unwohl oder unsicher f\u00fchlen. Wir verstehen, dass man sich Vertrauen verdienen muss.<\/p>\n<p>Wenn Sie z\u00f6gern, einen gr\u00f6\u00dferen Geldbetrag zu senden, empfehlen wir Ihnen, mit einem kleineren Artikel zu beginnen. Auf diese Weise k\u00f6nnen Sie sich aus erster Hand von der Qualit\u00e4t unserer Produkte und unseres Service \u00fcberzeugen. Wir sind zuversichtlich, dass Sie, sobald Sie sich von unserer Qualit\u00e4t und Zuverl\u00e4ssigkeit \u00fcberzeugt haben, zu einem zufriedenen Stammkunden werden, so wie viele andere, die uns ihr Vertrauen geschenkt haben.<\/p>\n<p>Wenn Sie sich jedoch immer noch unsicher f\u00fchlen, denken Sie bitte daran, dass der Einkauf bei uns immer eine Wahl ist. Wir m\u00f6chten, dass Sie sich 100% wohl und sicher f\u00fchlen, bevor Sie einen Kauf t\u00e4tigen. Wir sind hier, um alle weiteren Fragen oder Bedenken, die Sie haben k\u00f6nnen, anzusprechen, da wir uns bem\u00fchen, eine langfristige Beziehung auf der Grundlage von Vertrauen und Kundenzufriedenheit aufzubauen.<\/p>\n\t\t\t\t\t\t\t\t\t\t\t<\/div>\n\t\t\t\t<\/div>\n\t\t\t\t\t\t\t\n\t\t\t\t\n\t\t\t\t<div class=\"wd-accordion-item\">\n\t\t\t\t\t<div class=\"wd-accordion-title font-text wd-fontsize-s text-left wd-opener-pos-right wd-font-weight-600\" data-accordion-index=\"4\">\n\t\t\t\t\t\t<div class=\"wd-accordion-title-text\">\n\t\t\t\t\t\t\t\t\t\t\t\t\t\t<span>\n\t\t\t\t\t\t\t\tWie sehen Ihre Richtlinien f\u00fcr R\u00fcckgabe, Umtausch und R\u00fcckerstattung aus?\t\t\t\t\t\t\t<\/span>\n\t\t\t\t\t\t<\/div>\n\t\t\t\t\t\t<span class=\"wd-accordion-opener wd-opener-style-arrow\"><\/span>\n\t\t\t\t\t<\/div>\n\n\t\t\t\t\t<div class=\"wd-accordion-content reset-last-child\" data-accordion-index=\"4\">\n\t\t\t\t\t\t\t\t\t\t\t\t\t<p>Wir haben eine umfassende Politik, um die Zufriedenheit unserer Kunden zu gew\u00e4hrleisten. Wir bieten eine volle Geld-zur\u00fcck-Garantie f\u00fcr gekaufte Artikel, die innerhalb von 14 Tagen nach Erhalt zur\u00fcckgegeben werden. Wenn Sie mit Ihrem Kauf nicht zufrieden sind, kontaktieren Sie uns einfach innerhalb dieses Zeitraums, um den R\u00fcckgabeprozess einzuleiten. Sobald wir den zur\u00fcckgesandten Artikel in seinem Originalzustand erhalten haben, werden wir Ihnen das Geld zur\u00fcckerstatten.<\/p>\n<p>Dar\u00fcber hinaus haben wir Verst\u00e4ndnis f\u00fcr die Bedenken hinsichtlich der Beschlagnahme von Replika-Handtaschen durch den Zoll. Wir versichern Ihnen, dass unsere Replik-Handtaschen sorgf\u00e4ltig verpackt und diskret versendet werden, um m\u00f6gliche Probleme zu minimieren. In dem seltenen Fall, dass Ihre Replik-Handtaschen vom Zoll beschlagnahmt werden, werden wir Ihre Bestellung kostenlos ersetzen. Wir \u00fcbernehmen die Verantwortung f\u00fcr eine erfolgreiche Lieferung Ihrer Bestellung.<\/p>\n<p>Bitte beachten Sie, dass f\u00fcr unsere Richtlinien m\u00f6glicherweise besondere Bedingungen gelten. Wir empfehlen Ihnen daher, unsere vollst\u00e4ndigen R\u00fcckgabe-, Umtausch- und Erstattungsrichtlinien auf unserer Website sorgf\u00e4ltig zu lesen oder unseren Kundendienst zu kontaktieren, wenn Sie weitere Fragen haben.<\/p>\n<p>Wir sind bestrebt, Ihnen ein reibungsloses Einkaufserlebnis zu bieten und auf alle Ihre Anliegen einzugehen, um Ihre Zufriedenheit mit unseren Produkten und Dienstleistungen zu gew\u00e4hrleisten.<\/p>\n\t\t\t\t\t\t\t\t\t\t\t<\/div>\n\t\t\t\t<\/div>\n\t\t\t\t\t\t\t\t\t\t\t\t\t\t<\/div>\n\n\t\t<\/div><\/div><\/div><div class=\"wpb_column vc_column_container vc_col-sm-12 vc_col-lg-6 vc_col-md-6\"><div class=\"vc_column-inner vc_custom_1496927688909\"><div class=\"wpb_wrapper\">\t\t\t<div class=\"info-box-wrapper\">\n\t\t\t\t<div id=\"wd-656f2e1abbd29\" class=\"wd-rs-656f2e1abbd29 wd-info-box wd-wpb text-left box-icon-align-left box-style- color-scheme- wd-bg-none wd-items-top with-btn box-btn-static vc_custom_1701785179801\"  >\n\t\t\t\t\t\t\t\t\t\t<div class=\"info-box-content\">\n\t\t\t\t\t\t<div class=\"info-box-subtitle subtitle-color-default wd-fontsize-xs subtitle-style-default\">UNSERE GESCH\u00c4FTE<\/div><h4 class=\"info-box-title title box-title-style-default wd-fontsize-m\">VISIT UNSER NEUES<br \/>\nLADEN IN GuangZhou<\/h4>\t\t\t\t\t\t<div class=\"info-box-inner set-cont-mb-s reset-last-child\">\n\t\t\t\t\t\t\t<p>&nbsp;<\/p>\n<table border=\"0\">\n<tbody>\n<tr>\n<td>Baiyun Leather City,<br \/>\nGuangzhou, GuangDong<\/p>\n<p>E-Mail:<a href=\"mailto:vogueluxuryru@gmail.com\">vogueluxuryru@gmail.com<\/a><\/td>\n<td><img loading=\"lazy\" decoding=\"async\" class=\"alignnone size-medium wp-image-27315\" src=\"http:\/\/www.vogueluxury.ru\/wp-content\/uploads\/2023\/10\/whatsapp-314x300.png\" alt=\"\" width=\"314\" height=\"300\" srcset=\"https:\/\/www.vogueluxury.ru\/wp-content\/uploads\/2023\/10\/whatsapp-314x300.png 314w, https:\/\/www.vogueluxury.ru\/wp-content\/uploads\/2023\/10\/whatsapp-838x800.png 838w, https:\/\/www.vogueluxury.ru\/wp-content\/uploads\/2023\/10\/whatsapp-768x733.png 768w, https:\/\/www.vogueluxury.ru\/wp-content\/uploads\/2023\/10\/whatsapp-860x821.png 860w, https:\/\/www.vogueluxury.ru\/wp-content\/uploads\/2023\/10\/whatsapp-430x411.png 430w, https:\/\/www.vogueluxury.ru\/wp-content\/uploads\/2023\/10\/whatsapp-700x668.png 700w, https:\/\/www.vogueluxury.ru\/wp-content\/uploads\/2023\/10\/whatsapp-150x143.png 150w, https:\/\/www.vogueluxury.ru\/wp-content\/uploads\/2023\/10\/whatsapp.png 1125w\" sizes=\"auto, (max-width: 314px) 100vw, 314px\" \/><\/td>\n<\/tr>\n<\/tbody>\n<\/table>\n<p>&nbsp;<\/p>\n\t\t\t\t\t\t<\/div>\n\n\t\t\t\t\t\t<div class=\"info-btn-wrapper\"><div id=\"wd-69eb3c933c118\" class=\"wd-button-wrapper text-left\"><a  class=\"btn btn-color-default btn-style-link btn-style-rectangle btn-size-default\">Mehr sehen \u00fcber<\/a><\/div><\/div>\t\t\t\t\t<\/div>\n\n\t\t\t\t\t\t\t\t\t<\/div>\n\t\t\t<\/div>\n\t\t\n\t\t<div id=\"wd-69eb3c933c16e\" class=\"title-wrapper wd-wpb set-mb-s reset-last-child  wd-title-color-default wd-title-style-default text-left  wd-underline-colored\">\n\t\t\t\t\t\t\t<div class=\"title-subtitle  subtitle-color-default font-default subtitle-style-default wd-font-weight- wd-fontsize-xs\">INFORMATIONEN \u00dcBER UNS<\/div>\n\t\t\t\n\t\t\t<div class=\"liner-continer\">\n\t\t\t\t<h4 class=\"woodmart-title-container title  wd-font-weight- wd-fontsize-l\" >KONTAKTIEREN SIE UNS BEI FRAGEN<\/h4>\n\t\t\t\t\t\t\t<\/div>\n\t\t\t\n\t\t\t\n\t\t\t\n\t\t<\/div>\n\t\t\n\t\t\n<div class=\"wpcf7 no-js\" id=\"wpcf7-f10711-o1\" lang=\"en-US\" dir=\"ltr\" data-wpcf7-id=\"10711\">\n<div class=\"screen-reader-response\"><p role=\"status\" aria-live=\"polite\" aria-atomic=\"true\"><\/p> <ul><\/ul><\/div>\n<form action=\"\/de\/wp-json\/wp\/v2\/pages\/5288#wpcf7-f10711-o1\" method=\"post\" class=\"wpcf7-form init\" aria-label=\"Contact form\" novalidate=\"novalidate\" data-status=\"init\" data-trp-original-action=\"\/de\/wp-json\/wp\/v2\/pages\/5288#wpcf7-f10711-o1\">\n<div style=\"display: none;\">\n<input type=\"hidden\" name=\"_wpcf7\" value=\"10711\" \/>\n<input type=\"hidden\" name=\"_wpcf7_version\" value=\"6.0.6\" \/>\n<input type=\"hidden\" name=\"_wpcf7_locale\" value=\"en_US\" \/>\n<input type=\"hidden\" name=\"_wpcf7_unit_tag\" value=\"wpcf7-f10711-o1\" \/>\n<input type=\"hidden\" name=\"_wpcf7_container_post\" value=\"0\" \/>\n<input type=\"hidden\" name=\"_wpcf7_posted_data_hash\" value=\"\" \/>\n<\/div>\n<p><label> Ihr Name<br \/>\n<span class=\"wpcf7-form-control-wrap\" data-name=\"your-name\"><input size=\"40\" maxlength=\"400\" class=\"wpcf7-form-control wpcf7-text wpcf7-validates-as-required\" autocomplete=\"name\" aria-required=\"true\" aria-invalid=\"false\" value=\"\" type=\"text\" name=\"your-name\" \/><\/span> <\/label>\n<\/p>\n<p><label> Deine E-Mail<br \/>\n<span class=\"wpcf7-form-control-wrap\" data-name=\"your-email\"><input size=\"40\" maxlength=\"400\" class=\"wpcf7-form-control wpcf7-email wpcf7-validates-as-required wpcf7-text wpcf7-validates-as-email\" autocomplete=\"email\" aria-required=\"true\" aria-invalid=\"false\" value=\"\" type=\"email\" name=\"your-email\" \/><\/span> <\/label>\n<\/p>\n<p><label> Thema<br \/>\n<span class=\"wpcf7-form-control-wrap\" data-name=\"your-subject\"><input size=\"40\" maxlength=\"400\" class=\"wpcf7-form-control wpcf7-text wpcf7-validates-as-required\" aria-required=\"true\" aria-invalid=\"false\" value=\"\" type=\"text\" name=\"your-subject\" \/><\/span> <\/label>\n<\/p>\n<p><label> Ihre Nachricht (optional)<br \/>\n<span class=\"wpcf7-form-control-wrap\" data-name=\"your-message\"><textarea cols=\"40\" rows=\"10\" maxlength=\"2000\" class=\"wpcf7-form-control wpcf7-textarea\" aria-invalid=\"false\" name=\"your-message\"><\/textarea><\/span> <\/label>\n<\/p>\n<p><input class=\"wpcf7-form-control wpcf7-submit has-spinner\" type=\"submit\" value=\"Einreichen\" \/>\n<\/p><div class=\"wpcf7-response-output\" aria-hidden=\"true\"><\/div>\n<input type=\"hidden\" name=\"trp-form-language\" value=\"de\"\/><\/form>\n<\/div>\n<\/div><\/div><\/div><\/div>\n<\/section>","protected":false},"excerpt":{"rendered":"INFORMATION QUESTIONS FREQUENTLY ASKED QUESTIONS Will I receive the same product that I see in the picture? Our pictures are","protected":false},"author":1,"featured_media":0,"parent":0,"menu_order":0,"comment_status":"closed","ping_status":"closed","template":"","meta":{"footnotes":""},"class_list":["post-5288","page","type-page","status-publish","hentry"],"yoast_head":"<!-- This site is optimized with the Yoast SEO Premium plugin v23.1 (Yoast SEO v25.3.1) - https:\/\/yoast.com\/wordpress\/plugins\/seo\/ -->\n<title>Contact us - vogueluxury<\/title>\n<meta name=\"robots\" content=\"index, follow, max-snippet:-1, max-image-preview:large, max-video-preview:-1\" \/>\n<link rel=\"canonical\" href=\"https:\/\/www.vogueluxury.ru\/de\/kontaktieren-sie-uns\/\" \/>\n<meta property=\"og:locale\" content=\"de_DE\" \/>\n<meta property=\"og:type\" content=\"article\" \/>\n<meta property=\"og:title\" content=\"Contact us\" \/>\n<meta property=\"og:url\" content=\"https:\/\/www.vogueluxury.ru\/de\/kontaktieren-sie-uns\/\" \/>\n<meta property=\"og:site_name\" content=\"vogueluxury\" \/>\n<meta property=\"article:modified_time\" content=\"2023-12-05T14:06:25+00:00\" \/>\n<meta property=\"og:image\" content=\"http:\/\/www.vogueluxury.ru\/wp-content\/uploads\/2023\/10\/whatsapp-314x300.png\" \/>\n<meta name=\"twitter:card\" content=\"summary_large_image\" \/>\n<meta name=\"twitter:label1\" content=\"Gesch\u00e4tzte Lesezeit\" \/>\n\t<meta name=\"twitter:data1\" content=\"5\u00a0Minuten\" \/>\n<script type=\"application\/ld+json\" class=\"yoast-schema-graph\">{\"@context\":\"https:\/\/schema.org\",\"@graph\":[{\"@type\":\"WebPage\",\"@id\":\"https:\/\/www.vogueluxury.ru\/contact-us\/\",\"url\":\"https:\/\/www.vogueluxury.ru\/contact-us\/\",\"name\":\"Contact us - vogueluxury\",\"isPartOf\":{\"@id\":\"https:\/\/www.vogueluxury.ru\/fr\/#website\"},\"primaryImageOfPage\":{\"@id\":\"https:\/\/www.vogueluxury.ru\/contact-us\/#primaryimage\"},\"image\":{\"@id\":\"https:\/\/www.vogueluxury.ru\/contact-us\/#primaryimage\"},\"thumbnailUrl\":\"http:\/\/www.vogueluxury.ru\/wp-content\/uploads\/2023\/10\/whatsapp-314x300.png\",\"datePublished\":\"2021-08-25T09:00:10+00:00\",\"dateModified\":\"2023-12-05T14:06:25+00:00\",\"breadcrumb\":{\"@id\":\"https:\/\/www.vogueluxury.ru\/contact-us\/#breadcrumb\"},\"inLanguage\":\"de\",\"potentialAction\":[{\"@type\":\"ReadAction\",\"target\":[\"https:\/\/www.vogueluxury.ru\/contact-us\/\"]}]},{\"@type\":\"ImageObject\",\"inLanguage\":\"de\",\"@id\":\"https:\/\/www.vogueluxury.ru\/contact-us\/#primaryimage\",\"url\":\"http:\/\/www.vogueluxury.ru\/wp-content\/uploads\/2023\/10\/whatsapp-314x300.png\",\"contentUrl\":\"http:\/\/www.vogueluxury.ru\/wp-content\/uploads\/2023\/10\/whatsapp-314x300.png\"},{\"@type\":\"BreadcrumbList\",\"@id\":\"https:\/\/www.vogueluxury.ru\/contact-us\/#breadcrumb\",\"itemListElement\":[{\"@type\":\"ListItem\",\"position\":1,\"name\":\"Home\",\"item\":\"https:\/\/www.vogueluxury.ru\/\"},{\"@type\":\"ListItem\",\"position\":2,\"name\":\"Contact us\"}]},{\"@type\":\"WebSite\",\"@id\":\"https:\/\/www.vogueluxury.ru\/fr\/#website\",\"url\":\"https:\/\/www.vogueluxury.ru\/fr\/\",\"name\":\"vogueluxury\",\"description\":\"Premium Quality 1:1 Replica Handbags - Fake Luxury Bags Store\",\"potentialAction\":[{\"@type\":\"SearchAction\",\"target\":{\"@type\":\"EntryPoint\",\"urlTemplate\":\"https:\/\/www.vogueluxury.ru\/fr\/?s={search_term_string}\"},\"query-input\":{\"@type\":\"PropertyValueSpecification\",\"valueRequired\":true,\"valueName\":\"search_term_string\"}}],\"inLanguage\":\"de\"}]}<\/script>\n<!-- \/ Yoast SEO Premium plugin. -->","yoast_head_json":{"title":"Contact us - vogueluxury","robots":{"index":"index","follow":"follow","max-snippet":"max-snippet:-1","max-image-preview":"max-image-preview:large","max-video-preview":"max-video-preview:-1"},"canonical":"https:\/\/www.vogueluxury.ru\/de\/kontaktieren-sie-uns\/","og_locale":"de_DE","og_type":"article","og_title":"Contact us","og_url":"https:\/\/www.vogueluxury.ru\/de\/kontaktieren-sie-uns\/","og_site_name":"vogueluxury","article_modified_time":"2023-12-05T14:06:25+00:00","og_image":[{"url":"http:\/\/www.vogueluxury.ru\/wp-content\/uploads\/2023\/10\/whatsapp-314x300.png","type":"","width":"","height":""}],"twitter_card":"summary_large_image","twitter_misc":{"Gesch\u00e4tzte Lesezeit":"5\u00a0Minuten"},"schema":{"@context":"https:\/\/schema.org","@graph":[{"@type":"WebPage","@id":"https:\/\/www.vogueluxury.ru\/contact-us\/","url":"https:\/\/www.vogueluxury.ru\/contact-us\/","name":"Contact us - vogueluxury","isPartOf":{"@id":"https:\/\/www.vogueluxury.ru\/fr\/#website"},"primaryImageOfPage":{"@id":"https:\/\/www.vogueluxury.ru\/contact-us\/#primaryimage"},"image":{"@id":"https:\/\/www.vogueluxury.ru\/contact-us\/#primaryimage"},"thumbnailUrl":"http:\/\/www.vogueluxury.ru\/wp-content\/uploads\/2023\/10\/whatsapp-314x300.png","datePublished":"2021-08-25T09:00:10+00:00","dateModified":"2023-12-05T14:06:25+00:00","breadcrumb":{"@id":"https:\/\/www.vogueluxury.ru\/contact-us\/#breadcrumb"},"inLanguage":"de","potentialAction":[{"@type":"ReadAction","target":["https:\/\/www.vogueluxury.ru\/contact-us\/"]}]},{"@type":"ImageObject","inLanguage":"de","@id":"https:\/\/www.vogueluxury.ru\/contact-us\/#primaryimage","url":"http:\/\/www.vogueluxury.ru\/wp-content\/uploads\/2023\/10\/whatsapp-314x300.png","contentUrl":"http:\/\/www.vogueluxury.ru\/wp-content\/uploads\/2023\/10\/whatsapp-314x300.png"},{"@type":"BreadcrumbList","@id":"https:\/\/www.vogueluxury.ru\/contact-us\/#breadcrumb","itemListElement":[{"@type":"ListItem","position":1,"name":"Home","item":"https:\/\/www.vogueluxury.ru\/"},{"@type":"ListItem","position":2,"name":"Contact us"}]},{"@type":"WebSite","@id":"https:\/\/www.vogueluxury.ru\/fr\/#website","url":"https:\/\/www.vogueluxury.ru\/fr\/","name":"vogueluxury","description":"Premium Quality 1:1 Replica Handbags - Fake Luxury Bags Store","potentialAction":[{"@type":"SearchAction","target":{"@type":"EntryPoint","urlTemplate":"https:\/\/www.vogueluxury.ru\/fr\/?s={search_term_string}"},"query-input":{"@type":"PropertyValueSpecification","valueRequired":true,"valueName":"search_term_string"}}],"inLanguage":"de"}]}},"_links":{"self":[{"href":"https:\/\/www.vogueluxury.ru\/de\/wp-json\/wp\/v2\/pages\/5288","targetHints":{"allow":["GET"]}}],"collection":[{"href":"https:\/\/www.vogueluxury.ru\/de\/wp-json\/wp\/v2\/pages"}],"about":[{"href":"https:\/\/www.vogueluxury.ru\/de\/wp-json\/wp\/v2\/types\/page"}],"author":[{"embeddable":true,"href":"https:\/\/www.vogueluxury.ru\/de\/wp-json\/wp\/v2\/users\/1"}],"replies":[{"embeddable":true,"href":"https:\/\/www.vogueluxury.ru\/de\/wp-json\/wp\/v2\/comments?post=5288"}],"version-history":[{"count":0,"href":"https:\/\/www.vogueluxury.ru\/de\/wp-json\/wp\/v2\/pages\/5288\/revisions"}],"wp:attachment":[{"href":"https:\/\/www.vogueluxury.ru\/de\/wp-json\/wp\/v2\/media?parent=5288"}],"curies":[{"name":"wp","href":"https:\/\/api.w.org\/{rel}","templated":true}]}}