{"id":11,"date":"2023-10-29T05:52:31","date_gmt":"2023-10-29T05:52:31","guid":{"rendered":"http:\/\/www.vogueluxury.ru\/?page_id=11"},"modified":"2023-10-29T05:52:35","modified_gmt":"2023-10-29T05:52:35","slug":"devoluciones_devolucion","status":"publish","type":"page","link":"https:\/\/www.vogueluxury.ru\/es\/devoluciones_devolucion\/","title":{"rendered":"Pol\u00edtica de devoluciones y reembolsos"},"content":{"rendered":"<p><\/p>\n\n\n\n<p>Nuestra pol\u00edtica de reembolsos y devoluciones dura 30 d\u00edas. Si han pasado 30 d\u00edas desde tu compra, no podemos ofrecerte un reembolso o cambio completo.<\/p>\n\n\n\n<p>Para poder realizar una devoluci\u00f3n, el art\u00edculo debe estar sin usar y en las mismas condiciones en las que lo recibi\u00f3. Tambi\u00e9n debe estar en su embalaje original.<\/p>\n\n\n\n<p>Varios tipos de mercanc\u00edas est\u00e1n exentos de devoluci\u00f3n. Los productos perecederos, como alimentos, flores, peri\u00f3dicos o revistas, no pueden devolverse. Tampoco aceptamos productos que sean art\u00edculos \u00edntimos o sanitarios, materiales peligrosos o l\u00edquidos o gases inflamables.<\/p>\n\n\n\n<p>Ofrecemos una garant\u00eda de satisfacci\u00f3n 100% en todos nuestros productos. Estamos orgullosos de la excepcional calidad y artesan\u00eda que distingue a nuestras r\u00e9plicas de otras en el mercado. Confiamos en el valor de nuestros productos y respaldamos su excelencia.<\/p>\n\n\n\n<p>Si, por casualidad, recibe un producto defectuoso o incorrecto debido a un error por nuestra parte, se lo cambiaremos r\u00e1pidamente por el art\u00edculo correcto sin coste adicional para usted. Tambi\u00e9n cubriremos los gastos de env\u00edo asociados al proceso de devoluci\u00f3n y cambio.<\/p>\n\n\n\n<p>Sin embargo, tenga en cuenta que el cliente es responsable de los gastos de env\u00edo cuando devuelva un art\u00edculo por cualquier otro motivo. Exigimos al cliente que se asegure de que el art\u00edculo se devuelve de forma segura a nuestra direcci\u00f3n de devoluci\u00f3n designada. En raras ocasiones, pueden surgir problemas relacionados con las aduanas al devolver art\u00edculos a China, y no podemos hacernos responsables de ninguna incautaci\u00f3n por parte de las aduanas ni proporcionar reembolsos en tales casos.<\/p>\n\n\n\n<p>Si encuentra un defecto de fabricaci\u00f3n en su producto, p\u00f3ngase en contacto con nosotros para recibir instrucciones sobre d\u00f3nde devolver el art\u00edculo. Es importante no devolver el art\u00edculo al remitente. Es necesaria la comunicaci\u00f3n previa con nuestro equipo de atenci\u00f3n al cliente para procesar su reembolso o sustituci\u00f3n. Nuestros transportistas no aceptan devoluciones o cambios sin una direcci\u00f3n de devoluci\u00f3n y un n\u00famero v\u00e1lido de Autorizaci\u00f3n de Devoluci\u00f3n de Mercanc\u00eda (RMA) emitido por nuestro departamento de devoluciones.<\/p>\n\n\n\n<p>Para iniciar un cambio o reembolso, debe enviar el paquete devuelto a trav\u00e9s de un servicio de mensajer\u00eda de su elecci\u00f3n corriendo con los gastos. Por favor, facil\u00edtenos el n\u00famero de seguimiento del paquete devuelto para facilitar el proceso de cambio o reembolso. Tenga en cuenta que no podemos reembolsarle los gastos de env\u00edo de la devoluci\u00f3n, ya que correr\u00edamos con los gastos de env\u00edo iniciales.<\/p>\n\n\n\n<p>Valoramos a nuestros clientes y nos esforzamos por garantizar su satisfacci\u00f3n con nuestros productos. Si tiene m\u00e1s preguntas o dudas sobre nuestra pol\u00edtica de devoluciones, no dude en ponerse en contacto con nuestro equipo de atenci\u00f3n al cliente.<\/p>","protected":false},"excerpt":{"rendered":"<p>Nuestra pol\u00edtica de reembolsos y devoluciones dura 30 d\u00edas. Si han pasado 30 d\u00edas desde su compra, no podemos ofrecerle<\/p>","protected":false},"author":1,"featured_media":0,"parent":0,"menu_order":0,"comment_status":"closed","ping_status":"closed","template":"","meta":{"footnotes":""},"class_list":["post-11","page","type-page","status-publish","hentry"],"yoast_head":"<!-- This site is optimized with the Yoast SEO Premium plugin v23.1 (Yoast SEO v25.3.1) - https:\/\/yoast.com\/wordpress\/plugins\/seo\/ -->\n<title>Refund and Returns Policy - vogueluxury<\/title>\n<meta name=\"robots\" content=\"index, follow, max-snippet:-1, max-image-preview:large, max-video-preview:-1\" \/>\n<link rel=\"canonical\" href=\"https:\/\/www.vogueluxury.ru\/es\/devoluciones_devolucion\/\" \/>\n<meta property=\"og:locale\" content=\"es_ES\" \/>\n<meta property=\"og:type\" content=\"article\" \/>\n<meta property=\"og:title\" content=\"Refund and Returns Policy\" \/>\n<meta property=\"og:description\" content=\"Our refund and returns policy lasts 30 days. If 30 days have passed since your purchase, we can\u2019t offer you\" \/>\n<meta property=\"og:url\" content=\"https:\/\/www.vogueluxury.ru\/es\/devoluciones_devolucion\/\" \/>\n<meta property=\"og:site_name\" content=\"vogueluxury\" \/>\n<meta property=\"article:modified_time\" content=\"2023-10-29T05:52:35+00:00\" \/>\n<meta name=\"twitter:card\" content=\"summary_large_image\" \/>\n<meta name=\"twitter:label1\" content=\"Tiempo de lectura\" \/>\n\t<meta name=\"twitter:data1\" content=\"2 minutos\" \/>\n<script type=\"application\/ld+json\" class=\"yoast-schema-graph\">{\"@context\":\"https:\/\/schema.org\",\"@graph\":[{\"@type\":\"WebPage\",\"@id\":\"https:\/\/www.vogueluxury.ru\/fr\/remboursements\/\",\"url\":\"https:\/\/www.vogueluxury.ru\/fr\/remboursements\/\",\"name\":\"Refund and Returns Policy - vogueluxury\",\"isPartOf\":{\"@id\":\"https:\/\/www.vogueluxury.ru\/fr\/#website\"},\"datePublished\":\"2023-10-29T05:52:31+00:00\",\"dateModified\":\"2023-10-29T05:52:35+00:00\",\"breadcrumb\":{\"@id\":\"https:\/\/www.vogueluxury.ru\/fr\/remboursements\/#breadcrumb\"},\"inLanguage\":\"es\",\"potentialAction\":[{\"@type\":\"ReadAction\",\"target\":[\"https:\/\/www.vogueluxury.ru\/fr\/remboursements\/\"]}]},{\"@type\":\"BreadcrumbList\",\"@id\":\"https:\/\/www.vogueluxury.ru\/fr\/remboursements\/#breadcrumb\",\"itemListElement\":[{\"@type\":\"ListItem\",\"position\":1,\"name\":\"Home\",\"item\":\"https:\/\/www.vogueluxury.ru\/\"},{\"@type\":\"ListItem\",\"position\":2,\"name\":\"Refund and Returns Policy\"}]},{\"@type\":\"WebSite\",\"@id\":\"https:\/\/www.vogueluxury.ru\/fr\/#website\",\"url\":\"https:\/\/www.vogueluxury.ru\/fr\/\",\"name\":\"vogueluxury\",\"description\":\"Premium Quality 1:1 Replica Handbags - Fake Luxury Bags Store\",\"potentialAction\":[{\"@type\":\"SearchAction\",\"target\":{\"@type\":\"EntryPoint\",\"urlTemplate\":\"https:\/\/www.vogueluxury.ru\/fr\/?s={search_term_string}\"},\"query-input\":{\"@type\":\"PropertyValueSpecification\",\"valueRequired\":true,\"valueName\":\"search_term_string\"}}],\"inLanguage\":\"es\"}]}<\/script>\n<!-- \/ Yoast SEO Premium plugin. -->","yoast_head_json":{"title":"Refund and Returns Policy - vogueluxury","robots":{"index":"index","follow":"follow","max-snippet":"max-snippet:-1","max-image-preview":"max-image-preview:large","max-video-preview":"max-video-preview:-1"},"canonical":"https:\/\/www.vogueluxury.ru\/es\/devoluciones_devolucion\/","og_locale":"es_ES","og_type":"article","og_title":"Refund and Returns Policy","og_description":"Our refund and returns policy lasts 30 days. If 30 days have passed since your purchase, we can\u2019t offer you","og_url":"https:\/\/www.vogueluxury.ru\/es\/devoluciones_devolucion\/","og_site_name":"vogueluxury","article_modified_time":"2023-10-29T05:52:35+00:00","twitter_card":"summary_large_image","twitter_misc":{"Tiempo de lectura":"2 minutos"},"schema":{"@context":"https:\/\/schema.org","@graph":[{"@type":"WebPage","@id":"https:\/\/www.vogueluxury.ru\/fr\/remboursements\/","url":"https:\/\/www.vogueluxury.ru\/fr\/remboursements\/","name":"Refund and Returns Policy - vogueluxury","isPartOf":{"@id":"https:\/\/www.vogueluxury.ru\/fr\/#website"},"datePublished":"2023-10-29T05:52:31+00:00","dateModified":"2023-10-29T05:52:35+00:00","breadcrumb":{"@id":"https:\/\/www.vogueluxury.ru\/fr\/remboursements\/#breadcrumb"},"inLanguage":"es","potentialAction":[{"@type":"ReadAction","target":["https:\/\/www.vogueluxury.ru\/fr\/remboursements\/"]}]},{"@type":"BreadcrumbList","@id":"https:\/\/www.vogueluxury.ru\/fr\/remboursements\/#breadcrumb","itemListElement":[{"@type":"ListItem","position":1,"name":"Home","item":"https:\/\/www.vogueluxury.ru\/"},{"@type":"ListItem","position":2,"name":"Refund and Returns Policy"}]},{"@type":"WebSite","@id":"https:\/\/www.vogueluxury.ru\/fr\/#website","url":"https:\/\/www.vogueluxury.ru\/fr\/","name":"vogueluxury","description":"Premium Quality 1:1 Replica Handbags - Fake Luxury Bags Store","potentialAction":[{"@type":"SearchAction","target":{"@type":"EntryPoint","urlTemplate":"https:\/\/www.vogueluxury.ru\/fr\/?s={search_term_string}"},"query-input":{"@type":"PropertyValueSpecification","valueRequired":true,"valueName":"search_term_string"}}],"inLanguage":"es"}]}},"_links":{"self":[{"href":"https:\/\/www.vogueluxury.ru\/es\/wp-json\/wp\/v2\/pages\/11","targetHints":{"allow":["GET"]}}],"collection":[{"href":"https:\/\/www.vogueluxury.ru\/es\/wp-json\/wp\/v2\/pages"}],"about":[{"href":"https:\/\/www.vogueluxury.ru\/es\/wp-json\/wp\/v2\/types\/page"}],"author":[{"embeddable":true,"href":"https:\/\/www.vogueluxury.ru\/es\/wp-json\/wp\/v2\/users\/1"}],"replies":[{"embeddable":true,"href":"https:\/\/www.vogueluxury.ru\/es\/wp-json\/wp\/v2\/comments?post=11"}],"version-history":[{"count":0,"href":"https:\/\/www.vogueluxury.ru\/es\/wp-json\/wp\/v2\/pages\/11\/revisions"}],"wp:attachment":[{"href":"https:\/\/www.vogueluxury.ru\/es\/wp-json\/wp\/v2\/media?parent=11"}],"curies":[{"name":"wp","href":"https:\/\/api.w.org\/{rel}","templated":true}]}}