{"id":5288,"date":"2021-08-25T09:00:10","date_gmt":"2021-08-25T09:00:10","guid":{"rendered":"http:\/\/dummy.xtemos.com\/woodmart2\/?page_id=5288"},"modified":"2023-12-05T14:06:25","modified_gmt":"2023-12-05T14:06:25","slug":"contacto","status":"publish","type":"page","link":"https:\/\/www.vogueluxury.ru\/es\/contacto\/","title":{"rendered":"P\u00f3ngase en contacto con nosotros"},"content":{"rendered":"<section class=\"wpb-content-wrapper\"><div class=\"vc_row wpb_row vc_row-fluid vc_custom_1496926452255 vc_row-o-equal-height vc_row-flex\"><div class=\"wpb_column vc_column_container vc_col-sm-12 vc_col-lg-6 vc_col-md-6 vc_col-has-fill\"><div class=\"vc_column-inner vc_custom_1496927710186\"><div class=\"wpb_wrapper\">\n\t\t<div id=\"wd-69e8af499dce8\" class=\"title-wrapper wd-wpb set-mb-s reset-last-child  wd-title-color-default wd-title-style-default text-left  wd-underline-colored\">\n\t\t\t\t\t\t\t<div class=\"title-subtitle  subtitle-color-default font-default subtitle-style-default wd-font-weight- wd-fontsize-xs\">PREGUNTAS INFORMATIVAS<\/div>\n\t\t\t\n\t\t\t<div class=\"liner-continer\">\n\t\t\t\t<h4 class=\"woodmart-title-container title  wd-font-weight- wd-fontsize-l\" >PREGUNTAS M\u00c1S FRECUENTES<\/h4>\n\t\t\t\t\t\t\t<\/div>\n\t\t\t\n\t\t\t\n\t\t\t\n\t\t<\/div>\n\t\t\n\t\t\n\t\t<div id=\"wd-61825698b13f0\" class=\"wd-accordion wd-wpb wd-rs-61825698b13f0  wd-style-default\" data-state=\"first\">\n\t\t\t\t\t\t\t\n\t\t\t\t\n\t\t\t\t<div class=\"wd-accordion-item\">\n\t\t\t\t\t<div class=\"wd-accordion-title wd-active font-text wd-fontsize-s text-left wd-opener-pos-right wd-font-weight-600\" data-accordion-index=\"0\">\n\t\t\t\t\t\t<div class=\"wd-accordion-title-text\">\n\t\t\t\t\t\t\t\t\t\t\t\t\t\t<span>\n\t\t\t\t\t\t\t\t\u00bfRecibir\u00e9 el mismo producto que veo en la foto?\t\t\t\t\t\t\t<\/span>\n\t\t\t\t\t\t<\/div>\n\t\t\t\t\t\t<span class=\"wd-accordion-opener wd-opener-style-arrow\"><\/span>\n\t\t\t\t\t<\/div>\n\n\t\t\t\t\t<div class=\"wd-accordion-content reset-last-child wd-active\" data-accordion-index=\"0\">\n\t\t\t\t\t\t\t\t\t\t\t\t\t<p>Todas nuestras fotos est\u00e1n tomadas de los productos originales, y los productos que reciba ser\u00e1n exactamente iguales a los que ve en las fotos. Por supuesto, puede haber ligeras diferencias de color debido a la iluminaci\u00f3n y otros factores, pero est\u00e1n dentro de un rango aceptable<\/p>\n<p>Le aseguramos que nuestro equipo se esfuerza por ofrecerle r\u00e9plicas de alta calidad que satisfagan sus expectativas. Si tiene alguna duda o requisito espec\u00edfico, h\u00e1ganoslo saber y haremos todo lo posible por resolverlo.<\/p>\n\t\t\t\t\t\t\t\t\t\t\t<\/div>\n\t\t\t\t<\/div>\n\t\t\t\t\t\t\t\n\t\t\t\t\n\t\t\t\t<div class=\"wd-accordion-item\">\n\t\t\t\t\t<div class=\"wd-accordion-title font-text wd-fontsize-s text-left wd-opener-pos-right wd-font-weight-600\" data-accordion-index=\"1\">\n\t\t\t\t\t\t<div class=\"wd-accordion-title-text\">\n\t\t\t\t\t\t\t\t\t\t\t\t\t\t<span>\n\t\t\t\t\t\t\t\t\u00bfLos bolsos y carteras son de piel aut\u00e9ntica?\t\t\t\t\t\t\t<\/span>\n\t\t\t\t\t\t<\/div>\n\t\t\t\t\t\t<span class=\"wd-accordion-opener wd-opener-style-arrow\"><\/span>\n\t\t\t\t\t<\/div>\n\n\t\t\t\t\t<div class=\"wd-accordion-content reset-last-child\" data-accordion-index=\"1\">\n\t\t\t\t\t\t\t\t\t\t\t\t\t<p>S\u00ed, nuestros bolsos y carteras se fabrican con piel aut\u00e9ntica 100%. Nos abastecemos de piel de alta calidad que se asemeja mucho a la utilizada por las marcas originales.<\/p>\n<p>Ofrecemos una gran variedad de opciones de piel, cuidadosamente seleccionadas para reproducir el tacto y el aspecto aut\u00e9nticos de los bolsos originales. Tenga la seguridad de que nuestros productos se fabrican con el compromiso de ofrecer materiales de la mejor calidad, para que disfrute del lujo y la durabilidad de la piel aut\u00e9ntica.<\/p>\n\t\t\t\t\t\t\t\t\t\t\t<\/div>\n\t\t\t\t<\/div>\n\t\t\t\t\t\t\t\n\t\t\t\t\n\t\t\t\t<div class=\"wd-accordion-item\">\n\t\t\t\t\t<div class=\"wd-accordion-title font-text wd-fontsize-s text-left wd-opener-pos-right wd-font-weight-600\" data-accordion-index=\"2\">\n\t\t\t\t\t\t<div class=\"wd-accordion-title-text\">\n\t\t\t\t\t\t\t\t\t\t\t\t\t\t<span>\n\t\t\t\t\t\t\t\t\u00bfQu\u00e9 accesorios incluyen sus bolsos y carteras?\t\t\t\t\t\t\t<\/span>\n\t\t\t\t\t\t<\/div>\n\t\t\t\t\t\t<span class=\"wd-accordion-opener wd-opener-style-arrow\"><\/span>\n\t\t\t\t\t<\/div>\n\n\t\t\t\t\t<div class=\"wd-accordion-content reset-last-child\" data-accordion-index=\"2\">\n\t\t\t\t\t\t\t\t\t\t\t\t\t<p>Nuestros bolsos y carteras van acompa\u00f1ados de una caja, tarjetas de autentificaci\u00f3n y, cuando est\u00e1n disponibles, folletos. Nos esforzamos por ofrecerle los mismos art\u00edculos que vienen con los productos originales. Sin embargo, tenga en cuenta que no todas las marcas incluyen folletos, por lo que s\u00f3lo enviamos los art\u00edculos que normalmente recibir\u00eda con la compra original. En algunos casos, si el art\u00edculo es demasiado grande, podemos optar por enviarlo con bolsas de compra de la marca en lugar de una caja para reducir los gastos de env\u00edo. Por eso tambi\u00e9n ofrecemos la opci\u00f3n de env\u00edo a trav\u00e9s del servicio de 3 d\u00edas de DHL. Si prefiere recibir la caja, puede solicitarla por un cargo adicional.<\/p>\n\t\t\t\t\t\t\t\t\t\t\t<\/div>\n\t\t\t\t<\/div>\n\t\t\t\t\t\t\t\n\t\t\t\t\n\t\t\t\t<div class=\"wd-accordion-item\">\n\t\t\t\t\t<div class=\"wd-accordion-title font-text wd-fontsize-s text-left wd-opener-pos-right wd-font-weight-600\" data-accordion-index=\"3\">\n\t\t\t\t\t\t<div class=\"wd-accordion-title-text\">\n\t\t\t\t\t\t\t\t\t\t\t\t\t\t<span>\n\t\t\t\t\t\t\t\tMe preocupa confiar mi pago a su empresa y tengo dudas a la hora de realizar una compra. \u00bfC\u00f3mo puedo confiar en ustedes?\t\t\t\t\t\t\t<\/span>\n\t\t\t\t\t\t<\/div>\n\t\t\t\t\t\t<span class=\"wd-accordion-opener wd-opener-style-arrow\"><\/span>\n\t\t\t\t\t<\/div>\n\n\t\t\t\t\t<div class=\"wd-accordion-content reset-last-child\" data-accordion-index=\"3\">\n\t\t\t\t\t\t\t\t\t\t\t\t\t<p>Comprendemos perfectamente su preocupaci\u00f3n por las estafas en l\u00ednea y la aprensi\u00f3n que puede provocar la compra de r\u00e9plicas de productos en l\u00ednea. Queremos asegurarle que nos tomamos muy en serio la confianza de nuestros clientes y su dinero. Nuestro negocio ha prosperado porque priorizamos la satisfacci\u00f3n y la seguridad de nuestros clientes.<\/p>\n<p>Nunca presionamos a nuestros clientes para que realicen una compra, ya que recibimos un gran volumen de pedidos. Si no est\u00e1 seguro de confiar en nosotros, respetamos su decisi\u00f3n y no queremos que se sienta inc\u00f3modo o inquieto al comprarnos. Entendemos que la confianza hay que gan\u00e1rsela.<\/p>\n<p>Si no se atreve a enviar una gran cantidad de dinero, le sugerimos que empiece con un art\u00edculo m\u00e1s peque\u00f1o. De este modo, podr\u00e1 comprobar de primera mano la calidad de nuestros productos y servicios. Estamos seguros de que, una vez que compruebe la calidad y fiabilidad que ofrecemos, se convertir\u00e1 en un cliente satisfecho y recurrente, como muchos otros que han depositado su confianza en nosotros.<\/p>\n<p>No obstante, si sigue sinti\u00e9ndose receloso o inseguro, recuerde que comprar con nosotros es siempre una elecci\u00f3n. Queremos que se sienta 100% c\u00f3modo y seguro antes de realizar una compra. Estamos aqu\u00ed para responder a cualquier pregunta o duda que pueda tener, ya que nos esforzamos por construir una relaci\u00f3n duradera basada en la confianza y la satisfacci\u00f3n del cliente.<\/p>\n\t\t\t\t\t\t\t\t\t\t\t<\/div>\n\t\t\t\t<\/div>\n\t\t\t\t\t\t\t\n\t\t\t\t\n\t\t\t\t<div class=\"wd-accordion-item\">\n\t\t\t\t\t<div class=\"wd-accordion-title font-text wd-fontsize-s text-left wd-opener-pos-right wd-font-weight-600\" data-accordion-index=\"4\">\n\t\t\t\t\t\t<div class=\"wd-accordion-title-text\">\n\t\t\t\t\t\t\t\t\t\t\t\t\t\t<span>\n\t\t\t\t\t\t\t\t\u00bfCu\u00e1l es su pol\u00edtica en materia de devoluciones, cambios y reembolsos?\t\t\t\t\t\t\t<\/span>\n\t\t\t\t\t\t<\/div>\n\t\t\t\t\t\t<span class=\"wd-accordion-opener wd-opener-style-arrow\"><\/span>\n\t\t\t\t\t<\/div>\n\n\t\t\t\t\t<div class=\"wd-accordion-content reset-last-child\" data-accordion-index=\"4\">\n\t\t\t\t\t\t\t\t\t\t\t\t\t<p>Contamos con una pol\u00edtica exhaustiva para garantizar la satisfacci\u00f3n del cliente. Ofrecemos una garant\u00eda total de devoluci\u00f3n del dinero por los art\u00edculos comprados que se devuelvan en un plazo de 14 d\u00edas desde su recepci\u00f3n. Si no est\u00e1 completamente satisfecho con su compra, s\u00f3lo tiene que ponerse en contacto con nosotros dentro de este plazo para iniciar el proceso de devoluci\u00f3n. Una vez que recibamos el art\u00edculo devuelto en su estado original, procederemos al reembolso.<\/p>\n<p>Adem\u00e1s, entendemos las preocupaciones con respecto a la incautaci\u00f3n de aduanas con r\u00e9plicas de bolsos. Le aseguramos que nuestras r\u00e9plicas de bolsos son cuidadosamente empaquetados y discretamente enviados para minimizar cualquier problema potencial. En el raro caso de que sus r\u00e9plicas de bolsos sean confiscadas por la aduana, reemplazaremos su pedido sin cargo alguno. Asumimos la responsabilidad de garantizar una entrega satisfactoria de su pedido.<\/p>\n<p>Tenga en cuenta que nuestras pol\u00edticas pueden tener t\u00e9rminos y condiciones espec\u00edficos que se aplican, por lo que recomendamos revisar cuidadosamente nuestras pol\u00edticas completas de devoluci\u00f3n, cambio y reembolso en nuestro sitio web o ponerse en contacto con nuestro equipo de atenci\u00f3n al cliente para cualquier aclaraci\u00f3n adicional.<\/p>\n<p>Nos comprometemos a proporcionarle una experiencia de compra fluida y a resolver cualquier duda que pueda tener para garantizar su satisfacci\u00f3n con nuestros productos y servicios.<\/p>\n\t\t\t\t\t\t\t\t\t\t\t<\/div>\n\t\t\t\t<\/div>\n\t\t\t\t\t\t\t\t\t\t\t\t\t\t<\/div>\n\n\t\t<\/div><\/div><\/div><div class=\"wpb_column vc_column_container vc_col-sm-12 vc_col-lg-6 vc_col-md-6\"><div class=\"vc_column-inner vc_custom_1496927688909\"><div class=\"wpb_wrapper\">\t\t\t<div class=\"info-box-wrapper\">\n\t\t\t\t<div id=\"wd-656f2e1abbd29\" class=\"wd-rs-656f2e1abbd29 wd-info-box wd-wpb text-left box-icon-align-left box-style- color-scheme- wd-bg-none wd-items-top with-btn box-btn-static vc_custom_1701785179801\"  >\n\t\t\t\t\t\t\t\t\t\t<div class=\"info-box-content\">\n\t\t\t\t\t\t<div class=\"info-box-subtitle subtitle-color-default wd-fontsize-xs subtitle-style-default\">NUESTRAS TIENDAS<\/div><h4 class=\"info-box-title title box-title-style-default wd-fontsize-m\">VISITA NUESTRA NUEVA<br \/>\nTIENDA EN GuangZhou<\/h4>\t\t\t\t\t\t<div class=\"info-box-inner set-cont-mb-s reset-last-child\">\n\t\t\t\t\t\t\t<p>&nbsp;<\/p>\n<table border=\"0\">\n<tbody>\n<tr>\n<td>Ciudad del Cuero de Baiyun,<br \/>\nGuangzhou, GuangDong<\/p>\n<p>Correo electr\u00f3nico:<a href=\"mailto:vogueluxuryru@gmail.com\">vogueluxuryru@gmail.com<\/a><\/td>\n<td><img loading=\"lazy\" decoding=\"async\" class=\"alignnone size-medium wp-image-27315\" src=\"http:\/\/www.vogueluxury.ru\/wp-content\/uploads\/2023\/10\/whatsapp-314x300.png\" alt=\"\" width=\"314\" height=\"300\" srcset=\"https:\/\/www.vogueluxury.ru\/wp-content\/uploads\/2023\/10\/whatsapp-314x300.png 314w, https:\/\/www.vogueluxury.ru\/wp-content\/uploads\/2023\/10\/whatsapp-838x800.png 838w, https:\/\/www.vogueluxury.ru\/wp-content\/uploads\/2023\/10\/whatsapp-768x733.png 768w, https:\/\/www.vogueluxury.ru\/wp-content\/uploads\/2023\/10\/whatsapp-860x821.png 860w, https:\/\/www.vogueluxury.ru\/wp-content\/uploads\/2023\/10\/whatsapp-430x411.png 430w, https:\/\/www.vogueluxury.ru\/wp-content\/uploads\/2023\/10\/whatsapp-700x668.png 700w, https:\/\/www.vogueluxury.ru\/wp-content\/uploads\/2023\/10\/whatsapp-150x143.png 150w, https:\/\/www.vogueluxury.ru\/wp-content\/uploads\/2023\/10\/whatsapp.png 1125w\" sizes=\"auto, (max-width: 314px) 100vw, 314px\" \/><\/td>\n<\/tr>\n<\/tbody>\n<\/table>\n<p>&nbsp;<\/p>\n\t\t\t\t\t\t<\/div>\n\n\t\t\t\t\t\t<div class=\"info-btn-wrapper\"><div id=\"wd-69e8af499f25b\" class=\"wd-button-wrapper text-left\"><a  class=\"btn btn-color-default btn-style-link btn-style-rectangle btn-size-default\">M\u00e1s informaci\u00f3n<\/a><\/div><\/div>\t\t\t\t\t<\/div>\n\n\t\t\t\t\t\t\t\t\t<\/div>\n\t\t\t<\/div>\n\t\t\n\t\t<div id=\"wd-69e8af499f2b8\" class=\"title-wrapper wd-wpb set-mb-s reset-last-child  wd-title-color-default wd-title-style-default text-left  wd-underline-colored\">\n\t\t\t\t\t\t\t<div class=\"title-subtitle  subtitle-color-default font-default subtitle-style-default wd-font-weight- wd-fontsize-xs\">INFORMACI\u00d3N SOBRE NOSOTROS<\/div>\n\t\t\t\n\t\t\t<div class=\"liner-continer\">\n\t\t\t\t<h4 class=\"woodmart-title-container title  wd-font-weight- wd-fontsize-l\" >P\u00d3NGASE EN CONTACTO CON NOSOTROS<\/h4>\n\t\t\t\t\t\t\t<\/div>\n\t\t\t\n\t\t\t\n\t\t\t\n\t\t<\/div>\n\t\t\n\t\t\n<div class=\"wpcf7 no-js\" id=\"wpcf7-f10711-o1\" lang=\"en-US\" dir=\"ltr\" data-wpcf7-id=\"10711\">\n<div class=\"screen-reader-response\"><p role=\"status\" aria-live=\"polite\" aria-atomic=\"true\"><\/p> <ul><\/ul><\/div>\n<form action=\"\/es\/wp-json\/wp\/v2\/pages\/5288#wpcf7-f10711-o1\" method=\"post\" class=\"wpcf7-form init\" aria-label=\"Contact form\" novalidate=\"novalidate\" data-status=\"init\" data-trp-original-action=\"\/es\/wp-json\/wp\/v2\/pages\/5288#wpcf7-f10711-o1\">\n<div style=\"display: none;\">\n<input type=\"hidden\" name=\"_wpcf7\" value=\"10711\" \/>\n<input type=\"hidden\" name=\"_wpcf7_version\" value=\"6.0.6\" \/>\n<input type=\"hidden\" name=\"_wpcf7_locale\" value=\"en_US\" \/>\n<input type=\"hidden\" name=\"_wpcf7_unit_tag\" value=\"wpcf7-f10711-o1\" \/>\n<input type=\"hidden\" name=\"_wpcf7_container_post\" value=\"0\" \/>\n<input type=\"hidden\" name=\"_wpcf7_posted_data_hash\" value=\"\" \/>\n<\/div>\n<p><label> Su nombre<br \/>\n<span class=\"wpcf7-form-control-wrap\" data-name=\"your-name\"><input size=\"40\" maxlength=\"400\" class=\"wpcf7-form-control wpcf7-text wpcf7-validates-as-required\" autocomplete=\"name\" aria-required=\"true\" aria-invalid=\"false\" value=\"\" type=\"text\" name=\"your-name\" \/><\/span> <\/label>\n<\/p>\n<p><label> Tu correo electr\u00f3nico<br \/>\n<span class=\"wpcf7-form-control-wrap\" data-name=\"your-email\"><input size=\"40\" maxlength=\"400\" class=\"wpcf7-form-control wpcf7-email wpcf7-validates-as-required wpcf7-text wpcf7-validates-as-email\" autocomplete=\"email\" aria-required=\"true\" aria-invalid=\"false\" value=\"\" type=\"email\" name=\"your-email\" \/><\/span> <\/label>\n<\/p>\n<p><label> Asunto<br \/>\n<span class=\"wpcf7-form-control-wrap\" data-name=\"your-subject\"><input size=\"40\" maxlength=\"400\" class=\"wpcf7-form-control wpcf7-text wpcf7-validates-as-required\" aria-required=\"true\" aria-invalid=\"false\" value=\"\" type=\"text\" name=\"your-subject\" \/><\/span> <\/label>\n<\/p>\n<p><label> Su mensaje (opcional)<br \/>\n<span class=\"wpcf7-form-control-wrap\" data-name=\"your-message\"><textarea cols=\"40\" rows=\"10\" maxlength=\"2000\" class=\"wpcf7-form-control wpcf7-textarea\" aria-invalid=\"false\" name=\"your-message\"><\/textarea><\/span> <\/label>\n<\/p>\n<p><input class=\"wpcf7-form-control wpcf7-submit has-spinner\" type=\"submit\" value=\"Enviar\" \/>\n<\/p><div class=\"wpcf7-response-output\" aria-hidden=\"true\"><\/div>\n<input type=\"hidden\" name=\"trp-form-language\" value=\"es\"\/><\/form>\n<\/div>\n<\/div><\/div><\/div><\/div>\n<\/section>","protected":false},"excerpt":{"rendered":"INFORMATION QUESTIONS FREQUENTLY ASKED QUESTIONS Will I receive the same product that I see in the picture? Our pictures are","protected":false},"author":1,"featured_media":0,"parent":0,"menu_order":0,"comment_status":"closed","ping_status":"closed","template":"","meta":{"footnotes":""},"class_list":["post-5288","page","type-page","status-publish","hentry"],"yoast_head":"<!-- This site is optimized with the Yoast SEO Premium plugin v23.1 (Yoast SEO v25.3.1) - https:\/\/yoast.com\/wordpress\/plugins\/seo\/ -->\n<title>Contact us - vogueluxury<\/title>\n<meta name=\"robots\" content=\"index, follow, max-snippet:-1, max-image-preview:large, max-video-preview:-1\" \/>\n<link rel=\"canonical\" href=\"https:\/\/www.vogueluxury.ru\/es\/contacto\/\" \/>\n<meta property=\"og:locale\" content=\"es_ES\" \/>\n<meta property=\"og:type\" content=\"article\" \/>\n<meta property=\"og:title\" content=\"Contact us\" \/>\n<meta property=\"og:url\" content=\"https:\/\/www.vogueluxury.ru\/es\/contacto\/\" \/>\n<meta property=\"og:site_name\" content=\"vogueluxury\" \/>\n<meta property=\"article:modified_time\" content=\"2023-12-05T14:06:25+00:00\" \/>\n<meta property=\"og:image\" content=\"http:\/\/www.vogueluxury.ru\/wp-content\/uploads\/2023\/10\/whatsapp-314x300.png\" \/>\n<meta name=\"twitter:card\" content=\"summary_large_image\" \/>\n<meta name=\"twitter:label1\" content=\"Tiempo de lectura\" \/>\n\t<meta name=\"twitter:data1\" content=\"5 minutos\" \/>\n<script type=\"application\/ld+json\" class=\"yoast-schema-graph\">{\"@context\":\"https:\/\/schema.org\",\"@graph\":[{\"@type\":\"WebPage\",\"@id\":\"https:\/\/www.vogueluxury.ru\/contact-us\/\",\"url\":\"https:\/\/www.vogueluxury.ru\/contact-us\/\",\"name\":\"Contact us - vogueluxury\",\"isPartOf\":{\"@id\":\"https:\/\/www.vogueluxury.ru\/fr\/#website\"},\"primaryImageOfPage\":{\"@id\":\"https:\/\/www.vogueluxury.ru\/contact-us\/#primaryimage\"},\"image\":{\"@id\":\"https:\/\/www.vogueluxury.ru\/contact-us\/#primaryimage\"},\"thumbnailUrl\":\"http:\/\/www.vogueluxury.ru\/wp-content\/uploads\/2023\/10\/whatsapp-314x300.png\",\"datePublished\":\"2021-08-25T09:00:10+00:00\",\"dateModified\":\"2023-12-05T14:06:25+00:00\",\"breadcrumb\":{\"@id\":\"https:\/\/www.vogueluxury.ru\/contact-us\/#breadcrumb\"},\"inLanguage\":\"es\",\"potentialAction\":[{\"@type\":\"ReadAction\",\"target\":[\"https:\/\/www.vogueluxury.ru\/contact-us\/\"]}]},{\"@type\":\"ImageObject\",\"inLanguage\":\"es\",\"@id\":\"https:\/\/www.vogueluxury.ru\/contact-us\/#primaryimage\",\"url\":\"http:\/\/www.vogueluxury.ru\/wp-content\/uploads\/2023\/10\/whatsapp-314x300.png\",\"contentUrl\":\"http:\/\/www.vogueluxury.ru\/wp-content\/uploads\/2023\/10\/whatsapp-314x300.png\"},{\"@type\":\"BreadcrumbList\",\"@id\":\"https:\/\/www.vogueluxury.ru\/contact-us\/#breadcrumb\",\"itemListElement\":[{\"@type\":\"ListItem\",\"position\":1,\"name\":\"Home\",\"item\":\"https:\/\/www.vogueluxury.ru\/\"},{\"@type\":\"ListItem\",\"position\":2,\"name\":\"Contact us\"}]},{\"@type\":\"WebSite\",\"@id\":\"https:\/\/www.vogueluxury.ru\/fr\/#website\",\"url\":\"https:\/\/www.vogueluxury.ru\/fr\/\",\"name\":\"vogueluxury\",\"description\":\"Premium Quality 1:1 Replica Handbags - Fake Luxury Bags Store\",\"potentialAction\":[{\"@type\":\"SearchAction\",\"target\":{\"@type\":\"EntryPoint\",\"urlTemplate\":\"https:\/\/www.vogueluxury.ru\/fr\/?s={search_term_string}\"},\"query-input\":{\"@type\":\"PropertyValueSpecification\",\"valueRequired\":true,\"valueName\":\"search_term_string\"}}],\"inLanguage\":\"es\"}]}<\/script>\n<!-- \/ Yoast SEO Premium plugin. -->","yoast_head_json":{"title":"Contact us - vogueluxury","robots":{"index":"index","follow":"follow","max-snippet":"max-snippet:-1","max-image-preview":"max-image-preview:large","max-video-preview":"max-video-preview:-1"},"canonical":"https:\/\/www.vogueluxury.ru\/es\/contacto\/","og_locale":"es_ES","og_type":"article","og_title":"Contact us","og_url":"https:\/\/www.vogueluxury.ru\/es\/contacto\/","og_site_name":"vogueluxury","article_modified_time":"2023-12-05T14:06:25+00:00","og_image":[{"url":"http:\/\/www.vogueluxury.ru\/wp-content\/uploads\/2023\/10\/whatsapp-314x300.png","type":"","width":"","height":""}],"twitter_card":"summary_large_image","twitter_misc":{"Tiempo de lectura":"5 minutos"},"schema":{"@context":"https:\/\/schema.org","@graph":[{"@type":"WebPage","@id":"https:\/\/www.vogueluxury.ru\/contact-us\/","url":"https:\/\/www.vogueluxury.ru\/contact-us\/","name":"Contact us - vogueluxury","isPartOf":{"@id":"https:\/\/www.vogueluxury.ru\/fr\/#website"},"primaryImageOfPage":{"@id":"https:\/\/www.vogueluxury.ru\/contact-us\/#primaryimage"},"image":{"@id":"https:\/\/www.vogueluxury.ru\/contact-us\/#primaryimage"},"thumbnailUrl":"http:\/\/www.vogueluxury.ru\/wp-content\/uploads\/2023\/10\/whatsapp-314x300.png","datePublished":"2021-08-25T09:00:10+00:00","dateModified":"2023-12-05T14:06:25+00:00","breadcrumb":{"@id":"https:\/\/www.vogueluxury.ru\/contact-us\/#breadcrumb"},"inLanguage":"es","potentialAction":[{"@type":"ReadAction","target":["https:\/\/www.vogueluxury.ru\/contact-us\/"]}]},{"@type":"ImageObject","inLanguage":"es","@id":"https:\/\/www.vogueluxury.ru\/contact-us\/#primaryimage","url":"http:\/\/www.vogueluxury.ru\/wp-content\/uploads\/2023\/10\/whatsapp-314x300.png","contentUrl":"http:\/\/www.vogueluxury.ru\/wp-content\/uploads\/2023\/10\/whatsapp-314x300.png"},{"@type":"BreadcrumbList","@id":"https:\/\/www.vogueluxury.ru\/contact-us\/#breadcrumb","itemListElement":[{"@type":"ListItem","position":1,"name":"Home","item":"https:\/\/www.vogueluxury.ru\/"},{"@type":"ListItem","position":2,"name":"Contact us"}]},{"@type":"WebSite","@id":"https:\/\/www.vogueluxury.ru\/fr\/#website","url":"https:\/\/www.vogueluxury.ru\/fr\/","name":"vogueluxury","description":"Premium Quality 1:1 Replica Handbags - Fake Luxury Bags Store","potentialAction":[{"@type":"SearchAction","target":{"@type":"EntryPoint","urlTemplate":"https:\/\/www.vogueluxury.ru\/fr\/?s={search_term_string}"},"query-input":{"@type":"PropertyValueSpecification","valueRequired":true,"valueName":"search_term_string"}}],"inLanguage":"es"}]}},"_links":{"self":[{"href":"https:\/\/www.vogueluxury.ru\/es\/wp-json\/wp\/v2\/pages\/5288","targetHints":{"allow":["GET"]}}],"collection":[{"href":"https:\/\/www.vogueluxury.ru\/es\/wp-json\/wp\/v2\/pages"}],"about":[{"href":"https:\/\/www.vogueluxury.ru\/es\/wp-json\/wp\/v2\/types\/page"}],"author":[{"embeddable":true,"href":"https:\/\/www.vogueluxury.ru\/es\/wp-json\/wp\/v2\/users\/1"}],"replies":[{"embeddable":true,"href":"https:\/\/www.vogueluxury.ru\/es\/wp-json\/wp\/v2\/comments?post=5288"}],"version-history":[{"count":0,"href":"https:\/\/www.vogueluxury.ru\/es\/wp-json\/wp\/v2\/pages\/5288\/revisions"}],"wp:attachment":[{"href":"https:\/\/www.vogueluxury.ru\/es\/wp-json\/wp\/v2\/media?parent=5288"}],"curies":[{"name":"wp","href":"https:\/\/api.w.org\/{rel}","templated":true}]}}