{"id":11,"date":"2023-10-29T05:52:31","date_gmt":"2023-10-29T05:52:31","guid":{"rendered":"http:\/\/www.vogueluxury.ru\/?page_id=11"},"modified":"2023-10-29T05:52:35","modified_gmt":"2023-10-29T05:52:35","slug":"remboursements","status":"publish","type":"page","link":"https:\/\/www.vogueluxury.ru\/fr\/remboursements\/","title":{"rendered":"Politique de remboursement et de retour"},"content":{"rendered":"<p><\/p>\n\n\n\n<p>Notre politique de remboursement et de retour dure 30 jours. Si 30 jours se sont \u00e9coul\u00e9s depuis votre achat, nous ne pouvons pas vous offrir un remboursement complet ou un \u00e9change.<\/p>\n\n\n\n<p>Pour pouvoir \u00eatre retourn\u00e9, votre article doit \u00eatre inutilis\u00e9 et dans le m\u00eame \u00e9tat que celui dans lequel vous l'avez re\u00e7u. Il doit \u00e9galement \u00eatre dans son emballage d'origine.<\/p>\n\n\n\n<p>Plusieurs types de marchandises ne peuvent pas \u00eatre retourn\u00e9s. Les produits p\u00e9rissables tels que la nourriture, les fleurs, les journaux ou les magazines ne peuvent pas \u00eatre retourn\u00e9s. Nous n'acceptons pas non plus les produits intimes ou sanitaires, les mati\u00e8res dangereuses, les liquides ou les gaz inflammables.<\/p>\n\n\n\n<p>Nous offrons une garantie de satisfaction 100% sur tous nos produits. Nous sommes fiers de la qualit\u00e9 exceptionnelle et du savoir-faire qui distinguent nos r\u00e9pliques des autres produits du march\u00e9. Nous sommes convaincus de la valeur de nos produits et nous nous portons garants de leur excellence.<\/p>\n\n\n\n<p>Si, par hasard, vous recevez un produit d\u00e9fectueux ou incorrect en raison d'une erreur de notre part, nous l'\u00e9changerons rapidement contre un article correct sans frais suppl\u00e9mentaires pour vous. Nous prendrons \u00e9galement en charge les frais d'exp\u00e9dition li\u00e9s \u00e0 la proc\u00e9dure de retour et d'\u00e9change.<\/p>\n\n\n\n<p>Toutefois, veuillez noter que les frais d'exp\u00e9dition sont \u00e0 la charge du client lorsqu'il renvoie un article pour toute autre raison. Nous demandons au client de s'assurer que l'article est renvoy\u00e9 en toute s\u00e9curit\u00e9 \u00e0 notre adresse de retour d\u00e9sign\u00e9e. Dans de rares cas, des probl\u00e8mes douaniers peuvent survenir lors du renvoi d'articles en Chine, et nous ne pouvons \u00eatre tenus responsables des \u00e9ventuelles saisies par les douanes ni proc\u00e9der \u00e0 des remboursements dans de tels cas.<\/p>\n\n\n\n<p>Si votre produit pr\u00e9sente un d\u00e9faut de fabrication, veuillez nous contacter pour savoir o\u00f9 renvoyer l'article. Il est important de ne pas renvoyer l'article \u00e0 l'exp\u00e9diteur. Une communication pr\u00e9alable avec notre service client\u00e8le est n\u00e9cessaire pour traiter votre remboursement ou votre remplacement. Nos transporteurs n'acceptent pas les retours ou les \u00e9changes sans une adresse de retour et un num\u00e9ro d'autorisation de retour de marchandise (RMA) valide d\u00e9livr\u00e9 par notre service des retours.<\/p>\n\n\n\n<p>Pour proc\u00e9der \u00e0 un \u00e9change ou \u00e0 un remboursement, vous devez envoyer le colis retourn\u00e9 par le service de messagerie de votre choix, \u00e0 vos frais. Veuillez nous communiquer le num\u00e9ro de suivi du colis retourn\u00e9 afin de faciliter la proc\u00e9dure d'\u00e9change ou de remboursement. Veuillez noter que nous ne sommes pas en mesure de rembourser les frais de retour, car nous devons assumer les frais d'exp\u00e9dition initiaux.<\/p>\n\n\n\n<p>Nous accordons une grande importance \u00e0 nos clients et nous nous effor\u00e7ons de garantir leur satisfaction \u00e0 l'\u00e9gard de nos produits. Si vous avez d'autres questions concernant notre politique de retour, n'h\u00e9sitez pas \u00e0 contacter notre service client\u00e8le.<\/p>","protected":false},"excerpt":{"rendered":"<p>Notre politique de remboursement et de retour dure 30 jours. Si 30 jours se sont \u00e9coul\u00e9s depuis votre achat, nous ne pouvons pas vous offrir de remboursement.<\/p>","protected":false},"author":1,"featured_media":0,"parent":0,"menu_order":0,"comment_status":"closed","ping_status":"closed","template":"","meta":{"footnotes":""},"class_list":["post-11","page","type-page","status-publish","hentry"],"yoast_head":"<!-- This site is optimized with the Yoast SEO Premium plugin v23.1 (Yoast SEO v25.3.1) - https:\/\/yoast.com\/wordpress\/plugins\/seo\/ -->\n<title>Refund and Returns Policy - vogueluxury<\/title>\n<meta name=\"robots\" content=\"index, follow, max-snippet:-1, max-image-preview:large, max-video-preview:-1\" \/>\n<link rel=\"canonical\" href=\"https:\/\/www.vogueluxury.ru\/fr\/remboursements\/\" \/>\n<meta property=\"og:locale\" content=\"fr_FR\" \/>\n<meta property=\"og:type\" content=\"article\" \/>\n<meta property=\"og:title\" content=\"Refund and Returns Policy\" \/>\n<meta property=\"og:description\" content=\"Our refund and returns policy lasts 30 days. If 30 days have passed since your purchase, we can\u2019t offer you\" \/>\n<meta property=\"og:url\" content=\"https:\/\/www.vogueluxury.ru\/fr\/remboursements\/\" \/>\n<meta property=\"og:site_name\" content=\"vogueluxury\" \/>\n<meta property=\"article:modified_time\" content=\"2023-10-29T05:52:35+00:00\" \/>\n<meta name=\"twitter:card\" content=\"summary_large_image\" \/>\n<meta name=\"twitter:label1\" content=\"Dur\u00e9e de lecture estim\u00e9e\" \/>\n\t<meta name=\"twitter:data1\" content=\"2 minutes\" \/>\n<script type=\"application\/ld+json\" class=\"yoast-schema-graph\">{\"@context\":\"https:\/\/schema.org\",\"@graph\":[{\"@type\":\"WebPage\",\"@id\":\"https:\/\/www.vogueluxury.ru\/fr\/remboursements\/\",\"url\":\"https:\/\/www.vogueluxury.ru\/fr\/remboursements\/\",\"name\":\"Refund and Returns Policy - vogueluxury\",\"isPartOf\":{\"@id\":\"https:\/\/www.vogueluxury.ru\/fr\/#website\"},\"datePublished\":\"2023-10-29T05:52:31+00:00\",\"dateModified\":\"2023-10-29T05:52:35+00:00\",\"breadcrumb\":{\"@id\":\"https:\/\/www.vogueluxury.ru\/fr\/remboursements\/#breadcrumb\"},\"inLanguage\":\"fr-FR\",\"potentialAction\":[{\"@type\":\"ReadAction\",\"target\":[\"https:\/\/www.vogueluxury.ru\/fr\/remboursements\/\"]}]},{\"@type\":\"BreadcrumbList\",\"@id\":\"https:\/\/www.vogueluxury.ru\/fr\/remboursements\/#breadcrumb\",\"itemListElement\":[{\"@type\":\"ListItem\",\"position\":1,\"name\":\"Home\",\"item\":\"https:\/\/www.vogueluxury.ru\/\"},{\"@type\":\"ListItem\",\"position\":2,\"name\":\"Refund and Returns Policy\"}]},{\"@type\":\"WebSite\",\"@id\":\"https:\/\/www.vogueluxury.ru\/fr\/#website\",\"url\":\"https:\/\/www.vogueluxury.ru\/fr\/\",\"name\":\"vogueluxury\",\"description\":\"Premium Quality 1:1 Replica Handbags - Fake Luxury Bags Store\",\"potentialAction\":[{\"@type\":\"SearchAction\",\"target\":{\"@type\":\"EntryPoint\",\"urlTemplate\":\"https:\/\/www.vogueluxury.ru\/fr\/?s={search_term_string}\"},\"query-input\":{\"@type\":\"PropertyValueSpecification\",\"valueRequired\":true,\"valueName\":\"search_term_string\"}}],\"inLanguage\":\"fr-FR\"}]}<\/script>\n<!-- \/ Yoast SEO Premium plugin. -->","yoast_head_json":{"title":"Refund and Returns Policy - vogueluxury","robots":{"index":"index","follow":"follow","max-snippet":"max-snippet:-1","max-image-preview":"max-image-preview:large","max-video-preview":"max-video-preview:-1"},"canonical":"https:\/\/www.vogueluxury.ru\/fr\/remboursements\/","og_locale":"fr_FR","og_type":"article","og_title":"Refund and Returns Policy","og_description":"Our refund and returns policy lasts 30 days. If 30 days have passed since your purchase, we can\u2019t offer you","og_url":"https:\/\/www.vogueluxury.ru\/fr\/remboursements\/","og_site_name":"vogueluxury","article_modified_time":"2023-10-29T05:52:35+00:00","twitter_card":"summary_large_image","twitter_misc":{"Dur\u00e9e de lecture estim\u00e9e":"2 minutes"},"schema":{"@context":"https:\/\/schema.org","@graph":[{"@type":"WebPage","@id":"https:\/\/www.vogueluxury.ru\/fr\/remboursements\/","url":"https:\/\/www.vogueluxury.ru\/fr\/remboursements\/","name":"Refund and Returns Policy - vogueluxury","isPartOf":{"@id":"https:\/\/www.vogueluxury.ru\/fr\/#website"},"datePublished":"2023-10-29T05:52:31+00:00","dateModified":"2023-10-29T05:52:35+00:00","breadcrumb":{"@id":"https:\/\/www.vogueluxury.ru\/fr\/remboursements\/#breadcrumb"},"inLanguage":"fr-FR","potentialAction":[{"@type":"ReadAction","target":["https:\/\/www.vogueluxury.ru\/fr\/remboursements\/"]}]},{"@type":"BreadcrumbList","@id":"https:\/\/www.vogueluxury.ru\/fr\/remboursements\/#breadcrumb","itemListElement":[{"@type":"ListItem","position":1,"name":"Home","item":"https:\/\/www.vogueluxury.ru\/"},{"@type":"ListItem","position":2,"name":"Refund and Returns Policy"}]},{"@type":"WebSite","@id":"https:\/\/www.vogueluxury.ru\/fr\/#website","url":"https:\/\/www.vogueluxury.ru\/fr\/","name":"vogueluxury","description":"Premium Quality 1:1 Replica Handbags - Fake Luxury Bags Store","potentialAction":[{"@type":"SearchAction","target":{"@type":"EntryPoint","urlTemplate":"https:\/\/www.vogueluxury.ru\/fr\/?s={search_term_string}"},"query-input":{"@type":"PropertyValueSpecification","valueRequired":true,"valueName":"search_term_string"}}],"inLanguage":"fr-FR"}]}},"_links":{"self":[{"href":"https:\/\/www.vogueluxury.ru\/fr\/wp-json\/wp\/v2\/pages\/11","targetHints":{"allow":["GET"]}}],"collection":[{"href":"https:\/\/www.vogueluxury.ru\/fr\/wp-json\/wp\/v2\/pages"}],"about":[{"href":"https:\/\/www.vogueluxury.ru\/fr\/wp-json\/wp\/v2\/types\/page"}],"author":[{"embeddable":true,"href":"https:\/\/www.vogueluxury.ru\/fr\/wp-json\/wp\/v2\/users\/1"}],"replies":[{"embeddable":true,"href":"https:\/\/www.vogueluxury.ru\/fr\/wp-json\/wp\/v2\/comments?post=11"}],"version-history":[{"count":0,"href":"https:\/\/www.vogueluxury.ru\/fr\/wp-json\/wp\/v2\/pages\/11\/revisions"}],"wp:attachment":[{"href":"https:\/\/www.vogueluxury.ru\/fr\/wp-json\/wp\/v2\/media?parent=11"}],"curies":[{"name":"wp","href":"https:\/\/api.w.org\/{rel}","templated":true}]}}