{"id":27959,"date":"2024-08-30T06:12:23","date_gmt":"2024-08-30T06:12:23","guid":{"rendered":"https:\/\/www.vogueluxury.ru\/?post_type=product&#038;p=27959"},"modified":"2024-08-30T06:16:39","modified_gmt":"2024-08-30T06:16:39","slug":"dior-m9241-pink-small-dior-caro-bag","status":"publish","type":"product","link":"https:\/\/www.vogueluxury.ru\/fr\/product\/dior-m9241-pink-small-dior-caro-bag\/","title":{"rendered":"Dior M9241 Pink Small Dior Caro Bag"},"content":{"rendered":"<li >\n<div class=\"base_key_value\"> <span class=\"key\" v-if=\"'Brands'!=''\"> Marques : <\/span><span >Dior<\/span><\/div>\n<\/li>\n<li >\n<div class=\"base_key_value\"> <span class=\"key\" v-if=\"'Grade'!=''\"> Grade : <\/span>1:1<\/div>\n<\/li>\n<li >\n<div class=\"base_key_value\"> <span class=\"key\" v-if=\"'Size'!=''\"> Taille : <\/span><span >7.9X4.7X2.8Inches\/<span v-text=\"swatchUnit('7.9X4.7X2.8Inches')\"><\/span><\/span><\/div>\n<\/li>\n<li >\n<div class=\"base_key_value\"> <span class=\"key\" v-if=\"'Item Code'!=''\"> Code de l'article : <\/span><span >M9241<\/span><\/div>\n<\/li>\n<\/ul>\n<p class=\"detail_bottom_title\" v-if=\"\">Description du produit<\/p>\n<ul class=\"detail_bottom_desc\" >\n<li><span class=\"base_key_value\">Fermeture \u00e0 rabat avec fermoir Twist Cd<\/span><\/li>\n<li><span class=\"base_key_value\">Signature 30 Montaigne emboss\u00e9e au dos<\/span><\/li>\n<li><span class=\"base_key_value\">Bracelet r\u00e9glable et amovible en cha\u00eene Cd avec boucle d'inspiration militaire Christian Dior<\/span><\/li>\n<li><span class=\"base_key_value\">Deux maillons amovibles avec une encoche centrale en forme de X permettent d'ouvrir la cha\u00eene.<\/span><\/li>\n<li><span class=\"base_key_value\">Poche int\u00e9rieure zipp\u00e9e et poche plaqu\u00e9e<\/span><\/li>\n<li><span class=\"base_key_value\">Poche arri\u00e8re<\/span><\/li>","protected":false},"excerpt":{"rendered":"<p>Brands: Dior Grade: 1:1 Size: 7.9X4.7X2.8Inches\/ Item Code: M9241 Product Description Flap Closure With Cd Twist Clasp Embossed 30 Montaigne<\/p>","protected":false},"featured_media":28050,"comment_status":"open","ping_status":"closed","template":"","meta":[],"product_brand":[],"product_cat":[140],"product_tag":[214,215],"class_list":{"0":"post-27959","1":"product","2":"type-product","3":"status-publish","4":"has-post-thumbnail","6":"product_cat-dior","7":"product_tag-brands","8":"product_tag-dior","10":"first","11":"instock","12":"shipping-taxable","13":"purchasable","14":"product-type-simple"},"yoast_head":"<!-- This site is optimized with the Yoast SEO Premium plugin v23.1 (Yoast SEO v25.3.1) - https:\/\/yoast.com\/wordpress\/plugins\/seo\/ -->\n<title>Dior M9241 Pink Small Dior Caro Bag - vogueluxury<\/title>\n<meta name=\"robots\" content=\"index, follow, max-snippet:-1, max-image-preview:large, max-video-preview:-1\" \/>\n<link rel=\"canonical\" href=\"https:\/\/www.vogueluxury.ru\/fr\/product\/dior-m9241-pink-small-dior-caro-bag\/\" \/>\n<meta property=\"og:locale\" content=\"fr_FR\" \/>\n<meta property=\"og:type\" content=\"article\" \/>\n<meta property=\"og:title\" content=\"Dior M9241 Pink Small Dior Caro Bag\" \/>\n<meta property=\"og:description\" content=\"Brands: Dior Grade: 1:1 Size: 7.9X4.7X2.8Inches\/ Item Code: M9241 Product Description Flap Closure With Cd Twist Clasp Embossed 30 Montaigne\" \/>\n<meta property=\"og:url\" content=\"https:\/\/www.vogueluxury.ru\/fr\/product\/dior-m9241-pink-small-dior-caro-bag\/\" \/>\n<meta property=\"og:site_name\" content=\"vogueluxury\" \/>\n<meta property=\"article:modified_time\" content=\"2024-08-30T06:16:39+00:00\" \/>\n<meta property=\"og:image\" content=\"https:\/\/www.vogueluxury.ru\/wp-content\/uploads\/2024\/08\/color_1_1-1.jpg\" \/>\n\t<meta property=\"og:image:width\" content=\"800\" \/>\n\t<meta property=\"og:image:height\" content=\"800\" \/>\n\t<meta property=\"og:image:type\" content=\"image\/jpeg\" \/>\n<meta name=\"twitter:card\" content=\"summary_large_image\" \/>\n<script type=\"application\/ld+json\" class=\"yoast-schema-graph\">{\"@context\":\"https:\/\/schema.org\",\"@graph\":[{\"@type\":\"WebPage\",\"@id\":\"https:\/\/www.vogueluxury.ru\/el\/product\/dior-m9241-pink-small-dior-caro-bag\/\",\"url\":\"https:\/\/www.vogueluxury.ru\/el\/product\/dior-m9241-pink-small-dior-caro-bag\/\",\"name\":\"Dior M9241 Pink Small Dior Caro Bag - vogueluxury\",\"isPartOf\":{\"@id\":\"https:\/\/www.vogueluxury.ru\/fr\/#website\"},\"primaryImageOfPage\":{\"@id\":\"https:\/\/www.vogueluxury.ru\/el\/product\/dior-m9241-pink-small-dior-caro-bag\/#primaryimage\"},\"image\":{\"@id\":\"https:\/\/www.vogueluxury.ru\/el\/product\/dior-m9241-pink-small-dior-caro-bag\/#primaryimage\"},\"thumbnailUrl\":\"https:\/\/www.vogueluxury.ru\/wp-content\/uploads\/2024\/08\/color_1_1-1.jpg\",\"datePublished\":\"2024-08-30T06:12:23+00:00\",\"dateModified\":\"2024-08-30T06:16:39+00:00\",\"breadcrumb\":{\"@id\":\"https:\/\/www.vogueluxury.ru\/el\/product\/dior-m9241-pink-small-dior-caro-bag\/#breadcrumb\"},\"inLanguage\":\"fr-FR\",\"potentialAction\":[{\"@type\":\"ReadAction\",\"target\":[\"https:\/\/www.vogueluxury.ru\/el\/product\/dior-m9241-pink-small-dior-caro-bag\/\"]}]},{\"@type\":\"ImageObject\",\"inLanguage\":\"fr-FR\",\"@id\":\"https:\/\/www.vogueluxury.ru\/el\/product\/dior-m9241-pink-small-dior-caro-bag\/#primaryimage\",\"url\":\"https:\/\/www.vogueluxury.ru\/wp-content\/uploads\/2024\/08\/color_1_1-1.jpg\",\"contentUrl\":\"https:\/\/www.vogueluxury.ru\/wp-content\/uploads\/2024\/08\/color_1_1-1.jpg\",\"width\":800,\"height\":800},{\"@type\":\"BreadcrumbList\",\"@id\":\"https:\/\/www.vogueluxury.ru\/el\/product\/dior-m9241-pink-small-dior-caro-bag\/#breadcrumb\",\"itemListElement\":[{\"@type\":\"ListItem\",\"position\":1,\"name\":\"Home\",\"item\":\"https:\/\/www.vogueluxury.ru\/\"},{\"@type\":\"ListItem\",\"position\":2,\"name\":\"Shop\",\"item\":\"https:\/\/www.vogueluxury.ru\/el\/\u03ba\u03b1\u03c4\u03ac\u03c3\u03c4\u03b7\u03bc\u03b1\/\"},{\"@type\":\"ListItem\",\"position\":3,\"name\":\"Dior M9241 Pink Small Dior Caro Bag\"}]},{\"@type\":\"WebSite\",\"@id\":\"https:\/\/www.vogueluxury.ru\/fr\/#website\",\"url\":\"https:\/\/www.vogueluxury.ru\/fr\/\",\"name\":\"vogueluxury\",\"description\":\"Premium Quality 1:1 Replica Handbags - Fake Luxury Bags Store\",\"potentialAction\":[{\"@type\":\"SearchAction\",\"target\":{\"@type\":\"EntryPoint\",\"urlTemplate\":\"https:\/\/www.vogueluxury.ru\/fr\/?s={search_term_string}\"},\"query-input\":{\"@type\":\"PropertyValueSpecification\",\"valueRequired\":true,\"valueName\":\"search_term_string\"}}],\"inLanguage\":\"fr-FR\"}]}<\/script>\n<!-- \/ Yoast SEO Premium plugin. -->","yoast_head_json":{"title":"Dior M9241 Pink Small Dior Caro Bag - vogueluxury","robots":{"index":"index","follow":"follow","max-snippet":"max-snippet:-1","max-image-preview":"max-image-preview:large","max-video-preview":"max-video-preview:-1"},"canonical":"https:\/\/www.vogueluxury.ru\/fr\/product\/dior-m9241-pink-small-dior-caro-bag\/","og_locale":"fr_FR","og_type":"article","og_title":"Dior M9241 Pink Small Dior Caro Bag","og_description":"Brands: Dior Grade: 1:1 Size: 7.9X4.7X2.8Inches\/ Item Code: M9241 Product Description Flap Closure With Cd Twist Clasp Embossed 30 Montaigne","og_url":"https:\/\/www.vogueluxury.ru\/fr\/product\/dior-m9241-pink-small-dior-caro-bag\/","og_site_name":"vogueluxury","article_modified_time":"2024-08-30T06:16:39+00:00","og_image":[{"width":800,"height":800,"url":"https:\/\/www.vogueluxury.ru\/wp-content\/uploads\/2024\/08\/color_1_1-1.jpg","type":"image\/jpeg"}],"twitter_card":"summary_large_image","schema":{"@context":"https:\/\/schema.org","@graph":[{"@type":"WebPage","@id":"https:\/\/www.vogueluxury.ru\/el\/product\/dior-m9241-pink-small-dior-caro-bag\/","url":"https:\/\/www.vogueluxury.ru\/el\/product\/dior-m9241-pink-small-dior-caro-bag\/","name":"Dior M9241 Pink Small Dior Caro Bag - vogueluxury","isPartOf":{"@id":"https:\/\/www.vogueluxury.ru\/fr\/#website"},"primaryImageOfPage":{"@id":"https:\/\/www.vogueluxury.ru\/el\/product\/dior-m9241-pink-small-dior-caro-bag\/#primaryimage"},"image":{"@id":"https:\/\/www.vogueluxury.ru\/el\/product\/dior-m9241-pink-small-dior-caro-bag\/#primaryimage"},"thumbnailUrl":"https:\/\/www.vogueluxury.ru\/wp-content\/uploads\/2024\/08\/color_1_1-1.jpg","datePublished":"2024-08-30T06:12:23+00:00","dateModified":"2024-08-30T06:16:39+00:00","breadcrumb":{"@id":"https:\/\/www.vogueluxury.ru\/el\/product\/dior-m9241-pink-small-dior-caro-bag\/#breadcrumb"},"inLanguage":"fr-FR","potentialAction":[{"@type":"ReadAction","target":["https:\/\/www.vogueluxury.ru\/el\/product\/dior-m9241-pink-small-dior-caro-bag\/"]}]},{"@type":"ImageObject","inLanguage":"fr-FR","@id":"https:\/\/www.vogueluxury.ru\/el\/product\/dior-m9241-pink-small-dior-caro-bag\/#primaryimage","url":"https:\/\/www.vogueluxury.ru\/wp-content\/uploads\/2024\/08\/color_1_1-1.jpg","contentUrl":"https:\/\/www.vogueluxury.ru\/wp-content\/uploads\/2024\/08\/color_1_1-1.jpg","width":800,"height":800},{"@type":"BreadcrumbList","@id":"https:\/\/www.vogueluxury.ru\/el\/product\/dior-m9241-pink-small-dior-caro-bag\/#breadcrumb","itemListElement":[{"@type":"ListItem","position":1,"name":"Home","item":"https:\/\/www.vogueluxury.ru\/"},{"@type":"ListItem","position":2,"name":"Shop","item":"https:\/\/www.vogueluxury.ru\/el\/\u03ba\u03b1\u03c4\u03ac\u03c3\u03c4\u03b7\u03bc\u03b1\/"},{"@type":"ListItem","position":3,"name":"Dior M9241 Pink Small Dior Caro Bag"}]},{"@type":"WebSite","@id":"https:\/\/www.vogueluxury.ru\/fr\/#website","url":"https:\/\/www.vogueluxury.ru\/fr\/","name":"vogueluxury","description":"Premium Quality 1:1 Replica Handbags - Fake Luxury Bags Store","potentialAction":[{"@type":"SearchAction","target":{"@type":"EntryPoint","urlTemplate":"https:\/\/www.vogueluxury.ru\/fr\/?s={search_term_string}"},"query-input":{"@type":"PropertyValueSpecification","valueRequired":true,"valueName":"search_term_string"}}],"inLanguage":"fr-FR"}]}},"_links":{"self":[{"href":"https:\/\/www.vogueluxury.ru\/fr\/wp-json\/wp\/v2\/product\/27959","targetHints":{"allow":["GET"]}}],"collection":[{"href":"https:\/\/www.vogueluxury.ru\/fr\/wp-json\/wp\/v2\/product"}],"about":[{"href":"https:\/\/www.vogueluxury.ru\/fr\/wp-json\/wp\/v2\/types\/product"}],"replies":[{"embeddable":true,"href":"https:\/\/www.vogueluxury.ru\/fr\/wp-json\/wp\/v2\/comments?post=27959"}],"wp:featuredmedia":[{"embeddable":true,"href":"https:\/\/www.vogueluxury.ru\/fr\/wp-json\/wp\/v2\/media\/28050"}],"wp:attachment":[{"href":"https:\/\/www.vogueluxury.ru\/fr\/wp-json\/wp\/v2\/media?parent=27959"}],"wp:term":[{"taxonomy":"product_brand","embeddable":true,"href":"https:\/\/www.vogueluxury.ru\/fr\/wp-json\/wp\/v2\/product_brand?post=27959"},{"taxonomy":"product_cat","embeddable":true,"href":"https:\/\/www.vogueluxury.ru\/fr\/wp-json\/wp\/v2\/product_cat?post=27959"},{"taxonomy":"product_tag","embeddable":true,"href":"https:\/\/www.vogueluxury.ru\/fr\/wp-json\/wp\/v2\/product_tag?post=27959"}],"curies":[{"name":"wp","href":"https:\/\/api.w.org\/{rel}","templated":true}]}}