{"id":5288,"date":"2021-08-25T09:00:10","date_gmt":"2021-08-25T09:00:10","guid":{"rendered":"http:\/\/dummy.xtemos.com\/woodmart2\/?page_id=5288"},"modified":"2023-12-05T14:06:25","modified_gmt":"2023-12-05T14:06:25","slug":"contattateci","status":"publish","type":"page","link":"https:\/\/www.vogueluxury.ru\/it\/contattateci\/","title":{"rendered":"Contattateci"},"content":{"rendered":"<section class=\"wpb-content-wrapper\"><div class=\"vc_row wpb_row vc_row-fluid vc_custom_1496926452255 vc_row-o-equal-height vc_row-flex\"><div class=\"wpb_column vc_column_container vc_col-sm-12 vc_col-lg-6 vc_col-md-6 vc_col-has-fill\"><div class=\"vc_column-inner vc_custom_1496927710186\"><div class=\"wpb_wrapper\">\n\t\t<div id=\"wd-69e59c4a99ba9\" class=\"title-wrapper wd-wpb set-mb-s reset-last-child  wd-title-color-default wd-title-style-default text-left  wd-underline-colored\">\n\t\t\t\t\t\t\t<div class=\"title-subtitle  subtitle-color-default font-default subtitle-style-default wd-font-weight- wd-fontsize-xs\">DOMANDE INFORMATIVE<\/div>\n\t\t\t\n\t\t\t<div class=\"liner-continer\">\n\t\t\t\t<h4 class=\"woodmart-title-container title  wd-font-weight- wd-fontsize-l\" >DOMANDE FREQUENTI<\/h4>\n\t\t\t\t\t\t\t<\/div>\n\t\t\t\n\t\t\t\n\t\t\t\n\t\t<\/div>\n\t\t\n\t\t\n\t\t<div id=\"wd-61825698b13f0\" class=\"wd-accordion wd-wpb wd-rs-61825698b13f0  wd-style-default\" data-state=\"first\">\n\t\t\t\t\t\t\t\n\t\t\t\t\n\t\t\t\t<div class=\"wd-accordion-item\">\n\t\t\t\t\t<div class=\"wd-accordion-title wd-active font-text wd-fontsize-s text-left wd-opener-pos-right wd-font-weight-600\" data-accordion-index=\"0\">\n\t\t\t\t\t\t<div class=\"wd-accordion-title-text\">\n\t\t\t\t\t\t\t\t\t\t\t\t\t\t<span>\n\t\t\t\t\t\t\t\tRicever\u00f2 lo stesso prodotto che vedo nella foto?\t\t\t\t\t\t\t<\/span>\n\t\t\t\t\t\t<\/div>\n\t\t\t\t\t\t<span class=\"wd-accordion-opener wd-opener-style-arrow\"><\/span>\n\t\t\t\t\t<\/div>\n\n\t\t\t\t\t<div class=\"wd-accordion-content reset-last-child wd-active\" data-accordion-index=\"0\">\n\t\t\t\t\t\t\t\t\t\t\t\t\t<p>Le nostre immagini sono tutte prese dai prodotti originali, e i prodotti che riceverete saranno esattamente lo stesso di quello che vedete nelle immagini. Naturalmente, ci potrebbero essere lievi differenze di colore a causa di illuminazione e altri fattori, ma sono all'interno di una gamma accettabile<\/p>\n<p>Vi assicuriamo che il nostro team si impegna a fornire prodotti di alta qualit\u00e0 che soddisfino le vostre aspettative. Se avete dubbi o esigenze specifiche, fatecelo sapere e faremo del nostro meglio per soddisfarle.<\/p>\n\t\t\t\t\t\t\t\t\t\t\t<\/div>\n\t\t\t\t<\/div>\n\t\t\t\t\t\t\t\n\t\t\t\t\n\t\t\t\t<div class=\"wd-accordion-item\">\n\t\t\t\t\t<div class=\"wd-accordion-title font-text wd-fontsize-s text-left wd-opener-pos-right wd-font-weight-600\" data-accordion-index=\"1\">\n\t\t\t\t\t\t<div class=\"wd-accordion-title-text\">\n\t\t\t\t\t\t\t\t\t\t\t\t\t\t<span>\n\t\t\t\t\t\t\t\tLe borse e i portafogli sono in vera pelle?\t\t\t\t\t\t\t<\/span>\n\t\t\t\t\t\t<\/div>\n\t\t\t\t\t\t<span class=\"wd-accordion-opener wd-opener-style-arrow\"><\/span>\n\t\t\t\t\t<\/div>\n\n\t\t\t\t\t<div class=\"wd-accordion-content reset-last-child\" data-accordion-index=\"1\">\n\t\t\t\t\t\t\t\t\t\t\t\t\t<p>S\u00ec, le nostre borse e i nostri portafogli sono realizzati in vera pelle 100%. Ci riforniamo di pelle di alta qualit\u00e0 che corrisponde perfettamente a quella utilizzata dai marchi originali.<\/p>\n<p>Offriamo una variet\u00e0 di opzioni di pelle, accuratamente selezionate per replicare la sensazione e l'aspetto autentici delle borse originali. I nostri prodotti sono realizzati con l'impegno di fornire materiali della migliore qualit\u00e0, per garantirvi il lusso e la durata della vera pelle.<\/p>\n\t\t\t\t\t\t\t\t\t\t\t<\/div>\n\t\t\t\t<\/div>\n\t\t\t\t\t\t\t\n\t\t\t\t\n\t\t\t\t<div class=\"wd-accordion-item\">\n\t\t\t\t\t<div class=\"wd-accordion-title font-text wd-fontsize-s text-left wd-opener-pos-right wd-font-weight-600\" data-accordion-index=\"2\">\n\t\t\t\t\t\t<div class=\"wd-accordion-title-text\">\n\t\t\t\t\t\t\t\t\t\t\t\t\t\t<span>\n\t\t\t\t\t\t\t\tQuali accessori sono inclusi nelle vostre borse e portafogli?\t\t\t\t\t\t\t<\/span>\n\t\t\t\t\t\t<\/div>\n\t\t\t\t\t\t<span class=\"wd-accordion-opener wd-opener-style-arrow\"><\/span>\n\t\t\t\t\t<\/div>\n\n\t\t\t\t\t<div class=\"wd-accordion-content reset-last-child\" data-accordion-index=\"2\">\n\t\t\t\t\t\t\t\t\t\t\t\t\t<p>Le nostre borse e i nostri portafogli sono accompagnati da una scatola, da schede di autenticazione e, quando disponibili, da opuscoli. Ci impegniamo a fornirvi gli stessi articoli forniti con i prodotti originali. Tuttavia, si noti che non tutti i marchi includono gli opuscoli, quindi inviamo solo gli articoli che si ricevono normalmente con l'acquisto originale. In alcuni casi, se l'articolo \u00e8 troppo grande, possiamo scegliere di spedirlo con le borse della spesa del marchio invece che con una scatola per ridurre le spese di spedizione. Questo \u00e8 anche il motivo per cui offriamo l'opzione di spedizione tramite servizio DHL in 3 giorni. Se si preferisce ricevere la scatola, \u00e8 possibile richiederla con un costo aggiuntivo.<\/p>\n\t\t\t\t\t\t\t\t\t\t\t<\/div>\n\t\t\t\t<\/div>\n\t\t\t\t\t\t\t\n\t\t\t\t\n\t\t\t\t<div class=\"wd-accordion-item\">\n\t\t\t\t\t<div class=\"wd-accordion-title font-text wd-fontsize-s text-left wd-opener-pos-right wd-font-weight-600\" data-accordion-index=\"3\">\n\t\t\t\t\t\t<div class=\"wd-accordion-title-text\">\n\t\t\t\t\t\t\t\t\t\t\t\t\t\t<span>\n\t\t\t\t\t\t\t\tSono preoccupato di affidare alla vostra azienda il mio pagamento e sono titubante nel fare un acquisto. Come posso fidarmi di voi\t\t\t\t\t\t\t<\/span>\n\t\t\t\t\t\t<\/div>\n\t\t\t\t\t\t<span class=\"wd-accordion-opener wd-opener-style-arrow\"><\/span>\n\t\t\t\t\t<\/div>\n\n\t\t\t\t\t<div class=\"wd-accordion-content reset-last-child\" data-accordion-index=\"3\">\n\t\t\t\t\t\t\t\t\t\t\t\t\t<p>Comprendiamo perfettamente le vostre preoccupazioni riguardo alle truffe online e l'apprensione che pu\u00f2 derivare dall'acquisto di prodotti replica online. Vogliamo assicurarvi che prendiamo molto sul serio la fiducia dei nostri clienti e il loro denaro. La nostra attivit\u00e0 ha prosperato perch\u00e9 diamo priorit\u00e0 alla soddisfazione e alla sicurezza dei nostri clienti.<\/p>\n<p>Non facciamo mai pressione sui nostri clienti per indurli ad acquistare, poich\u00e9 riceviamo gi\u00e0 un elevato volume di ordini. Se non siete sicuri di fidarvi di noi, rispettiamo la vostra decisione e non vogliamo che vi sentiate a disagio o che acquistiate da noi. Siamo consapevoli che la fiducia va guadagnata.<\/p>\n<p>Se siete indecisi se inviare un'ingente somma di denaro, vi suggeriamo di iniziare con un articolo pi\u00f9 piccolo. In questo modo, potrete verificare in prima persona la qualit\u00e0 dei nostri prodotti e del nostro servizio. Siamo certi che una volta sperimentata la qualit\u00e0 e l'affidabilit\u00e0 che offriamo, diventerete clienti soddisfatti e di ritorno, proprio come molti altri che hanno riposto la loro fiducia in noi.<\/p>\n<p>Tuttavia, se vi sentite ancora diffidenti o incerti, ricordate che acquistare con noi \u00e8 sempre una scelta. Vogliamo che vi sentiate 100% a vostro agio e sicuri prima di effettuare un acquisto. Siamo a disposizione per rispondere a qualsiasi domanda o dubbio che possiate avere, in quanto ci sforziamo di costruire un rapporto duraturo basato sulla fiducia e sulla soddisfazione del cliente.<\/p>\n\t\t\t\t\t\t\t\t\t\t\t<\/div>\n\t\t\t\t<\/div>\n\t\t\t\t\t\t\t\n\t\t\t\t\n\t\t\t\t<div class=\"wd-accordion-item\">\n\t\t\t\t\t<div class=\"wd-accordion-title font-text wd-fontsize-s text-left wd-opener-pos-right wd-font-weight-600\" data-accordion-index=\"4\">\n\t\t\t\t\t\t<div class=\"wd-accordion-title-text\">\n\t\t\t\t\t\t\t\t\t\t\t\t\t\t<span>\n\t\t\t\t\t\t\t\tQuali sono le vostre politiche in materia di resi, cambi e rimborsi?\t\t\t\t\t\t\t<\/span>\n\t\t\t\t\t\t<\/div>\n\t\t\t\t\t\t<span class=\"wd-accordion-opener wd-opener-style-arrow\"><\/span>\n\t\t\t\t\t<\/div>\n\n\t\t\t\t\t<div class=\"wd-accordion-content reset-last-child\" data-accordion-index=\"4\">\n\t\t\t\t\t\t\t\t\t\t\t\t\t<p>Abbiamo una politica completa per garantire la soddisfazione del cliente. Offriamo una garanzia di rimborso totale per gli articoli acquistati che vengono restituiti entro 14 giorni dal ricevimento. Se non siete completamente soddisfatti del vostro acquisto, contattateci entro questo termine per avviare il processo di restituzione. Una volta ricevuto l'articolo restituito nelle sue condizioni originali, emetteremo un rimborso.<\/p>\n<p>Inoltre, comprendiamo le preoccupazioni relative al sequestro doganale delle borse replica. Vi assicuriamo che le nostre borse replica sono imballate con cura e spedite con discrezione per ridurre al minimo qualsiasi potenziale problema. Nel raro caso in cui le vostre borse replica vengano sequestrate dalla dogana, sostituiremo gratuitamente il vostro ordine. Ci assumiamo la responsabilit\u00e0 di garantire il buon esito della consegna del vostro ordine.<\/p>\n<p>Si prega di notare che le nostre politiche possono avere termini e condizioni specifici da applicare, quindi si consiglia di esaminare attentamente le nostre politiche complete di restituzione, cambio e rimborso sul nostro sito web o di contattare il nostro servizio clienti per ulteriori chiarimenti.<\/p>\n<p>Ci impegniamo a fornire un'esperienza di acquisto senza interruzioni e a rispondere a qualsiasi dubbio per garantire la vostra soddisfazione con i nostri prodotti e servizi.<\/p>\n\t\t\t\t\t\t\t\t\t\t\t<\/div>\n\t\t\t\t<\/div>\n\t\t\t\t\t\t\t\t\t\t\t\t\t\t<\/div>\n\n\t\t<\/div><\/div><\/div><div class=\"wpb_column vc_column_container vc_col-sm-12 vc_col-lg-6 vc_col-md-6\"><div class=\"vc_column-inner vc_custom_1496927688909\"><div class=\"wpb_wrapper\">\t\t\t<div class=\"info-box-wrapper\">\n\t\t\t\t<div id=\"wd-656f2e1abbd29\" class=\"wd-rs-656f2e1abbd29 wd-info-box wd-wpb text-left box-icon-align-left box-style- color-scheme- wd-bg-none wd-items-top with-btn box-btn-static vc_custom_1701785179801\"  >\n\t\t\t\t\t\t\t\t\t\t<div class=\"info-box-content\">\n\t\t\t\t\t\t<div class=\"info-box-subtitle subtitle-color-default wd-fontsize-xs subtitle-style-default\">I NOSTRI NEGOZI<\/div><h4 class=\"info-box-title title box-title-style-default wd-fontsize-m\">VISITA LA NOSTRA NUOVA<br \/>\nnegozio a GuangZhou<\/h4>\t\t\t\t\t\t<div class=\"info-box-inner set-cont-mb-s reset-last-child\">\n\t\t\t\t\t\t\t<p>&nbsp;<\/p>\n<table border=\"0\">\n<tbody>\n<tr>\n<td>Citt\u00e0 del cuoio di Baiyun,<br \/>\nGuangzhou, GuangDong<\/p>\n<p>E-mail:<a href=\"mailto:vogueluxuryru@gmail.com\">vogueluxuryru@gmail.com<\/a><\/td>\n<td><img loading=\"lazy\" decoding=\"async\" class=\"alignnone size-medium wp-image-27315\" src=\"http:\/\/www.vogueluxury.ru\/wp-content\/uploads\/2023\/10\/whatsapp-314x300.png\" alt=\"\" width=\"314\" height=\"300\" srcset=\"https:\/\/www.vogueluxury.ru\/wp-content\/uploads\/2023\/10\/whatsapp-314x300.png 314w, https:\/\/www.vogueluxury.ru\/wp-content\/uploads\/2023\/10\/whatsapp-838x800.png 838w, https:\/\/www.vogueluxury.ru\/wp-content\/uploads\/2023\/10\/whatsapp-768x733.png 768w, https:\/\/www.vogueluxury.ru\/wp-content\/uploads\/2023\/10\/whatsapp-860x821.png 860w, https:\/\/www.vogueluxury.ru\/wp-content\/uploads\/2023\/10\/whatsapp-430x411.png 430w, https:\/\/www.vogueluxury.ru\/wp-content\/uploads\/2023\/10\/whatsapp-700x668.png 700w, https:\/\/www.vogueluxury.ru\/wp-content\/uploads\/2023\/10\/whatsapp-150x143.png 150w, https:\/\/www.vogueluxury.ru\/wp-content\/uploads\/2023\/10\/whatsapp.png 1125w\" sizes=\"auto, (max-width: 314px) 100vw, 314px\" \/><\/td>\n<\/tr>\n<\/tbody>\n<\/table>\n<p>&nbsp;<\/p>\n\t\t\t\t\t\t<\/div>\n\n\t\t\t\t\t\t<div class=\"info-btn-wrapper\"><div id=\"wd-69e59c4a9b771\" class=\"wd-button-wrapper text-left\"><a  class=\"btn btn-color-default btn-style-link btn-style-rectangle btn-size-default\">Per saperne di pi\u00f9<\/a><\/div><\/div>\t\t\t\t\t<\/div>\n\n\t\t\t\t\t\t\t\t\t<\/div>\n\t\t\t<\/div>\n\t\t\n\t\t<div id=\"wd-69e59c4a9b7bd\" class=\"title-wrapper wd-wpb set-mb-s reset-last-child  wd-title-color-default wd-title-style-default text-left  wd-underline-colored\">\n\t\t\t\t\t\t\t<div class=\"title-subtitle  subtitle-color-default font-default subtitle-style-default wd-font-weight- wd-fontsize-xs\">INFORMAZIONI SU DI NOI<\/div>\n\t\t\t\n\t\t\t<div class=\"liner-continer\">\n\t\t\t\t<h4 class=\"woodmart-title-container title  wd-font-weight- wd-fontsize-l\" >CONTATTATECI PER QUALSIASI DOMANDA<\/h4>\n\t\t\t\t\t\t\t<\/div>\n\t\t\t\n\t\t\t\n\t\t\t\n\t\t<\/div>\n\t\t\n\t\t\n<div class=\"wpcf7 no-js\" id=\"wpcf7-f10711-o1\" lang=\"en-US\" dir=\"ltr\" data-wpcf7-id=\"10711\">\n<div class=\"screen-reader-response\"><p role=\"status\" aria-live=\"polite\" aria-atomic=\"true\"><\/p> <ul><\/ul><\/div>\n<form action=\"\/it\/wp-json\/wp\/v2\/pages\/5288#wpcf7-f10711-o1\" method=\"post\" class=\"wpcf7-form init\" aria-label=\"Contact form\" novalidate=\"novalidate\" data-status=\"init\" data-trp-original-action=\"\/it\/wp-json\/wp\/v2\/pages\/5288#wpcf7-f10711-o1\">\n<div style=\"display: none;\">\n<input type=\"hidden\" name=\"_wpcf7\" value=\"10711\" \/>\n<input type=\"hidden\" name=\"_wpcf7_version\" value=\"6.0.6\" \/>\n<input type=\"hidden\" name=\"_wpcf7_locale\" value=\"en_US\" \/>\n<input type=\"hidden\" name=\"_wpcf7_unit_tag\" value=\"wpcf7-f10711-o1\" \/>\n<input type=\"hidden\" name=\"_wpcf7_container_post\" value=\"0\" \/>\n<input type=\"hidden\" name=\"_wpcf7_posted_data_hash\" value=\"\" \/>\n<\/div>\n<p><label> Il tuo nome<br \/>\n<span class=\"wpcf7-form-control-wrap\" data-name=\"your-name\"><input size=\"40\" maxlength=\"400\" class=\"wpcf7-form-control wpcf7-text wpcf7-validates-as-required\" autocomplete=\"name\" aria-required=\"true\" aria-invalid=\"false\" value=\"\" type=\"text\" name=\"your-name\" \/><\/span> <\/label>\n<\/p>\n<p><label> Il tuo indirizzo e-mail<br \/>\n<span class=\"wpcf7-form-control-wrap\" data-name=\"your-email\"><input size=\"40\" maxlength=\"400\" class=\"wpcf7-form-control wpcf7-email wpcf7-validates-as-required wpcf7-text wpcf7-validates-as-email\" autocomplete=\"email\" aria-required=\"true\" aria-invalid=\"false\" value=\"\" type=\"email\" name=\"your-email\" \/><\/span> <\/label>\n<\/p>\n<p><label> Oggetto<br \/>\n<span class=\"wpcf7-form-control-wrap\" data-name=\"your-subject\"><input size=\"40\" maxlength=\"400\" class=\"wpcf7-form-control wpcf7-text wpcf7-validates-as-required\" aria-required=\"true\" aria-invalid=\"false\" value=\"\" type=\"text\" name=\"your-subject\" \/><\/span> <\/label>\n<\/p>\n<p><label> Messaggio (facoltativo)<br \/>\n<span class=\"wpcf7-form-control-wrap\" data-name=\"your-message\"><textarea cols=\"40\" rows=\"10\" maxlength=\"2000\" class=\"wpcf7-form-control wpcf7-textarea\" aria-invalid=\"false\" name=\"your-message\"><\/textarea><\/span> <\/label>\n<\/p>\n<p><input class=\"wpcf7-form-control wpcf7-submit has-spinner\" type=\"submit\" value=\"Invia\" \/>\n<\/p><div class=\"wpcf7-response-output\" aria-hidden=\"true\"><\/div>\n<input type=\"hidden\" name=\"trp-form-language\" value=\"it\"\/><\/form>\n<\/div>\n<\/div><\/div><\/div><\/div>\n<\/section>","protected":false},"excerpt":{"rendered":"INFORMATION QUESTIONS FREQUENTLY ASKED QUESTIONS Will I receive the same product that I see in the picture? Our pictures are","protected":false},"author":1,"featured_media":0,"parent":0,"menu_order":0,"comment_status":"closed","ping_status":"closed","template":"","meta":{"footnotes":""},"class_list":["post-5288","page","type-page","status-publish","hentry"],"yoast_head":"<!-- This site is optimized with the Yoast SEO Premium plugin v23.1 (Yoast SEO v25.3.1) - https:\/\/yoast.com\/wordpress\/plugins\/seo\/ -->\n<title>Contact us - vogueluxury<\/title>\n<meta name=\"robots\" content=\"index, follow, max-snippet:-1, max-image-preview:large, max-video-preview:-1\" \/>\n<link rel=\"canonical\" href=\"https:\/\/www.vogueluxury.ru\/it\/contattateci\/\" \/>\n<meta property=\"og:locale\" content=\"it_IT\" \/>\n<meta property=\"og:type\" content=\"article\" \/>\n<meta property=\"og:title\" content=\"Contact us\" \/>\n<meta property=\"og:url\" content=\"https:\/\/www.vogueluxury.ru\/it\/contattateci\/\" \/>\n<meta property=\"og:site_name\" content=\"vogueluxury\" \/>\n<meta property=\"article:modified_time\" content=\"2023-12-05T14:06:25+00:00\" \/>\n<meta property=\"og:image\" content=\"http:\/\/www.vogueluxury.ru\/wp-content\/uploads\/2023\/10\/whatsapp-314x300.png\" \/>\n<meta name=\"twitter:card\" content=\"summary_large_image\" \/>\n<meta name=\"twitter:label1\" content=\"Tempo di lettura stimato\" \/>\n\t<meta name=\"twitter:data1\" content=\"5 minuti\" \/>\n<script type=\"application\/ld+json\" class=\"yoast-schema-graph\">{\"@context\":\"https:\/\/schema.org\",\"@graph\":[{\"@type\":\"WebPage\",\"@id\":\"https:\/\/www.vogueluxury.ru\/contact-us\/\",\"url\":\"https:\/\/www.vogueluxury.ru\/contact-us\/\",\"name\":\"Contact us - vogueluxury\",\"isPartOf\":{\"@id\":\"https:\/\/www.vogueluxury.ru\/fr\/#website\"},\"primaryImageOfPage\":{\"@id\":\"https:\/\/www.vogueluxury.ru\/contact-us\/#primaryimage\"},\"image\":{\"@id\":\"https:\/\/www.vogueluxury.ru\/contact-us\/#primaryimage\"},\"thumbnailUrl\":\"http:\/\/www.vogueluxury.ru\/wp-content\/uploads\/2023\/10\/whatsapp-314x300.png\",\"datePublished\":\"2021-08-25T09:00:10+00:00\",\"dateModified\":\"2023-12-05T14:06:25+00:00\",\"breadcrumb\":{\"@id\":\"https:\/\/www.vogueluxury.ru\/contact-us\/#breadcrumb\"},\"inLanguage\":\"it-IT\",\"potentialAction\":[{\"@type\":\"ReadAction\",\"target\":[\"https:\/\/www.vogueluxury.ru\/contact-us\/\"]}]},{\"@type\":\"ImageObject\",\"inLanguage\":\"it-IT\",\"@id\":\"https:\/\/www.vogueluxury.ru\/contact-us\/#primaryimage\",\"url\":\"http:\/\/www.vogueluxury.ru\/wp-content\/uploads\/2023\/10\/whatsapp-314x300.png\",\"contentUrl\":\"http:\/\/www.vogueluxury.ru\/wp-content\/uploads\/2023\/10\/whatsapp-314x300.png\"},{\"@type\":\"BreadcrumbList\",\"@id\":\"https:\/\/www.vogueluxury.ru\/contact-us\/#breadcrumb\",\"itemListElement\":[{\"@type\":\"ListItem\",\"position\":1,\"name\":\"Home\",\"item\":\"https:\/\/www.vogueluxury.ru\/\"},{\"@type\":\"ListItem\",\"position\":2,\"name\":\"Contact us\"}]},{\"@type\":\"WebSite\",\"@id\":\"https:\/\/www.vogueluxury.ru\/fr\/#website\",\"url\":\"https:\/\/www.vogueluxury.ru\/fr\/\",\"name\":\"vogueluxury\",\"description\":\"Premium Quality 1:1 Replica Handbags - Fake Luxury Bags Store\",\"potentialAction\":[{\"@type\":\"SearchAction\",\"target\":{\"@type\":\"EntryPoint\",\"urlTemplate\":\"https:\/\/www.vogueluxury.ru\/fr\/?s={search_term_string}\"},\"query-input\":{\"@type\":\"PropertyValueSpecification\",\"valueRequired\":true,\"valueName\":\"search_term_string\"}}],\"inLanguage\":\"it-IT\"}]}<\/script>\n<!-- \/ Yoast SEO Premium plugin. -->","yoast_head_json":{"title":"Contact us - vogueluxury","robots":{"index":"index","follow":"follow","max-snippet":"max-snippet:-1","max-image-preview":"max-image-preview:large","max-video-preview":"max-video-preview:-1"},"canonical":"https:\/\/www.vogueluxury.ru\/it\/contattateci\/","og_locale":"it_IT","og_type":"article","og_title":"Contact us","og_url":"https:\/\/www.vogueluxury.ru\/it\/contattateci\/","og_site_name":"vogueluxury","article_modified_time":"2023-12-05T14:06:25+00:00","og_image":[{"url":"http:\/\/www.vogueluxury.ru\/wp-content\/uploads\/2023\/10\/whatsapp-314x300.png","type":"","width":"","height":""}],"twitter_card":"summary_large_image","twitter_misc":{"Tempo di lettura stimato":"5 minuti"},"schema":{"@context":"https:\/\/schema.org","@graph":[{"@type":"WebPage","@id":"https:\/\/www.vogueluxury.ru\/contact-us\/","url":"https:\/\/www.vogueluxury.ru\/contact-us\/","name":"Contact us - vogueluxury","isPartOf":{"@id":"https:\/\/www.vogueluxury.ru\/fr\/#website"},"primaryImageOfPage":{"@id":"https:\/\/www.vogueluxury.ru\/contact-us\/#primaryimage"},"image":{"@id":"https:\/\/www.vogueluxury.ru\/contact-us\/#primaryimage"},"thumbnailUrl":"http:\/\/www.vogueluxury.ru\/wp-content\/uploads\/2023\/10\/whatsapp-314x300.png","datePublished":"2021-08-25T09:00:10+00:00","dateModified":"2023-12-05T14:06:25+00:00","breadcrumb":{"@id":"https:\/\/www.vogueluxury.ru\/contact-us\/#breadcrumb"},"inLanguage":"it-IT","potentialAction":[{"@type":"ReadAction","target":["https:\/\/www.vogueluxury.ru\/contact-us\/"]}]},{"@type":"ImageObject","inLanguage":"it-IT","@id":"https:\/\/www.vogueluxury.ru\/contact-us\/#primaryimage","url":"http:\/\/www.vogueluxury.ru\/wp-content\/uploads\/2023\/10\/whatsapp-314x300.png","contentUrl":"http:\/\/www.vogueluxury.ru\/wp-content\/uploads\/2023\/10\/whatsapp-314x300.png"},{"@type":"BreadcrumbList","@id":"https:\/\/www.vogueluxury.ru\/contact-us\/#breadcrumb","itemListElement":[{"@type":"ListItem","position":1,"name":"Home","item":"https:\/\/www.vogueluxury.ru\/"},{"@type":"ListItem","position":2,"name":"Contact us"}]},{"@type":"WebSite","@id":"https:\/\/www.vogueluxury.ru\/fr\/#website","url":"https:\/\/www.vogueluxury.ru\/fr\/","name":"vogueluxury","description":"Premium Quality 1:1 Replica Handbags - Fake Luxury Bags Store","potentialAction":[{"@type":"SearchAction","target":{"@type":"EntryPoint","urlTemplate":"https:\/\/www.vogueluxury.ru\/fr\/?s={search_term_string}"},"query-input":{"@type":"PropertyValueSpecification","valueRequired":true,"valueName":"search_term_string"}}],"inLanguage":"it-IT"}]}},"_links":{"self":[{"href":"https:\/\/www.vogueluxury.ru\/it\/wp-json\/wp\/v2\/pages\/5288","targetHints":{"allow":["GET"]}}],"collection":[{"href":"https:\/\/www.vogueluxury.ru\/it\/wp-json\/wp\/v2\/pages"}],"about":[{"href":"https:\/\/www.vogueluxury.ru\/it\/wp-json\/wp\/v2\/types\/page"}],"author":[{"embeddable":true,"href":"https:\/\/www.vogueluxury.ru\/it\/wp-json\/wp\/v2\/users\/1"}],"replies":[{"embeddable":true,"href":"https:\/\/www.vogueluxury.ru\/it\/wp-json\/wp\/v2\/comments?post=5288"}],"version-history":[{"count":0,"href":"https:\/\/www.vogueluxury.ru\/it\/wp-json\/wp\/v2\/pages\/5288\/revisions"}],"wp:attachment":[{"href":"https:\/\/www.vogueluxury.ru\/it\/wp-json\/wp\/v2\/media?parent=5288"}],"curies":[{"name":"wp","href":"https:\/\/api.w.org\/{rel}","templated":true}]}}