{"id":5288,"date":"2021-08-25T09:00:10","date_gmt":"2021-08-25T09:00:10","guid":{"rendered":"http:\/\/dummy.xtemos.com\/woodmart2\/?page_id=5288"},"modified":"2023-12-05T14:06:25","modified_gmt":"2023-12-05T14:06:25","slug":"contactar-nos","status":"publish","type":"page","link":"https:\/\/www.vogueluxury.ru\/pt\/contactar-nos\/","title":{"rendered":"Contactar-nos"},"content":{"rendered":"<section class=\"wpb-content-wrapper\"><div class=\"vc_row wpb_row vc_row-fluid vc_custom_1496926452255 vc_row-o-equal-height vc_row-flex\"><div class=\"wpb_column vc_column_container vc_col-sm-12 vc_col-lg-6 vc_col-md-6 vc_col-has-fill\"><div class=\"vc_column-inner vc_custom_1496927710186\"><div class=\"wpb_wrapper\">\n\t\t<div id=\"wd-69fec15a4b82e\" class=\"title-wrapper wd-wpb set-mb-s reset-last-child  wd-title-color-default wd-title-style-default text-left  wd-underline-colored\">\n\t\t\t\t\t\t\t<div class=\"title-subtitle  subtitle-color-default font-default subtitle-style-default wd-font-weight- wd-fontsize-xs\">QUEST\u00d5ES DE INFORMA\u00c7\u00c3O<\/div>\n\t\t\t\n\t\t\t<div class=\"liner-continer\">\n\t\t\t\t<h4 class=\"woodmart-title-container title  wd-font-weight- wd-fontsize-l\" >PERGUNTAS FREQUENTES<\/h4>\n\t\t\t\t\t\t\t<\/div>\n\t\t\t\n\t\t\t\n\t\t\t\n\t\t<\/div>\n\t\t\n\t\t\n\t\t<div id=\"wd-61825698b13f0\" class=\"wd-accordion wd-wpb wd-rs-61825698b13f0  wd-style-default\" data-state=\"first\">\n\t\t\t\t\t\t\t\n\t\t\t\t\n\t\t\t\t<div class=\"wd-accordion-item\">\n\t\t\t\t\t<div class=\"wd-accordion-title wd-active font-text wd-fontsize-s text-left wd-opener-pos-right wd-font-weight-600\" data-accordion-index=\"0\">\n\t\t\t\t\t\t<div class=\"wd-accordion-title-text\">\n\t\t\t\t\t\t\t\t\t\t\t\t\t\t<span>\n\t\t\t\t\t\t\t\tReceberei o mesmo produto que vejo na fotografia?\t\t\t\t\t\t\t<\/span>\n\t\t\t\t\t\t<\/div>\n\t\t\t\t\t\t<span class=\"wd-accordion-opener wd-opener-style-arrow\"><\/span>\n\t\t\t\t\t<\/div>\n\n\t\t\t\t\t<div class=\"wd-accordion-content reset-last-child wd-active\" data-accordion-index=\"0\">\n\t\t\t\t\t\t\t\t\t\t\t\t\t<p>As nossas fotografias s\u00e3o todas tiradas dos produtos originais e os produtos que recebe ser\u00e3o exatamente iguais aos que v\u00ea nas fotografias. \u00c9 claro que podem existir ligeiras diferen\u00e7as de cor devido \u00e0 ilumina\u00e7\u00e3o e a outros factores, mas est\u00e3o dentro de um intervalo aceit\u00e1vel<\/p>\n<p>Garantimos que a nossa equipa se dedica a fornecer r\u00e9plicas de produtos de alta qualidade que satisfa\u00e7am as suas expectativas. Se tiver quaisquer preocupa\u00e7\u00f5es ou requisitos espec\u00edficos, informe-nos e faremos o nosso melhor para os resolver<\/p>\n\t\t\t\t\t\t\t\t\t\t\t<\/div>\n\t\t\t\t<\/div>\n\t\t\t\t\t\t\t\n\t\t\t\t\n\t\t\t\t<div class=\"wd-accordion-item\">\n\t\t\t\t\t<div class=\"wd-accordion-title font-text wd-fontsize-s text-left wd-opener-pos-right wd-font-weight-600\" data-accordion-index=\"1\">\n\t\t\t\t\t\t<div class=\"wd-accordion-title-text\">\n\t\t\t\t\t\t\t\t\t\t\t\t\t\t<span>\n\t\t\t\t\t\t\t\tAs malas e carteiras s\u00e3o feitas de couro genu\u00edno?\t\t\t\t\t\t\t<\/span>\n\t\t\t\t\t\t<\/div>\n\t\t\t\t\t\t<span class=\"wd-accordion-opener wd-opener-style-arrow\"><\/span>\n\t\t\t\t\t<\/div>\n\n\t\t\t\t\t<div class=\"wd-accordion-content reset-last-child\" data-accordion-index=\"1\">\n\t\t\t\t\t\t\t\t\t\t\t\t\t<p>Sim, as nossas malas e carteiras s\u00e3o fabricadas em pele genu\u00edna 100%. Obtemos peles de alta qualidade que se aproximam das utilizadas pelas marcas originais.<\/p>\n<p>Oferecemos uma variedade de op\u00e7\u00f5es de pele, cuidadosamente selecionadas para reproduzir o toque e o aspeto aut\u00eanticos das malas originais. Pode ter a certeza de que os nossos produtos s\u00e3o fabricados com o compromisso de fornecer materiais da melhor qualidade, garantindo-lhe o luxo e a durabilidade da pele genu\u00edna.<\/p>\n\t\t\t\t\t\t\t\t\t\t\t<\/div>\n\t\t\t\t<\/div>\n\t\t\t\t\t\t\t\n\t\t\t\t\n\t\t\t\t<div class=\"wd-accordion-item\">\n\t\t\t\t\t<div class=\"wd-accordion-title font-text wd-fontsize-s text-left wd-opener-pos-right wd-font-weight-600\" data-accordion-index=\"2\">\n\t\t\t\t\t\t<div class=\"wd-accordion-title-text\">\n\t\t\t\t\t\t\t\t\t\t\t\t\t\t<span>\n\t\t\t\t\t\t\t\tQue acess\u00f3rios est\u00e3o inclu\u00eddos nas malas e carteiras?\t\t\t\t\t\t\t<\/span>\n\t\t\t\t\t\t<\/div>\n\t\t\t\t\t\t<span class=\"wd-accordion-opener wd-opener-style-arrow\"><\/span>\n\t\t\t\t\t<\/div>\n\n\t\t\t\t\t<div class=\"wd-accordion-content reset-last-child\" data-accordion-index=\"2\">\n\t\t\t\t\t\t\t\t\t\t\t\t\t<p>Os nossos sacos e carteiras s\u00e3o acompanhados por uma caixa, cart\u00f5es de autentica\u00e7\u00e3o e, quando dispon\u00edveis, panfletos. Esfor\u00e7amo-nos por lhe fornecer os mesmos artigos que acompanham os produtos originais. No entanto, tenha em aten\u00e7\u00e3o que nem todas as marcas incluem panfletos, pelo que apenas enviamos os artigos que normalmente receberia com a compra original. Em alguns casos, se o artigo for demasiado grande, podemos optar por envi\u00e1-lo com sacos de compras da marca em vez de uma caixa para reduzir os custos de envio. \u00c9 tamb\u00e9m por este motivo que oferecemos a op\u00e7\u00e3o de envio atrav\u00e9s do servi\u00e7o de 3 dias da DHL. Se preferir receber a caixa, pode solicit\u00e1-la mediante um custo adicional.<\/p>\n\t\t\t\t\t\t\t\t\t\t\t<\/div>\n\t\t\t\t<\/div>\n\t\t\t\t\t\t\t\n\t\t\t\t\n\t\t\t\t<div class=\"wd-accordion-item\">\n\t\t\t\t\t<div class=\"wd-accordion-title font-text wd-fontsize-s text-left wd-opener-pos-right wd-font-weight-600\" data-accordion-index=\"3\">\n\t\t\t\t\t\t<div class=\"wd-accordion-title-text\">\n\t\t\t\t\t\t\t\t\t\t\t\t\t\t<span>\n\t\t\t\t\t\t\t\tTenho receio de confiar o meu pagamento \u00e0 vossa empresa e estou hesitante em efetuar uma compra. Como posso confiar em v\u00f3s?\t\t\t\t\t\t\t<\/span>\n\t\t\t\t\t\t<\/div>\n\t\t\t\t\t\t<span class=\"wd-accordion-opener wd-opener-style-arrow\"><\/span>\n\t\t\t\t\t<\/div>\n\n\t\t\t\t\t<div class=\"wd-accordion-content reset-last-child\" data-accordion-index=\"3\">\n\t\t\t\t\t\t\t\t\t\t\t\t\t<p>Compreendemos perfeitamente as suas preocupa\u00e7\u00f5es relativamente \u00e0s fraudes em linha e \u00e0 apreens\u00e3o que pode advir da compra de r\u00e9plicas de produtos em linha. Queremos assegurar-lhe que levamos muito a s\u00e9rio a confian\u00e7a dos nossos clientes e o seu dinheiro. O nosso neg\u00f3cio prosperou porque damos prioridade \u00e0 satisfa\u00e7\u00e3o e seguran\u00e7a dos nossos clientes.<\/p>\n<p>Nunca pressionamos os nossos clientes a efetuar uma compra, uma vez que j\u00e1 recebemos um grande volume de encomendas. Se n\u00e3o tem a certeza de confiar em n\u00f3s, respeitamos a sua decis\u00e3o e n\u00e3o queremos que se sinta desconfort\u00e1vel ou pouco \u00e0 vontade para nos comprar. Compreendemos que a confian\u00e7a tem de ser conquistada.<\/p>\n<p>Se estiver hesitante em enviar uma grande quantia de dinheiro, sugerimos que comece com um artigo mais pequeno. Desta forma, pode verificar a qualidade dos nossos produtos e servi\u00e7os em primeira m\u00e3o. Estamos confiantes de que, depois de experimentar a qualidade e a fiabilidade que oferecemos, se tornar\u00e1 um cliente satisfeito que regressa, tal como muitos outros que depositaram a sua confian\u00e7a em n\u00f3s.<\/p>\n<p>No entanto, se ainda se sentir desconfiado ou inseguro, lembre-se de que comprar connosco \u00e9 sempre uma escolha. Queremos que se sinta 100% confort\u00e1vel e confiante antes de efetuar uma compra. Estamos aqui para responder a quaisquer quest\u00f5es ou preocupa\u00e7\u00f5es que possa ter, uma vez que nos esfor\u00e7amos por construir uma rela\u00e7\u00e3o duradoura baseada na confian\u00e7a e na satisfa\u00e7\u00e3o do cliente.<\/p>\n\t\t\t\t\t\t\t\t\t\t\t<\/div>\n\t\t\t\t<\/div>\n\t\t\t\t\t\t\t\n\t\t\t\t\n\t\t\t\t<div class=\"wd-accordion-item\">\n\t\t\t\t\t<div class=\"wd-accordion-title font-text wd-fontsize-s text-left wd-opener-pos-right wd-font-weight-600\" data-accordion-index=\"4\">\n\t\t\t\t\t\t<div class=\"wd-accordion-title-text\">\n\t\t\t\t\t\t\t\t\t\t\t\t\t\t<span>\n\t\t\t\t\t\t\t\tQuais s\u00e3o as vossas pol\u00edticas em mat\u00e9ria de devolu\u00e7\u00f5es, trocas e reembolsos?\t\t\t\t\t\t\t<\/span>\n\t\t\t\t\t\t<\/div>\n\t\t\t\t\t\t<span class=\"wd-accordion-opener wd-opener-style-arrow\"><\/span>\n\t\t\t\t\t<\/div>\n\n\t\t\t\t\t<div class=\"wd-accordion-content reset-last-child\" data-accordion-index=\"4\">\n\t\t\t\t\t\t\t\t\t\t\t\t\t<p>Dispomos de uma pol\u00edtica abrangente para garantir a satisfa\u00e7\u00e3o do cliente. Oferecemos uma garantia de devolu\u00e7\u00e3o total do dinheiro para artigos comprados que sejam devolvidos no prazo de 14 dias ap\u00f3s a rece\u00e7\u00e3o. Se n\u00e3o estiver completamente satisfeito com a sua compra, basta contactar-nos dentro deste prazo para iniciar o processo de devolu\u00e7\u00e3o. Assim que recebermos o artigo devolvido nas suas condi\u00e7\u00f5es originais, emitiremos um reembolso.<\/p>\n<p>Al\u00e9m disso, compreendemos as preocupa\u00e7\u00f5es relativas \u00e0 apreens\u00e3o na alf\u00e2ndega de r\u00e9plicas de malas de m\u00e3o. Asseguramos-lhe que as nossas r\u00e9plicas de malas de m\u00e3o s\u00e3o cuidadosamente embaladas e enviadas de forma discreta para minimizar quaisquer problemas potenciais. Na rara eventualidade de as suas r\u00e9plicas de malas de m\u00e3o serem apreendidas pela alf\u00e2ndega, substituiremos a sua encomenda gratuitamente. Assumimos a responsabilidade de assegurar uma entrega bem sucedida da sua encomenda.<\/p>\n<p>Tenha em aten\u00e7\u00e3o que as nossas pol\u00edticas podem ter termos e condi\u00e7\u00f5es espec\u00edficos aplic\u00e1veis, pelo que recomendamos que reveja cuidadosamente as nossas pol\u00edticas completas de devolu\u00e7\u00e3o, troca e reembolso no nosso s\u00edtio Web ou que contacte a nossa equipa de apoio ao cliente para quaisquer esclarecimentos adicionais.<\/p>\n<p>Estamos empenhados em proporcionar uma experi\u00eancia de compra sem problemas e em responder a quaisquer preocupa\u00e7\u00f5es que possa ter para garantir a sua satisfa\u00e7\u00e3o com os nossos produtos e servi\u00e7os.<\/p>\n\t\t\t\t\t\t\t\t\t\t\t<\/div>\n\t\t\t\t<\/div>\n\t\t\t\t\t\t\t\t\t\t\t\t\t\t<\/div>\n\n\t\t<\/div><\/div><\/div><div class=\"wpb_column vc_column_container vc_col-sm-12 vc_col-lg-6 vc_col-md-6\"><div class=\"vc_column-inner vc_custom_1496927688909\"><div class=\"wpb_wrapper\">\t\t\t<div class=\"info-box-wrapper\">\n\t\t\t\t<div id=\"wd-656f2e1abbd29\" class=\"wd-rs-656f2e1abbd29 wd-info-box wd-wpb text-left box-icon-align-left box-style- color-scheme- wd-bg-none wd-items-top with-btn box-btn-static vc_custom_1701785179801\"  >\n\t\t\t\t\t\t\t\t\t\t<div class=\"info-box-content\">\n\t\t\t\t\t\t<div class=\"info-box-subtitle subtitle-color-default wd-fontsize-xs subtitle-style-default\">AS NOSSAS LOJAS<\/div><h4 class=\"info-box-title title box-title-style-default wd-fontsize-m\">VISITE A NOSSA NOVA<br \/>\nLOJA EM GuangZhou<\/h4>\t\t\t\t\t\t<div class=\"info-box-inner set-cont-mb-s reset-last-child\">\n\t\t\t\t\t\t\t<p>&nbsp;<\/p>\n<table border=\"0\">\n<tbody>\n<tr>\n<td>Cidade de Baiyun Leather,<br \/>\nGuangzhou, GuangDong<\/p>\n<p>Correio eletr\u00f3nico:<a href=\"mailto:vogueluxuryru@gmail.com\">vogueluxuryru@gmail.com<\/a><\/td>\n<td><img loading=\"lazy\" decoding=\"async\" class=\"alignnone size-medium wp-image-27315\" src=\"http:\/\/www.vogueluxury.ru\/wp-content\/uploads\/2023\/10\/whatsapp-314x300.png\" alt=\"\" width=\"314\" height=\"300\" srcset=\"https:\/\/www.vogueluxury.ru\/wp-content\/uploads\/2023\/10\/whatsapp-314x300.png 314w, https:\/\/www.vogueluxury.ru\/wp-content\/uploads\/2023\/10\/whatsapp-838x800.png 838w, https:\/\/www.vogueluxury.ru\/wp-content\/uploads\/2023\/10\/whatsapp-768x733.png 768w, https:\/\/www.vogueluxury.ru\/wp-content\/uploads\/2023\/10\/whatsapp-860x821.png 860w, https:\/\/www.vogueluxury.ru\/wp-content\/uploads\/2023\/10\/whatsapp-430x411.png 430w, https:\/\/www.vogueluxury.ru\/wp-content\/uploads\/2023\/10\/whatsapp-700x668.png 700w, https:\/\/www.vogueluxury.ru\/wp-content\/uploads\/2023\/10\/whatsapp-150x143.png 150w, https:\/\/www.vogueluxury.ru\/wp-content\/uploads\/2023\/10\/whatsapp.png 1125w\" sizes=\"auto, (max-width: 314px) 100vw, 314px\" \/><\/td>\n<\/tr>\n<\/tbody>\n<\/table>\n<p>&nbsp;<\/p>\n\t\t\t\t\t\t<\/div>\n\n\t\t\t\t\t\t<div class=\"info-btn-wrapper\"><div id=\"wd-69fec15a4cd24\" class=\"wd-button-wrapper text-left\"><a  class=\"btn btn-color-default btn-style-link btn-style-rectangle btn-size-default\">Ver mais sobre<\/a><\/div><\/div>\t\t\t\t\t<\/div>\n\n\t\t\t\t\t\t\t\t\t<\/div>\n\t\t\t<\/div>\n\t\t\n\t\t<div id=\"wd-69fec15a4cd85\" class=\"title-wrapper wd-wpb set-mb-s reset-last-child  wd-title-color-default wd-title-style-default text-left  wd-underline-colored\">\n\t\t\t\t\t\t\t<div class=\"title-subtitle  subtitle-color-default font-default subtitle-style-default wd-font-weight- wd-fontsize-xs\">INFORMA\u00c7\u00d5ES SOBRE N\u00d3S<\/div>\n\t\t\t\n\t\t\t<div class=\"liner-continer\">\n\t\t\t\t<h4 class=\"woodmart-title-container title  wd-font-weight- wd-fontsize-l\" >CONTACTE-NOS PARA QUAISQUER QUEST\u00d5ES<\/h4>\n\t\t\t\t\t\t\t<\/div>\n\t\t\t\n\t\t\t\n\t\t\t\n\t\t<\/div>\n\t\t\n\t\t\n<div class=\"wpcf7 no-js\" id=\"wpcf7-f10711-o1\" lang=\"en-US\" dir=\"ltr\" data-wpcf7-id=\"10711\">\n<div class=\"screen-reader-response\"><p role=\"status\" aria-live=\"polite\" aria-atomic=\"true\"><\/p> <ul><\/ul><\/div>\n<form action=\"\/pt\/wp-json\/wp\/v2\/pages\/5288#wpcf7-f10711-o1\" method=\"post\" class=\"wpcf7-form init\" aria-label=\"Contact form\" novalidate=\"novalidate\" data-status=\"init\" data-trp-original-action=\"\/pt\/wp-json\/wp\/v2\/pages\/5288#wpcf7-f10711-o1\">\n<div style=\"display: none;\">\n<input type=\"hidden\" name=\"_wpcf7\" value=\"10711\" \/>\n<input type=\"hidden\" name=\"_wpcf7_version\" value=\"6.0.6\" \/>\n<input type=\"hidden\" name=\"_wpcf7_locale\" value=\"en_US\" \/>\n<input type=\"hidden\" name=\"_wpcf7_unit_tag\" value=\"wpcf7-f10711-o1\" \/>\n<input type=\"hidden\" name=\"_wpcf7_container_post\" value=\"0\" \/>\n<input type=\"hidden\" name=\"_wpcf7_posted_data_hash\" value=\"\" \/>\n<\/div>\n<p><label> O seu nome<br \/>\n<span class=\"wpcf7-form-control-wrap\" data-name=\"your-name\"><input size=\"40\" maxlength=\"400\" class=\"wpcf7-form-control wpcf7-text wpcf7-validates-as-required\" autocomplete=\"name\" aria-required=\"true\" aria-invalid=\"false\" value=\"\" type=\"text\" name=\"your-name\" \/><\/span> <\/label>\n<\/p>\n<p><label> O seu correio eletr\u00f3nico<br \/>\n<span class=\"wpcf7-form-control-wrap\" data-name=\"your-email\"><input size=\"40\" maxlength=\"400\" class=\"wpcf7-form-control wpcf7-email wpcf7-validates-as-required wpcf7-text wpcf7-validates-as-email\" autocomplete=\"email\" aria-required=\"true\" aria-invalid=\"false\" value=\"\" type=\"email\" name=\"your-email\" \/><\/span> <\/label>\n<\/p>\n<p><label> Assunto<br \/>\n<span class=\"wpcf7-form-control-wrap\" data-name=\"your-subject\"><input size=\"40\" maxlength=\"400\" class=\"wpcf7-form-control wpcf7-text wpcf7-validates-as-required\" aria-required=\"true\" aria-invalid=\"false\" value=\"\" type=\"text\" name=\"your-subject\" \/><\/span> <\/label>\n<\/p>\n<p><label> A sua mensagem (opcional)<br \/>\n<span class=\"wpcf7-form-control-wrap\" data-name=\"your-message\"><textarea cols=\"40\" rows=\"10\" maxlength=\"2000\" class=\"wpcf7-form-control wpcf7-textarea\" aria-invalid=\"false\" name=\"your-message\"><\/textarea><\/span> <\/label>\n<\/p>\n<p><input class=\"wpcf7-form-control wpcf7-submit has-spinner\" type=\"submit\" value=\"Enviar\" \/>\n<\/p><div class=\"wpcf7-response-output\" aria-hidden=\"true\"><\/div>\n<input type=\"hidden\" name=\"trp-form-language\" value=\"pt\"\/><\/form>\n<\/div>\n<\/div><\/div><\/div><\/div>\n<\/section>","protected":false},"excerpt":{"rendered":"INFORMATION QUESTIONS FREQUENTLY ASKED QUESTIONS Will I receive the same product that I see in the picture? Our pictures are","protected":false},"author":1,"featured_media":0,"parent":0,"menu_order":0,"comment_status":"closed","ping_status":"closed","template":"","meta":{"footnotes":""},"class_list":["post-5288","page","type-page","status-publish","hentry"],"yoast_head":"<!-- This site is optimized with the Yoast SEO Premium plugin v23.1 (Yoast SEO v25.3.1) - https:\/\/yoast.com\/wordpress\/plugins\/seo\/ -->\n<title>Contact us - vogueluxury<\/title>\n<meta name=\"robots\" content=\"index, follow, max-snippet:-1, max-image-preview:large, max-video-preview:-1\" \/>\n<link rel=\"canonical\" href=\"https:\/\/www.vogueluxury.ru\/pt\/contactar-nos\/\" \/>\n<meta property=\"og:locale\" content=\"pt_PT\" \/>\n<meta property=\"og:type\" content=\"article\" \/>\n<meta property=\"og:title\" content=\"Contact us\" \/>\n<meta property=\"og:url\" content=\"https:\/\/www.vogueluxury.ru\/pt\/contactar-nos\/\" \/>\n<meta property=\"og:site_name\" content=\"vogueluxury\" \/>\n<meta property=\"article:modified_time\" content=\"2023-12-05T14:06:25+00:00\" \/>\n<meta property=\"og:image\" content=\"http:\/\/www.vogueluxury.ru\/wp-content\/uploads\/2023\/10\/whatsapp-314x300.png\" \/>\n<meta name=\"twitter:card\" content=\"summary_large_image\" \/>\n<meta name=\"twitter:label1\" content=\"Tempo estimado de leitura\" \/>\n\t<meta name=\"twitter:data1\" content=\"5 minutos\" \/>\n<script type=\"application\/ld+json\" class=\"yoast-schema-graph\">{\"@context\":\"https:\/\/schema.org\",\"@graph\":[{\"@type\":\"WebPage\",\"@id\":\"https:\/\/www.vogueluxury.ru\/contact-us\/\",\"url\":\"https:\/\/www.vogueluxury.ru\/contact-us\/\",\"name\":\"Contact us - vogueluxury\",\"isPartOf\":{\"@id\":\"https:\/\/www.vogueluxury.ru\/fr\/#website\"},\"primaryImageOfPage\":{\"@id\":\"https:\/\/www.vogueluxury.ru\/contact-us\/#primaryimage\"},\"image\":{\"@id\":\"https:\/\/www.vogueluxury.ru\/contact-us\/#primaryimage\"},\"thumbnailUrl\":\"http:\/\/www.vogueluxury.ru\/wp-content\/uploads\/2023\/10\/whatsapp-314x300.png\",\"datePublished\":\"2021-08-25T09:00:10+00:00\",\"dateModified\":\"2023-12-05T14:06:25+00:00\",\"breadcrumb\":{\"@id\":\"https:\/\/www.vogueluxury.ru\/contact-us\/#breadcrumb\"},\"inLanguage\":\"pt-PT\",\"potentialAction\":[{\"@type\":\"ReadAction\",\"target\":[\"https:\/\/www.vogueluxury.ru\/contact-us\/\"]}]},{\"@type\":\"ImageObject\",\"inLanguage\":\"pt-PT\",\"@id\":\"https:\/\/www.vogueluxury.ru\/contact-us\/#primaryimage\",\"url\":\"http:\/\/www.vogueluxury.ru\/wp-content\/uploads\/2023\/10\/whatsapp-314x300.png\",\"contentUrl\":\"http:\/\/www.vogueluxury.ru\/wp-content\/uploads\/2023\/10\/whatsapp-314x300.png\"},{\"@type\":\"BreadcrumbList\",\"@id\":\"https:\/\/www.vogueluxury.ru\/contact-us\/#breadcrumb\",\"itemListElement\":[{\"@type\":\"ListItem\",\"position\":1,\"name\":\"Home\",\"item\":\"https:\/\/www.vogueluxury.ru\/\"},{\"@type\":\"ListItem\",\"position\":2,\"name\":\"Contact us\"}]},{\"@type\":\"WebSite\",\"@id\":\"https:\/\/www.vogueluxury.ru\/fr\/#website\",\"url\":\"https:\/\/www.vogueluxury.ru\/fr\/\",\"name\":\"vogueluxury\",\"description\":\"Premium Quality 1:1 Replica Handbags - Fake Luxury Bags Store\",\"potentialAction\":[{\"@type\":\"SearchAction\",\"target\":{\"@type\":\"EntryPoint\",\"urlTemplate\":\"https:\/\/www.vogueluxury.ru\/fr\/?s={search_term_string}\"},\"query-input\":{\"@type\":\"PropertyValueSpecification\",\"valueRequired\":true,\"valueName\":\"search_term_string\"}}],\"inLanguage\":\"pt-PT\"}]}<\/script>\n<!-- \/ Yoast SEO Premium plugin. -->","yoast_head_json":{"title":"Contact us - vogueluxury","robots":{"index":"index","follow":"follow","max-snippet":"max-snippet:-1","max-image-preview":"max-image-preview:large","max-video-preview":"max-video-preview:-1"},"canonical":"https:\/\/www.vogueluxury.ru\/pt\/contactar-nos\/","og_locale":"pt_PT","og_type":"article","og_title":"Contact us","og_url":"https:\/\/www.vogueluxury.ru\/pt\/contactar-nos\/","og_site_name":"vogueluxury","article_modified_time":"2023-12-05T14:06:25+00:00","og_image":[{"url":"http:\/\/www.vogueluxury.ru\/wp-content\/uploads\/2023\/10\/whatsapp-314x300.png","type":"","width":"","height":""}],"twitter_card":"summary_large_image","twitter_misc":{"Tempo estimado de leitura":"5 minutos"},"schema":{"@context":"https:\/\/schema.org","@graph":[{"@type":"WebPage","@id":"https:\/\/www.vogueluxury.ru\/contact-us\/","url":"https:\/\/www.vogueluxury.ru\/contact-us\/","name":"Contact us - vogueluxury","isPartOf":{"@id":"https:\/\/www.vogueluxury.ru\/fr\/#website"},"primaryImageOfPage":{"@id":"https:\/\/www.vogueluxury.ru\/contact-us\/#primaryimage"},"image":{"@id":"https:\/\/www.vogueluxury.ru\/contact-us\/#primaryimage"},"thumbnailUrl":"http:\/\/www.vogueluxury.ru\/wp-content\/uploads\/2023\/10\/whatsapp-314x300.png","datePublished":"2021-08-25T09:00:10+00:00","dateModified":"2023-12-05T14:06:25+00:00","breadcrumb":{"@id":"https:\/\/www.vogueluxury.ru\/contact-us\/#breadcrumb"},"inLanguage":"pt-PT","potentialAction":[{"@type":"ReadAction","target":["https:\/\/www.vogueluxury.ru\/contact-us\/"]}]},{"@type":"ImageObject","inLanguage":"pt-PT","@id":"https:\/\/www.vogueluxury.ru\/contact-us\/#primaryimage","url":"http:\/\/www.vogueluxury.ru\/wp-content\/uploads\/2023\/10\/whatsapp-314x300.png","contentUrl":"http:\/\/www.vogueluxury.ru\/wp-content\/uploads\/2023\/10\/whatsapp-314x300.png"},{"@type":"BreadcrumbList","@id":"https:\/\/www.vogueluxury.ru\/contact-us\/#breadcrumb","itemListElement":[{"@type":"ListItem","position":1,"name":"Home","item":"https:\/\/www.vogueluxury.ru\/"},{"@type":"ListItem","position":2,"name":"Contact us"}]},{"@type":"WebSite","@id":"https:\/\/www.vogueluxury.ru\/fr\/#website","url":"https:\/\/www.vogueluxury.ru\/fr\/","name":"vogueluxury","description":"Premium Quality 1:1 Replica Handbags - Fake Luxury Bags Store","potentialAction":[{"@type":"SearchAction","target":{"@type":"EntryPoint","urlTemplate":"https:\/\/www.vogueluxury.ru\/fr\/?s={search_term_string}"},"query-input":{"@type":"PropertyValueSpecification","valueRequired":true,"valueName":"search_term_string"}}],"inLanguage":"pt-PT"}]}},"_links":{"self":[{"href":"https:\/\/www.vogueluxury.ru\/pt\/wp-json\/wp\/v2\/pages\/5288","targetHints":{"allow":["GET"]}}],"collection":[{"href":"https:\/\/www.vogueluxury.ru\/pt\/wp-json\/wp\/v2\/pages"}],"about":[{"href":"https:\/\/www.vogueluxury.ru\/pt\/wp-json\/wp\/v2\/types\/page"}],"author":[{"embeddable":true,"href":"https:\/\/www.vogueluxury.ru\/pt\/wp-json\/wp\/v2\/users\/1"}],"replies":[{"embeddable":true,"href":"https:\/\/www.vogueluxury.ru\/pt\/wp-json\/wp\/v2\/comments?post=5288"}],"version-history":[{"count":0,"href":"https:\/\/www.vogueluxury.ru\/pt\/wp-json\/wp\/v2\/pages\/5288\/revisions"}],"wp:attachment":[{"href":"https:\/\/www.vogueluxury.ru\/pt\/wp-json\/wp\/v2\/media?parent=5288"}],"curies":[{"name":"wp","href":"https:\/\/api.w.org\/{rel}","templated":true}]}}